{"id":1632,"date":"2018-08-16T08:08:32","date_gmt":"2018-08-16T08:08:32","guid":{"rendered":"http:\/\/themes.themegoods.com\/architecturer\/demo\/?page_id=1632"},"modified":"2018-08-16T08:08:32","modified_gmt":"2018-08-16T08:08:32","slug":"vertical-parallax-slider","status":"publish","type":"page","link":"http:\/\/bensdesign.ma\/new2\/vertical-parallax-slider\/","title":{"rendered":"Vertical Parallax Slider"},"content":{"rendered":"\t\t<div data-elementor-type=\"wp-post\" data-elementor-id=\"1632\" class=\"elementor elementor-1632 elementor-bc-flex-widget\">\n\t\t\t\t\t\t\t\t\t<section class=\"elementor-section elementor-top-section elementor-element elementor-element-e43af93 elementor-section-height-full elementor-section-boxed elementor-section-height-default elementor-section-items-middle\" data-id=\"e43af93\" data-element_type=\"section\" data-settings=\"{&quot;architecturer_ext_is_background_parallax&quot;:&quot;false&quot;,&quot;architecturer_ext_is_background_on_scroll&quot;:&quot;false&quot;}\">\n\t\t\t\t\t\t<div class=\"elementor-container elementor-column-gap-default\">\n\t\t\t\t\t<div class=\"elementor-column elementor-col-100 elementor-top-column elementor-element elementor-element-7157b61\" data-id=\"7157b61\" data-element_type=\"column\" data-settings=\"{&quot;architecturer_ext_is_mobile_menu&quot;:&quot;false&quot;,&quot;architecturer_ext_is_scrollme&quot;:&quot;false&quot;,&quot;architecturer_ext_is_smoove&quot;:&quot;false&quot;,&quot;architecturer_ext_is_parallax_mouse&quot;:&quot;false&quot;,&quot;architecturer_ext_is_infinite&quot;:&quot;false&quot;,&quot;architecturer_ext_is_fadeout_animation&quot;:&quot;false&quot;}\">\n\t\t\t<div class=\"elementor-widget-wrap elementor-element-populated\">\n\t\t\t\t\t\t\t\t<div class=\"elementor-element elementor-element-f9fce8d elementor-widget elementor-widget-photographer-slider-vertical-parallax\" data-id=\"f9fce8d\" data-element_type=\"widget\" data-settings=\"{&quot;architecturer_ext_is_mobile_menu&quot;:&quot;false&quot;,&quot;architecturer_ext_is_scrollme&quot;:&quot;false&quot;,&quot;architecturer_ext_is_smoove&quot;:&quot;false&quot;,&quot;architecturer_ext_is_parallax_mouse&quot;:&quot;false&quot;,&quot;architecturer_ext_is_infinite&quot;:&quot;false&quot;,&quot;architecturer_ext_is_fadeout_animation&quot;:&quot;false&quot;}\" data-widget_type=\"photographer-slider-vertical-parallax.default\">\n\t\t\t\t<div class=\"elementor-widget-container\">\n\t\t\t<div class=\"tg_parallax_slide_container\">\n\t\t<section class=\"tg_parallax_slide_background\" style=\"background-image:url(http:\/\/themes.themegoods.com\/architecturer\/demo\/wp-content\/uploads\/2018\/08\/pixasquare-622732-unsplash.jpg);z-index:3;\">\n\t\t\t\t\t\t<a class=\"tg_parallax_slide_link\" href=\"http:\/\/themes.themegoods.com\/architecturer\/demo\/single-portfolio-5\/\" ><\/a>\n\t\t\t\t\t\t<div class=\"tg_parallax_slide_content_wrapper\">\n\t\t\t\t\t\t     \t\t<div class=\"tg_parallax_slide_content_title\"><h2>Blocks House<\/h2><\/div>\n\t\t     \t\t\t\t\t\t<div class=\"tg_parallax_slide_content_subtitle\">Architecture is a dangerous mix of power and importance<\/div>\n\t\t\t\t\t\t    <\/div>\n\t\t<\/section>\n\t\t<section class=\"tg_parallax_slide_background\" style=\"background-image:url(http:\/\/themes.themegoods.com\/architecturer\/demo\/wp-content\/uploads\/2018\/08\/d79a08f0c0f0e26dc960695470824495.jpg);z-index:2;\">\n\t\t\t\t\t\t<a class=\"tg_parallax_slide_link\" href=\"http:\/\/themes.themegoods.com\/architecturer\/demo\/single-portfolio-4\/\" ><\/a>\n\t\t\t\t\t\t<div class=\"tg_parallax_slide_content_wrapper\">\n\t\t\t\t\t\t     \t\t<div class=\"tg_parallax_slide_content_title\"><h2>Modern House<\/h2><\/div>\n\t\t     \t\t\t\t\t\t<div class=\"tg_parallax_slide_content_subtitle\">The life of a designer is one of fight: fight against the ugliness<\/div>\n\t\t\t\t\t\t    <\/div>\n\t\t<\/section>\n\t\t<section class=\"tg_parallax_slide_background\" style=\"background-image:url(http:\/\/themes.themegoods.com\/architecturer\/demo\/wp-content\/uploads\/2018\/08\/walled-tsingpu-yangzhou-retreat-neri-hu-hotel-china-architecture_dezeen_sq1-2.jpg);z-index:1;\">\n\t\t\t\t\t\t<a class=\"tg_parallax_slide_link\" href=\"http:\/\/themes.themegoods.com\/architecturer\/demo\/single-portfolio-5\/\" ><\/a>\n\t\t\t\t\t\t<div class=\"tg_parallax_slide_content_wrapper\">\n\t\t\t\t\t\t     \t\t<div class=\"tg_parallax_slide_content_title\"><h2>Rustic Steel House<\/h2><\/div>\n\t\t     \t\t\t\t\t\t<div class=\"tg_parallax_slide_content_subtitle\">The life of a designer is one of fight: fight against the ugliness<\/div>\n\t\t\t\t\t\t    <\/div>\n\t\t<\/section>\n<\/div>\n<div class=\"icon-scroll\"><\/div>\n\t\t<\/div>\n\t\t\t\t<\/div>\n\t\t\t\t\t<\/div>\n\t\t<\/div>\n\t\t\t\t\t\t\t<\/div>\n\t\t<\/section>\n\t\t\t\t\t\t\t<\/div>\n\t\t","protected":false},"excerpt":{"rendered":"<p>Blocks House Architecture is a dangerous mix of power and importance Modern House The life of a designer is one of fight: fight against the ugliness Rustic Steel House The life of a designer is one of fight: fight against [&hellip;]<\/p>\n","protected":false},"author":1,"featured_media":0,"parent":0,"menu_order":0,"comment_status":"closed","ping_status":"closed","template":"","meta":{"footnotes":""},"class_list":["post-1632","page","type-page","status-publish","hentry"],"yoast_head":"<!-- This site is optimized with the Yoast SEO plugin v22.5 - https:\/\/yoast.com\/wordpress\/plugins\/seo\/ -->\n<title>Vertical Parallax Slider - Bens Design<\/title>\n<meta name=\"robots\" content=\"index, follow, max-snippet:-1, max-image-preview:large, max-video-preview:-1\" \/>\n<link rel=\"canonical\" href=\"http:\/\/bensdesign.ma\/new2\/vertical-parallax-slider\/\" \/>\n<meta property=\"og:locale\" content=\"fr_FR\" \/>\n<meta property=\"og:type\" content=\"article\" \/>\n<meta property=\"og:title\" content=\"Vertical Parallax Slider - Bens Design\" \/>\n<meta property=\"og:description\" content=\"Blocks House Architecture is a dangerous mix of power and importance Modern House The life of a designer is one of fight: fight against the ugliness Rustic Steel House The life of a designer is one of fight: fight against [&hellip;]\" \/>\n<meta property=\"og:url\" content=\"http:\/\/bensdesign.ma\/new2\/vertical-parallax-slider\/\" \/>\n<meta property=\"og:site_name\" content=\"Bens Design\" \/>\n<meta name=\"twitter:card\" content=\"summary_large_image\" \/>\n<script type=\"application\/ld+json\" class=\"yoast-schema-graph\">{\"@context\":\"https:\/\/schema.org\",\"@graph\":[{\"@type\":\"WebPage\",\"@id\":\"http:\/\/bensdesign.ma\/new2\/vertical-parallax-slider\/\",\"url\":\"http:\/\/bensdesign.ma\/new2\/vertical-parallax-slider\/\",\"name\":\"Vertical Parallax Slider - Bens Design\",\"isPartOf\":{\"@id\":\"http:\/\/bensdesign.ma\/new2\/#website\"},\"datePublished\":\"2018-08-16T08:08:32+00:00\",\"dateModified\":\"2018-08-16T08:08:32+00:00\",\"breadcrumb\":{\"@id\":\"http:\/\/bensdesign.ma\/new2\/vertical-parallax-slider\/#breadcrumb\"},\"inLanguage\":\"fr-FR\",\"potentialAction\":[{\"@type\":\"ReadAction\",\"target\":[\"http:\/\/bensdesign.ma\/new2\/vertical-parallax-slider\/\"]}]},{\"@type\":\"BreadcrumbList\",\"@id\":\"http:\/\/bensdesign.ma\/new2\/vertical-parallax-slider\/#breadcrumb\",\"itemListElement\":[{\"@type\":\"ListItem\",\"position\":1,\"name\":\"Accueil\",\"item\":\"http:\/\/bensdesign.ma\/new2\/\"},{\"@type\":\"ListItem\",\"position\":2,\"name\":\"Vertical Parallax Slider\"}]},{\"@type\":\"WebSite\",\"@id\":\"http:\/\/bensdesign.ma\/new2\/#website\",\"url\":\"http:\/\/bensdesign.ma\/new2\/\",\"name\":\"Bens Design\",\"description\":\"Architecte d&#039;int\u00e9rieur | D\u00e9corateur d&#039;int\u00e9rieur | D\u00e9corateur\",\"publisher\":{\"@id\":\"http:\/\/bensdesign.ma\/new2\/#organization\"},\"potentialAction\":[{\"@type\":\"SearchAction\",\"target\":{\"@type\":\"EntryPoint\",\"urlTemplate\":\"http:\/\/bensdesign.ma\/new2\/?s={search_term_string}\"},\"query-input\":\"required name=search_term_string\"}],\"inLanguage\":\"fr-FR\"},{\"@type\":\"Organization\",\"@id\":\"http:\/\/bensdesign.ma\/new2\/#organization\",\"name\":\"Bens Design\",\"url\":\"http:\/\/bensdesign.ma\/new2\/\",\"logo\":{\"@type\":\"ImageObject\",\"inLanguage\":\"fr-FR\",\"@id\":\"http:\/\/bensdesign.ma\/new2\/#\/schema\/logo\/image\/\",\"url\":\"https:\/\/bensdesign.ma\/new2\/wp-content\/uploads\/2024\/01\/Sans-titre-1.png\",\"contentUrl\":\"https:\/\/bensdesign.ma\/new2\/wp-content\/uploads\/2024\/01\/Sans-titre-1.png\",\"width\":721,\"height\":155,\"caption\":\"Bens Design\"},\"image\":{\"@id\":\"http:\/\/bensdesign.ma\/new2\/#\/schema\/logo\/image\/\"}}]}<\/script>\n<!-- \/ Yoast SEO plugin. -->","yoast_head_json":{"title":"Vertical Parallax Slider - Bens Design","robots":{"index":"index","follow":"follow","max-snippet":"max-snippet:-1","max-image-preview":"max-image-preview:large","max-video-preview":"max-video-preview:-1"},"canonical":"http:\/\/bensdesign.ma\/new2\/vertical-parallax-slider\/","og_locale":"fr_FR","og_type":"article","og_title":"Vertical Parallax Slider - Bens Design","og_description":"Blocks House Architecture is a dangerous mix of power and importance Modern House The life of a designer is one of fight: fight against the ugliness Rustic Steel House The life of a designer is one of fight: fight against [&hellip;]","og_url":"http:\/\/bensdesign.ma\/new2\/vertical-parallax-slider\/","og_site_name":"Bens Design","twitter_card":"summary_large_image","schema":{"@context":"https:\/\/schema.org","@graph":[{"@type":"WebPage","@id":"http:\/\/bensdesign.ma\/new2\/vertical-parallax-slider\/","url":"http:\/\/bensdesign.ma\/new2\/vertical-parallax-slider\/","name":"Vertical Parallax Slider - Bens Design","isPartOf":{"@id":"http:\/\/bensdesign.ma\/new2\/#website"},"datePublished":"2018-08-16T08:08:32+00:00","dateModified":"2018-08-16T08:08:32+00:00","breadcrumb":{"@id":"http:\/\/bensdesign.ma\/new2\/vertical-parallax-slider\/#breadcrumb"},"inLanguage":"fr-FR","potentialAction":[{"@type":"ReadAction","target":["http:\/\/bensdesign.ma\/new2\/vertical-parallax-slider\/"]}]},{"@type":"BreadcrumbList","@id":"http:\/\/bensdesign.ma\/new2\/vertical-parallax-slider\/#breadcrumb","itemListElement":[{"@type":"ListItem","position":1,"name":"Accueil","item":"http:\/\/bensdesign.ma\/new2\/"},{"@type":"ListItem","position":2,"name":"Vertical Parallax Slider"}]},{"@type":"WebSite","@id":"http:\/\/bensdesign.ma\/new2\/#website","url":"http:\/\/bensdesign.ma\/new2\/","name":"Bens Design","description":"Architecte d&#039;int\u00e9rieur | D\u00e9corateur d&#039;int\u00e9rieur | D\u00e9corateur","publisher":{"@id":"http:\/\/bensdesign.ma\/new2\/#organization"},"potentialAction":[{"@type":"SearchAction","target":{"@type":"EntryPoint","urlTemplate":"http:\/\/bensdesign.ma\/new2\/?s={search_term_string}"},"query-input":"required name=search_term_string"}],"inLanguage":"fr-FR"},{"@type":"Organization","@id":"http:\/\/bensdesign.ma\/new2\/#organization","name":"Bens Design","url":"http:\/\/bensdesign.ma\/new2\/","logo":{"@type":"ImageObject","inLanguage":"fr-FR","@id":"http:\/\/bensdesign.ma\/new2\/#\/schema\/logo\/image\/","url":"https:\/\/bensdesign.ma\/new2\/wp-content\/uploads\/2024\/01\/Sans-titre-1.png","contentUrl":"https:\/\/bensdesign.ma\/new2\/wp-content\/uploads\/2024\/01\/Sans-titre-1.png","width":721,"height":155,"caption":"Bens Design"},"image":{"@id":"http:\/\/bensdesign.ma\/new2\/#\/schema\/logo\/image\/"}}]}},"_links":{"self":[{"href":"http:\/\/bensdesign.ma\/new2\/wp-json\/wp\/v2\/pages\/1632","targetHints":{"allow":["GET"]}}],"collection":[{"href":"http:\/\/bensdesign.ma\/new2\/wp-json\/wp\/v2\/pages"}],"about":[{"href":"http:\/\/bensdesign.ma\/new2\/wp-json\/wp\/v2\/types\/page"}],"author":[{"embeddable":true,"href":"http:\/\/bensdesign.ma\/new2\/wp-json\/wp\/v2\/users\/1"}],"replies":[{"embeddable":true,"href":"http:\/\/bensdesign.ma\/new2\/wp-json\/wp\/v2\/comments?post=1632"}],"version-history":[{"count":0,"href":"http:\/\/bensdesign.ma\/new2\/wp-json\/wp\/v2\/pages\/1632\/revisions"}],"wp:attachment":[{"href":"http:\/\/bensdesign.ma\/new2\/wp-json\/wp\/v2\/media?parent=1632"}],"curies":[{"name":"wp","href":"https:\/\/api.w.org\/{rel}","templated":true}]}}