{"id":1394,"date":"2018-08-08T08:56:35","date_gmt":"2018-08-08T08:56:35","guid":{"rendered":"http:\/\/themes.themegoods.com\/architecturer\/demo\/?page_id=1394"},"modified":"2018-08-08T08:56:35","modified_gmt":"2018-08-08T08:56:35","slug":"portfolio-classic","status":"publish","type":"page","link":"https:\/\/bensdesign.ma\/new2\/portfolio-classic\/","title":{"rendered":"Portfolio Classic"},"content":{"rendered":"\t\t<div data-elementor-type=\"wp-post\" data-elementor-id=\"1394\" class=\"elementor elementor-1394 elementor-bc-flex-widget\">\n\t\t\t\t\t\t\t\t\t<section class=\"elementor-section elementor-top-section elementor-element elementor-element-39f0944 elementor-section-boxed elementor-section-height-default elementor-section-height-default\" data-id=\"39f0944\" data-element_type=\"section\" data-settings=\"{&quot;architecturer_ext_is_background_parallax&quot;:&quot;false&quot;,&quot;architecturer_ext_is_background_on_scroll&quot;:&quot;false&quot;}\">\n\t\t\t\t\t\t<div class=\"elementor-container elementor-column-gap-no\">\n\t\t\t\t\t<div class=\"elementor-column elementor-col-50 elementor-top-column elementor-element elementor-element-c892137\" data-id=\"c892137\" data-element_type=\"column\" data-settings=\"{&quot;architecturer_ext_is_mobile_menu&quot;:&quot;false&quot;,&quot;architecturer_ext_is_scrollme&quot;:&quot;false&quot;,&quot;architecturer_ext_is_smoove&quot;:&quot;false&quot;,&quot;architecturer_ext_is_parallax_mouse&quot;:&quot;false&quot;,&quot;architecturer_ext_is_infinite&quot;:&quot;false&quot;,&quot;architecturer_ext_is_fadeout_animation&quot;:&quot;false&quot;}\">\n\t\t\t<div class=\"elementor-widget-wrap elementor-element-populated\">\n\t\t\t\t\t\t\t\t<div class=\"elementor-element elementor-element-cb6c3b9 animated-fast elementor-invisible elementor-widget elementor-widget-text-editor\" data-id=\"cb6c3b9\" data-element_type=\"widget\" data-settings=\"{&quot;_animation&quot;:&quot;fadeInUp&quot;,&quot;architecturer_ext_is_mobile_menu&quot;:&quot;false&quot;,&quot;architecturer_ext_is_scrollme&quot;:&quot;false&quot;,&quot;architecturer_ext_is_smoove&quot;:&quot;false&quot;,&quot;architecturer_ext_is_parallax_mouse&quot;:&quot;false&quot;,&quot;architecturer_ext_is_infinite&quot;:&quot;false&quot;,&quot;architecturer_ext_is_fadeout_animation&quot;:&quot;false&quot;}\" data-widget_type=\"text-editor.default\">\n\t\t\t\t<div class=\"elementor-widget-container\">\n\t\t\t<style>\/*! elementor - v3.13.2 - 11-05-2023 *\/\n.elementor-widget-text-editor.elementor-drop-cap-view-stacked .elementor-drop-cap{background-color:#69727d;color:#fff}.elementor-widget-text-editor.elementor-drop-cap-view-framed .elementor-drop-cap{color:#69727d;border:3px solid;background-color:transparent}.elementor-widget-text-editor:not(.elementor-drop-cap-view-default) .elementor-drop-cap{margin-top:8px}.elementor-widget-text-editor:not(.elementor-drop-cap-view-default) .elementor-drop-cap-letter{width:1em;height:1em}.elementor-widget-text-editor .elementor-drop-cap{float:left;text-align:center;line-height:1;font-size:50px}.elementor-widget-text-editor .elementor-drop-cap-letter{display:inline-block}<\/style>\t\t\t\t<p>Our Portfolio<\/p>\t\t\t\t\t\t<\/div>\n\t\t\t\t<\/div>\n\t\t\t\t<div class=\"elementor-element elementor-element-fd2657e animated-fast elementor-invisible elementor-widget elementor-widget-heading\" data-id=\"fd2657e\" data-element_type=\"widget\" data-settings=\"{&quot;_animation&quot;:&quot;fadeInUp&quot;,&quot;_animation_delay&quot;:200,&quot;architecturer_ext_is_mobile_menu&quot;:&quot;false&quot;,&quot;architecturer_ext_is_scrollme&quot;:&quot;false&quot;,&quot;architecturer_ext_is_smoove&quot;:&quot;false&quot;,&quot;architecturer_ext_is_parallax_mouse&quot;:&quot;false&quot;,&quot;architecturer_ext_is_infinite&quot;:&quot;false&quot;,&quot;architecturer_ext_is_fadeout_animation&quot;:&quot;false&quot;}\" data-widget_type=\"heading.default\">\n\t\t\t\t<div class=\"elementor-widget-container\">\n\t\t\t<style>\/*! elementor - v3.13.2 - 11-05-2023 *\/\n.elementor-heading-title{padding:0;margin:0;line-height:1}.elementor-widget-heading .elementor-heading-title[class*=elementor-size-]>a{color:inherit;font-size:inherit;line-height:inherit}.elementor-widget-heading .elementor-heading-title.elementor-size-small{font-size:15px}.elementor-widget-heading .elementor-heading-title.elementor-size-medium{font-size:19px}.elementor-widget-heading .elementor-heading-title.elementor-size-large{font-size:29px}.elementor-widget-heading .elementor-heading-title.elementor-size-xl{font-size:39px}.elementor-widget-heading .elementor-heading-title.elementor-size-xxl{font-size:59px}<\/style><h1 class=\"elementor-heading-title elementor-size-default\">Our projects are examples of attitudes rather than designs.<\/h1>\t\t<\/div>\n\t\t\t\t<\/div>\n\t\t\t\t<div class=\"elementor-element elementor-element-4ce9557 animated-fast elementor-invisible elementor-widget elementor-widget-text-editor\" data-id=\"4ce9557\" data-element_type=\"widget\" data-settings=\"{&quot;_animation&quot;:&quot;fadeInUp&quot;,&quot;_animation_delay&quot;:400,&quot;architecturer_ext_is_mobile_menu&quot;:&quot;false&quot;,&quot;architecturer_ext_is_scrollme&quot;:&quot;false&quot;,&quot;architecturer_ext_is_smoove&quot;:&quot;false&quot;,&quot;architecturer_ext_is_parallax_mouse&quot;:&quot;false&quot;,&quot;architecturer_ext_is_infinite&quot;:&quot;false&quot;,&quot;architecturer_ext_is_fadeout_animation&quot;:&quot;false&quot;}\" data-widget_type=\"text-editor.default\">\n\t\t\t\t<div class=\"elementor-widget-container\">\n\t\t\t\t\t\t\t<p><span style=\"font-size: 16px;\">Craft beer elit seitan exercitation, photo booth et 8-bit kale chips proident chillwave deep v laborum.\u00a0Aliquip veniam delectus, Marfa eiusmod Pinterest\u00a0in do umami readymade swag.\u00a0Selfies iPhone Kickstarter, drinking vinegar jean vinegar stumptown\u00a0yr pop-up artisan.<\/span><\/p>\t\t\t\t\t\t<\/div>\n\t\t\t\t<\/div>\n\t\t\t\t\t<\/div>\n\t\t<\/div>\n\t\t\t\t<div class=\"elementor-column elementor-col-50 elementor-top-column elementor-element elementor-element-0b3b1e5\" data-id=\"0b3b1e5\" data-element_type=\"column\" data-settings=\"{&quot;architecturer_ext_is_mobile_menu&quot;:&quot;false&quot;,&quot;architecturer_ext_is_scrollme&quot;:&quot;false&quot;,&quot;architecturer_ext_is_smoove&quot;:&quot;false&quot;,&quot;architecturer_ext_is_parallax_mouse&quot;:&quot;false&quot;,&quot;architecturer_ext_is_infinite&quot;:&quot;false&quot;,&quot;architecturer_ext_is_fadeout_animation&quot;:&quot;false&quot;}\">\n\t\t\t<div class=\"elementor-widget-wrap\">\n\t\t\t\t\t\t\t\t\t<\/div>\n\t\t<\/div>\n\t\t\t\t\t\t\t<\/div>\n\t\t<\/section>\n\t\t\t\t<section class=\"elementor-section elementor-top-section elementor-element elementor-element-0a91dc5 animated-fast elementor-section-boxed elementor-section-height-default elementor-section-height-default elementor-invisible\" data-id=\"0a91dc5\" data-element_type=\"section\" data-settings=\"{&quot;animation&quot;:&quot;fadeIn&quot;,&quot;architecturer_ext_is_background_parallax&quot;:&quot;false&quot;,&quot;architecturer_ext_is_background_on_scroll&quot;:&quot;false&quot;}\">\n\t\t\t\t\t\t<div class=\"elementor-container elementor-column-gap-no\">\n\t\t\t\t\t<div class=\"elementor-column elementor-col-100 elementor-top-column elementor-element elementor-element-637dfeb\" data-id=\"637dfeb\" data-element_type=\"column\" data-settings=\"{&quot;architecturer_ext_is_mobile_menu&quot;:&quot;false&quot;,&quot;architecturer_ext_is_scrollme&quot;:&quot;false&quot;,&quot;architecturer_ext_is_smoove&quot;:&quot;false&quot;,&quot;architecturer_ext_is_parallax_mouse&quot;:&quot;false&quot;,&quot;architecturer_ext_is_infinite&quot;:&quot;false&quot;,&quot;architecturer_ext_is_fadeout_animation&quot;:&quot;false&quot;}\">\n\t\t\t<div class=\"elementor-widget-wrap elementor-element-populated\">\n\t\t\t\t\t\t\t\t<div class=\"elementor-element elementor-element-9c990c9 animated-fast elementor-invisible elementor-widget elementor-widget-architecturer-portfolio-classic\" data-id=\"9c990c9\" data-element_type=\"widget\" data-settings=\"{&quot;_animation&quot;:&quot;fadeIn&quot;,&quot;_animation_delay&quot;:600,&quot;architecturer_ext_is_mobile_menu&quot;:&quot;false&quot;,&quot;architecturer_ext_is_scrollme&quot;:&quot;false&quot;,&quot;architecturer_ext_is_smoove&quot;:&quot;false&quot;,&quot;architecturer_ext_is_parallax_mouse&quot;:&quot;false&quot;,&quot;architecturer_ext_is_infinite&quot;:&quot;false&quot;,&quot;architecturer_ext_is_fadeout_animation&quot;:&quot;false&quot;}\" data-widget_type=\"architecturer-portfolio-classic.default\">\n\t\t\t\t<div class=\"elementor-widget-container\">\n\t\t\t<div class=\"portfolio_classic_container\">\n<div class=\"portfolio_classic_content_wrapper portfolio_classic layout_tg_two_cols \" data-cols=\"2\">\n\t\t<div class=\"portfolio_classic_grid_wrapper tg_two_cols   portfolio-1 tile scale-anm architecture all no_filter\" >\n\t\t\t<div class=\"portfolio_classic_img\">\n\t\t\t\t<img decoding=\"async\" src=\"https:\/\/bensdesign.ma\/new2\/wp-content\/uploads\/2018\/08\/lycs-lycs-744227-unsplash-700x466.jpg\" alt=\"\" \/>\n\t\t\t\n\t\t\t\t<div>\t\t\n\t\t\t\t\t<span class=\"ti-arrow-right\"><\/span>\n\t\t\t\t\t<div class=\"curl\"><\/div>\n\t\t\t\t\t<a rel=\"noopener noreferrer\" href=\"http:\/\/themes.themegoods.com\/architecturer\/demo\/single-portfolio-6\/\"  ><\/a>\n\t\t\t\t<\/div>\n\t\t\t<\/div>\n\t\t\t<br class=\"clear\"\/>\n\t\t\t<div class=\"portfolio_classic_content\">\n\t\t\t\t<h3 class=\"portfolio_classic_title\"><a rel=\"noopener noreferrer\" href=\"http:\/\/themes.themegoods.com\/architecturer\/demo\/single-portfolio-6\/\"  >Xiami Office Building<\/a><\/h3>\n\t\t\t\t<div class=\"portfolio_classic_subtitle\">July 2018<\/div>\n\t\t\t<\/div>\n\t\t<\/div>\n\t\t<div class=\"portfolio_classic_grid_wrapper tg_two_cols last  portfolio-2 tile scale-anm interior all no_filter\" >\n\t\t\t<div class=\"portfolio_classic_img\">\n\t\t\t\t<img decoding=\"async\" src=\"https:\/\/bensdesign.ma\/new2\/wp-content\/uploads\/2018\/08\/harprit-bola-239056-unsplash-700x466.jpg\" alt=\"\" \/>\n\t\t\t\n\t\t\t\t<div>\t\t\n\t\t\t\t\t<span class=\"ti-arrow-right\"><\/span>\n\t\t\t\t\t<div class=\"curl\"><\/div>\n\t\t\t\t\t<a rel=\"noopener noreferrer\" href=\"http:\/\/themes.themegoods.com\/architecturer\/demo\/single-portfolio-5\/\"  ><\/a>\n\t\t\t\t<\/div>\n\t\t\t<\/div>\n\t\t\t<br class=\"clear\"\/>\n\t\t\t<div class=\"portfolio_classic_content\">\n\t\t\t\t<h3 class=\"portfolio_classic_title\"><a rel=\"noopener noreferrer\" href=\"http:\/\/themes.themegoods.com\/architecturer\/demo\/single-portfolio-5\/\"  >Contemporary Modern House<\/a><\/h3>\n\t\t\t\t<div class=\"portfolio_classic_subtitle\">May 2018<\/div>\n\t\t\t<\/div>\n\t\t<\/div>\n\t\t<div class=\"portfolio_classic_grid_wrapper tg_two_cols   portfolio-1 tile scale-anm architecture all no_filter\" >\n\t\t\t<div class=\"portfolio_classic_img\">\n\t\t\t\t<img decoding=\"async\" src=\"https:\/\/bensdesign.ma\/new2\/wp-content\/uploads\/2018\/08\/xModern-Eco-friendly-House-2.jpg.pagespeed.ic_.el4ZtL7FI9-700x466.jpg\" alt=\"\" \/>\n\t\t\t\n\t\t\t\t<div>\t\t\n\t\t\t\t\t<span class=\"ti-arrow-right\"><\/span>\n\t\t\t\t\t<div class=\"curl\"><\/div>\n\t\t\t\t\t<a rel=\"noopener noreferrer\" href=\"http:\/\/themes.themegoods.com\/architecturer\/demo\/single-portfolio-4\/\"  ><\/a>\n\t\t\t\t<\/div>\n\t\t\t<\/div>\n\t\t\t<br class=\"clear\"\/>\n\t\t\t<div class=\"portfolio_classic_content\">\n\t\t\t\t<h3 class=\"portfolio_classic_title\"><a rel=\"noopener noreferrer\" href=\"http:\/\/themes.themegoods.com\/architecturer\/demo\/single-portfolio-4\/\"  >Elegant Brick House<\/a><\/h3>\n\t\t\t\t<div class=\"portfolio_classic_subtitle\">May 2018<\/div>\n\t\t\t<\/div>\n\t\t<\/div>\n\t\t<div class=\"portfolio_classic_grid_wrapper tg_two_cols last  portfolio-2 tile scale-anm landscape all no_filter\" >\n\t\t\t<div class=\"portfolio_classic_img\">\n\t\t\t\t<img decoding=\"async\" src=\"https:\/\/bensdesign.ma\/new2\/wp-content\/uploads\/2018\/08\/camila-ferrari-190965-unsplash-700x466.jpg\" alt=\"\" \/>\n\t\t\t\n\t\t\t\t<div>\t\t\n\t\t\t\t\t<span class=\"ti-arrow-right\"><\/span>\n\t\t\t\t\t<div class=\"curl\"><\/div>\n\t\t\t\t\t<a rel=\"noopener noreferrer\" href=\"http:\/\/themes.themegoods.com\/architecturer\/demo\/single-portfolio-3\/\"  ><\/a>\n\t\t\t\t<\/div>\n\t\t\t<\/div>\n\t\t\t<br class=\"clear\"\/>\n\t\t\t<div class=\"portfolio_classic_content\">\n\t\t\t\t<h3 class=\"portfolio_classic_title\"><a rel=\"noopener noreferrer\" href=\"http:\/\/themes.themegoods.com\/architecturer\/demo\/single-portfolio-3\/\"  >Cultural Center<\/a><\/h3>\n\t\t\t\t<div class=\"portfolio_classic_subtitle\">May 2018<\/div>\n\t\t\t<\/div>\n\t\t<\/div>\n\t\t<div class=\"portfolio_classic_grid_wrapper tg_two_cols   portfolio-1 tile scale-anm interior all no_filter\" >\n\t\t\t<div class=\"portfolio_classic_img\">\n\t\t\t\t<img decoding=\"async\" src=\"https:\/\/bensdesign.ma\/new2\/wp-content\/uploads\/2018\/08\/Mid-Century-Modern-10.-Matt-Gibson-700x466.jpg\" alt=\"\" \/>\n\t\t\t\n\t\t\t\t<div>\t\t\n\t\t\t\t\t<span class=\"ti-arrow-right\"><\/span>\n\t\t\t\t\t<div class=\"curl\"><\/div>\n\t\t\t\t\t<a rel=\"noopener noreferrer\" href=\"http:\/\/themes.themegoods.com\/architecturer\/demo\/single-portfolio-6\/\"  ><\/a>\n\t\t\t\t<\/div>\n\t\t\t<\/div>\n\t\t\t<br class=\"clear\"\/>\n\t\t\t<div class=\"portfolio_classic_content\">\n\t\t\t\t<h3 class=\"portfolio_classic_title\"><a rel=\"noopener noreferrer\" href=\"http:\/\/themes.themegoods.com\/architecturer\/demo\/single-portfolio-6\/\"  >Modern Minimalist House<\/a><\/h3>\n\t\t\t\t<div class=\"portfolio_classic_subtitle\">June 2017<\/div>\n\t\t\t<\/div>\n\t\t<\/div>\n\t\t<div class=\"portfolio_classic_grid_wrapper tg_two_cols last  portfolio-2 tile scale-anm architecture all no_filter\" >\n\t\t\t<div class=\"portfolio_classic_img\">\n\t\t\t\t<img decoding=\"async\" src=\"https:\/\/bensdesign.ma\/new2\/wp-content\/uploads\/2018\/08\/minecraft-wood-and-stone-house-exterior-home-design-houzz-best-architecture-house-excerpt-nice-of-minecraft-wood-and-stone-house-700x466.jpg\" alt=\"\" \/>\n\t\t\t\n\t\t\t\t<div>\t\t\n\t\t\t\t\t<span class=\"ti-arrow-right\"><\/span>\n\t\t\t\t\t<div class=\"curl\"><\/div>\n\t\t\t\t\t<a rel=\"noopener noreferrer\" href=\"http:\/\/themes.themegoods.com\/architecturer\/demo\/single-portfolio-5\/\"  ><\/a>\n\t\t\t\t<\/div>\n\t\t\t<\/div>\n\t\t\t<br class=\"clear\"\/>\n\t\t\t<div class=\"portfolio_classic_content\">\n\t\t\t\t<h3 class=\"portfolio_classic_title\"><a rel=\"noopener noreferrer\" href=\"http:\/\/themes.themegoods.com\/architecturer\/demo\/single-portfolio-5\/\"  >Rustic Steel House<\/a><\/h3>\n\t\t\t\t<div class=\"portfolio_classic_subtitle\">August 2017<\/div>\n\t\t\t<\/div>\n\t\t<\/div>\n<br class=\"clear\"\/>\n<\/div>\n<\/div>\t\t<\/div>\n\t\t\t\t<\/div>\n\t\t\t\t\t<\/div>\n\t\t<\/div>\n\t\t\t\t\t\t\t<\/div>\n\t\t<\/section>\n\t\t\t\t\t\t\t<\/div>\n\t\t","protected":false},"excerpt":{"rendered":"<p>Our Portfolio Our projects are examples of attitudes rather than designs. Craft beer elit seitan exercitation, photo booth et 8-bit kale chips proident chillwave deep v laborum.\u00a0Aliquip veniam delectus, Marfa eiusmod Pinterest\u00a0in do umami readymade swag.\u00a0Selfies iPhone Kickstarter, drinking vinegar [&hellip;]<\/p>\n","protected":false},"author":1,"featured_media":0,"parent":0,"menu_order":0,"comment_status":"closed","ping_status":"closed","template":"","meta":{"footnotes":""},"class_list":["post-1394","page","type-page","status-publish","hentry"],"yoast_head":"<!-- This site is optimized with the Yoast SEO plugin v22.5 - https:\/\/yoast.com\/wordpress\/plugins\/seo\/ -->\n<title>Portfolio Classic - Bens Design<\/title>\n<meta name=\"robots\" content=\"index, follow, max-snippet:-1, max-image-preview:large, max-video-preview:-1\" \/>\n<link rel=\"canonical\" href=\"https:\/\/bensdesign.ma\/new2\/portfolio-classic\/\" \/>\n<meta property=\"og:locale\" content=\"fr_FR\" \/>\n<meta property=\"og:type\" content=\"article\" \/>\n<meta property=\"og:title\" content=\"Portfolio Classic - Bens Design\" \/>\n<meta property=\"og:description\" content=\"Our Portfolio Our projects are examples of attitudes rather than designs. Craft beer elit seitan exercitation, photo booth et 8-bit kale chips proident chillwave deep v laborum.\u00a0Aliquip veniam delectus, Marfa eiusmod Pinterest\u00a0in do umami readymade swag.\u00a0Selfies iPhone Kickstarter, drinking vinegar [&hellip;]\" \/>\n<meta property=\"og:url\" content=\"https:\/\/bensdesign.ma\/new2\/portfolio-classic\/\" \/>\n<meta property=\"og:site_name\" content=\"Bens Design\" \/>\n<meta property=\"og:image\" content=\"https:\/\/themes.themegoods.com\/architecturer\/demo\/wp-content\/uploads\/2018\/08\/lycs-lycs-744227-unsplash-700x466.jpg\" \/>\n<meta name=\"twitter:card\" content=\"summary_large_image\" \/>\n<script type=\"application\/ld+json\" class=\"yoast-schema-graph\">{\"@context\":\"https:\/\/schema.org\",\"@graph\":[{\"@type\":\"WebPage\",\"@id\":\"https:\/\/bensdesign.ma\/new2\/portfolio-classic\/\",\"url\":\"https:\/\/bensdesign.ma\/new2\/portfolio-classic\/\",\"name\":\"Portfolio Classic - Bens Design\",\"isPartOf\":{\"@id\":\"http:\/\/bensdesign.ma\/new2\/#website\"},\"primaryImageOfPage\":{\"@id\":\"https:\/\/bensdesign.ma\/new2\/portfolio-classic\/#primaryimage\"},\"image\":{\"@id\":\"https:\/\/bensdesign.ma\/new2\/portfolio-classic\/#primaryimage\"},\"thumbnailUrl\":\"https:\/\/themes.themegoods.com\/architecturer\/demo\/wp-content\/uploads\/2018\/08\/lycs-lycs-744227-unsplash-700x466.jpg\",\"datePublished\":\"2018-08-08T08:56:35+00:00\",\"dateModified\":\"2018-08-08T08:56:35+00:00\",\"breadcrumb\":{\"@id\":\"https:\/\/bensdesign.ma\/new2\/portfolio-classic\/#breadcrumb\"},\"inLanguage\":\"fr-FR\",\"potentialAction\":[{\"@type\":\"ReadAction\",\"target\":[\"https:\/\/bensdesign.ma\/new2\/portfolio-classic\/\"]}]},{\"@type\":\"ImageObject\",\"inLanguage\":\"fr-FR\",\"@id\":\"https:\/\/bensdesign.ma\/new2\/portfolio-classic\/#primaryimage\",\"url\":\"https:\/\/themes.themegoods.com\/architecturer\/demo\/wp-content\/uploads\/2018\/08\/lycs-lycs-744227-unsplash-700x466.jpg\",\"contentUrl\":\"https:\/\/themes.themegoods.com\/architecturer\/demo\/wp-content\/uploads\/2018\/08\/lycs-lycs-744227-unsplash-700x466.jpg\"},{\"@type\":\"BreadcrumbList\",\"@id\":\"https:\/\/bensdesign.ma\/new2\/portfolio-classic\/#breadcrumb\",\"itemListElement\":[{\"@type\":\"ListItem\",\"position\":1,\"name\":\"Accueil\",\"item\":\"http:\/\/bensdesign.ma\/new2\/\"},{\"@type\":\"ListItem\",\"position\":2,\"name\":\"Portfolio Classic\"}]},{\"@type\":\"WebSite\",\"@id\":\"http:\/\/bensdesign.ma\/new2\/#website\",\"url\":\"http:\/\/bensdesign.ma\/new2\/\",\"name\":\"Bens Design\",\"description\":\"Architecte d&#039;int\u00e9rieur | D\u00e9corateur d&#039;int\u00e9rieur | D\u00e9corateur\",\"publisher\":{\"@id\":\"http:\/\/bensdesign.ma\/new2\/#organization\"},\"potentialAction\":[{\"@type\":\"SearchAction\",\"target\":{\"@type\":\"EntryPoint\",\"urlTemplate\":\"http:\/\/bensdesign.ma\/new2\/?s={search_term_string}\"},\"query-input\":\"required name=search_term_string\"}],\"inLanguage\":\"fr-FR\"},{\"@type\":\"Organization\",\"@id\":\"http:\/\/bensdesign.ma\/new2\/#organization\",\"name\":\"Bens Design\",\"url\":\"http:\/\/bensdesign.ma\/new2\/\",\"logo\":{\"@type\":\"ImageObject\",\"inLanguage\":\"fr-FR\",\"@id\":\"http:\/\/bensdesign.ma\/new2\/#\/schema\/logo\/image\/\",\"url\":\"https:\/\/bensdesign.ma\/new2\/wp-content\/uploads\/2024\/01\/Sans-titre-1.png\",\"contentUrl\":\"https:\/\/bensdesign.ma\/new2\/wp-content\/uploads\/2024\/01\/Sans-titre-1.png\",\"width\":721,\"height\":155,\"caption\":\"Bens Design\"},\"image\":{\"@id\":\"http:\/\/bensdesign.ma\/new2\/#\/schema\/logo\/image\/\"}}]}<\/script>\n<!-- \/ Yoast SEO plugin. -->","yoast_head_json":{"title":"Portfolio Classic - Bens Design","robots":{"index":"index","follow":"follow","max-snippet":"max-snippet:-1","max-image-preview":"max-image-preview:large","max-video-preview":"max-video-preview:-1"},"canonical":"https:\/\/bensdesign.ma\/new2\/portfolio-classic\/","og_locale":"fr_FR","og_type":"article","og_title":"Portfolio Classic - Bens Design","og_description":"Our Portfolio Our projects are examples of attitudes rather than designs. Craft beer elit seitan exercitation, photo booth et 8-bit kale chips proident chillwave deep v laborum.\u00a0Aliquip veniam delectus, Marfa eiusmod Pinterest\u00a0in do umami readymade swag.\u00a0Selfies iPhone Kickstarter, drinking vinegar [&hellip;]","og_url":"https:\/\/bensdesign.ma\/new2\/portfolio-classic\/","og_site_name":"Bens Design","og_image":[{"url":"https:\/\/themes.themegoods.com\/architecturer\/demo\/wp-content\/uploads\/2018\/08\/lycs-lycs-744227-unsplash-700x466.jpg"}],"twitter_card":"summary_large_image","schema":{"@context":"https:\/\/schema.org","@graph":[{"@type":"WebPage","@id":"https:\/\/bensdesign.ma\/new2\/portfolio-classic\/","url":"https:\/\/bensdesign.ma\/new2\/portfolio-classic\/","name":"Portfolio Classic - Bens Design","isPartOf":{"@id":"http:\/\/bensdesign.ma\/new2\/#website"},"primaryImageOfPage":{"@id":"https:\/\/bensdesign.ma\/new2\/portfolio-classic\/#primaryimage"},"image":{"@id":"https:\/\/bensdesign.ma\/new2\/portfolio-classic\/#primaryimage"},"thumbnailUrl":"https:\/\/themes.themegoods.com\/architecturer\/demo\/wp-content\/uploads\/2018\/08\/lycs-lycs-744227-unsplash-700x466.jpg","datePublished":"2018-08-08T08:56:35+00:00","dateModified":"2018-08-08T08:56:35+00:00","breadcrumb":{"@id":"https:\/\/bensdesign.ma\/new2\/portfolio-classic\/#breadcrumb"},"inLanguage":"fr-FR","potentialAction":[{"@type":"ReadAction","target":["https:\/\/bensdesign.ma\/new2\/portfolio-classic\/"]}]},{"@type":"ImageObject","inLanguage":"fr-FR","@id":"https:\/\/bensdesign.ma\/new2\/portfolio-classic\/#primaryimage","url":"https:\/\/themes.themegoods.com\/architecturer\/demo\/wp-content\/uploads\/2018\/08\/lycs-lycs-744227-unsplash-700x466.jpg","contentUrl":"https:\/\/themes.themegoods.com\/architecturer\/demo\/wp-content\/uploads\/2018\/08\/lycs-lycs-744227-unsplash-700x466.jpg"},{"@type":"BreadcrumbList","@id":"https:\/\/bensdesign.ma\/new2\/portfolio-classic\/#breadcrumb","itemListElement":[{"@type":"ListItem","position":1,"name":"Accueil","item":"http:\/\/bensdesign.ma\/new2\/"},{"@type":"ListItem","position":2,"name":"Portfolio Classic"}]},{"@type":"WebSite","@id":"http:\/\/bensdesign.ma\/new2\/#website","url":"http:\/\/bensdesign.ma\/new2\/","name":"Bens Design","description":"Architecte d&#039;int\u00e9rieur | D\u00e9corateur d&#039;int\u00e9rieur | D\u00e9corateur","publisher":{"@id":"http:\/\/bensdesign.ma\/new2\/#organization"},"potentialAction":[{"@type":"SearchAction","target":{"@type":"EntryPoint","urlTemplate":"http:\/\/bensdesign.ma\/new2\/?s={search_term_string}"},"query-input":"required name=search_term_string"}],"inLanguage":"fr-FR"},{"@type":"Organization","@id":"http:\/\/bensdesign.ma\/new2\/#organization","name":"Bens Design","url":"http:\/\/bensdesign.ma\/new2\/","logo":{"@type":"ImageObject","inLanguage":"fr-FR","@id":"http:\/\/bensdesign.ma\/new2\/#\/schema\/logo\/image\/","url":"https:\/\/bensdesign.ma\/new2\/wp-content\/uploads\/2024\/01\/Sans-titre-1.png","contentUrl":"https:\/\/bensdesign.ma\/new2\/wp-content\/uploads\/2024\/01\/Sans-titre-1.png","width":721,"height":155,"caption":"Bens Design"},"image":{"@id":"http:\/\/bensdesign.ma\/new2\/#\/schema\/logo\/image\/"}}]}},"_links":{"self":[{"href":"https:\/\/bensdesign.ma\/new2\/wp-json\/wp\/v2\/pages\/1394","targetHints":{"allow":["GET"]}}],"collection":[{"href":"https:\/\/bensdesign.ma\/new2\/wp-json\/wp\/v2\/pages"}],"about":[{"href":"https:\/\/bensdesign.ma\/new2\/wp-json\/wp\/v2\/types\/page"}],"author":[{"embeddable":true,"href":"https:\/\/bensdesign.ma\/new2\/wp-json\/wp\/v2\/users\/1"}],"replies":[{"embeddable":true,"href":"https:\/\/bensdesign.ma\/new2\/wp-json\/wp\/v2\/comments?post=1394"}],"version-history":[{"count":0,"href":"https:\/\/bensdesign.ma\/new2\/wp-json\/wp\/v2\/pages\/1394\/revisions"}],"wp:attachment":[{"href":"https:\/\/bensdesign.ma\/new2\/wp-json\/wp\/v2\/media?parent=1394"}],"curies":[{"name":"wp","href":"https:\/\/api.w.org\/{rel}","templated":true}]}}