{"id":1685,"date":"2018-08-16T08:59:42","date_gmt":"2018-08-16T08:59:42","guid":{"rendered":"http:\/\/themes.themegoods.com\/architecturer\/demo\/?page_id=1685"},"modified":"2018-08-16T08:59:42","modified_gmt":"2018-08-16T08:59:42","slug":"popout-slider","status":"publish","type":"page","link":"https:\/\/bensdesign.ma\/new2\/popout-slider\/","title":{"rendered":"Popout Slider"},"content":{"rendered":"\t\t<div data-elementor-type=\"wp-post\" data-elementor-id=\"1685\" class=\"elementor elementor-1685 elementor-bc-flex-widget\">\n\t\t\t\t\t\t\t\t\t<section class=\"elementor-section elementor-top-section elementor-element elementor-element-058c99d elementor-section-height-full elementor-section-boxed elementor-section-height-default elementor-section-items-middle\" data-id=\"058c99d\" data-element_type=\"section\" data-settings=\"{&quot;architecturer_ext_is_background_parallax&quot;:&quot;false&quot;,&quot;architecturer_ext_is_background_on_scroll&quot;:&quot;false&quot;}\">\n\t\t\t\t\t\t<div class=\"elementor-container elementor-column-gap-default\">\n\t\t\t\t\t<div class=\"elementor-column elementor-col-100 elementor-top-column elementor-element elementor-element-caed834\" data-id=\"caed834\" data-element_type=\"column\" data-settings=\"{&quot;architecturer_ext_is_mobile_menu&quot;:&quot;false&quot;,&quot;architecturer_ext_is_scrollme&quot;:&quot;false&quot;,&quot;architecturer_ext_is_smoove&quot;:&quot;false&quot;,&quot;architecturer_ext_is_parallax_mouse&quot;:&quot;false&quot;,&quot;architecturer_ext_is_infinite&quot;:&quot;false&quot;,&quot;architecturer_ext_is_fadeout_animation&quot;:&quot;false&quot;}\">\n\t\t\t<div class=\"elementor-widget-wrap elementor-element-populated\">\n\t\t\t\t\t\t\t\t<div class=\"elementor-element elementor-element-f13a7a6 elementor-widget elementor-widget-photographer-slider-popout\" data-id=\"f13a7a6\" data-element_type=\"widget\" data-settings=\"{&quot;architecturer_ext_is_mobile_menu&quot;:&quot;false&quot;,&quot;architecturer_ext_is_scrollme&quot;:&quot;false&quot;,&quot;architecturer_ext_is_smoove&quot;:&quot;false&quot;,&quot;architecturer_ext_is_parallax_mouse&quot;:&quot;false&quot;,&quot;architecturer_ext_is_infinite&quot;:&quot;false&quot;,&quot;architecturer_ext_is_fadeout_animation&quot;:&quot;false&quot;}\" data-widget_type=\"photographer-slider-popout.default\">\n\t\t\t\t<div class=\"elementor-widget-container\">\n\t\t\t<div class=\"tg_popout_slide_container slider\">\n\t\t<div class=\"slider__slide slider__slide--active\" data-slide=\"1\">\n\t\t    <div class=\"slider__wrap\">\n\t\t      <div class=\"slider__back\" style=\"background-image:url(http:\/\/themes.themegoods.com\/architecturer\/demo\/wp-content\/uploads\/2018\/08\/modern-architecture-design-guidelines-on-1750x1167-architecture-amazing-modern-lake-house-with-green-environment-and.jpg);\"><\/div>\n\t\t    <\/div>\n\t\t    <div class=\"slider__inner\" style=\"background-image:url(http:\/\/themes.themegoods.com\/architecturer\/demo\/wp-content\/uploads\/2018\/08\/modern-architecture-design-guidelines-on-1750x1167-architecture-amazing-modern-lake-house-with-green-environment-and.jpg);\">\n\t\t\t    <div class=\"slider__content\">\n\t\t\t    \t\t\t\t        <h1>Elegant Brick House<\/h1>\n\t\t\t        \t\t\t        \n\t\t\t        \t\t\t        <p class=\"slider__desc\">For me, design is like choosing what I&#039;m going to wear for the day \u2013 only much more complicated and not really the same at all<\/p>\n\t\t\t        \t\t\t\t    \t\t\t        <a class=\"tg_popout_slide_link\" href=\"http:\/\/themes.themegoods.com\/architecturer\/demo\/single-portfolio-2\/\" >View Project<\/a>\n\t\t\t        \t\t\t\t\t\n\t\t\t\t\t\t\t\t    \t<br\/><a class=\"go-to-next\">next<\/a>\n\t\t\t    \t\t\t\t    <\/div>\n\t\t    <\/div>\n\t  \t<\/div>\n\t\t<div class=\"slider__slide \" data-slide=\"2\">\n\t\t    <div class=\"slider__wrap\">\n\t\t      <div class=\"slider__back\" style=\"background-image:url(http:\/\/themes.themegoods.com\/architecturer\/demo\/wp-content\/uploads\/2018\/08\/140658719663200.jpg);\"><\/div>\n\t\t    <\/div>\n\t\t    <div class=\"slider__inner\" style=\"background-image:url(http:\/\/themes.themegoods.com\/architecturer\/demo\/wp-content\/uploads\/2018\/08\/140658719663200.jpg);\">\n\t\t\t    <div class=\"slider__content\">\n\t\t\t    \t\t\t\t        <h1>Wood House<\/h1>\n\t\t\t        \t\t\t        \n\t\t\t        \t\t\t        <p class=\"slider__desc\">Architecture never derived its force from stability of culture, but rather from the expression of those moments when that sense of stability slipped<\/p>\n\t\t\t        \t\t\t\t    \t\t\t        <a class=\"tg_popout_slide_link\" href=\"http:\/\/themes.themegoods.com\/architecturer\/demo\/single-portfolio-5\/\" >View Project<\/a>\n\t\t\t        \t\t\t\t\t\n\t\t\t\t\t\t\t\t    \t<br\/><a class=\"go-to-next\">next<\/a>\n\t\t\t    \t\t\t\t    <\/div>\n\t\t    <\/div>\n\t  \t<\/div>\n\t\t<div class=\"slider__slide \" data-slide=\"3\">\n\t\t    <div class=\"slider__wrap\">\n\t\t      <div class=\"slider__back\" style=\"background-image:url(http:\/\/themes.themegoods.com\/architecturer\/demo\/wp-content\/uploads\/2018\/08\/walled-tsingpu-yangzhou-retreat-neri-hu-hotel-china-architecture_dezeen_sq1-2.jpg);\"><\/div>\n\t\t    <\/div>\n\t\t    <div class=\"slider__inner\" style=\"background-image:url(http:\/\/themes.themegoods.com\/architecturer\/demo\/wp-content\/uploads\/2018\/08\/walled-tsingpu-yangzhou-retreat-neri-hu-hotel-china-architecture_dezeen_sq1-2.jpg);\">\n\t\t\t    <div class=\"slider__content\">\n\t\t\t    \t\t\t\t        <h1>Blocks Riverside<\/h1>\n\t\t\t        \t\t\t        \n\t\t\t        \t\t\t        <p class=\"slider__desc\">A profound design process eventually makes the patron, the architect, and every occasional visitor in the building a slightly better human being.<\/p>\n\t\t\t        \t\t\t\t    \t\t\t        <a class=\"tg_popout_slide_link\" href=\"http:\/\/themes.themegoods.com\/architecturer\/demo\/single-portfolio-1\/\" >View Project<\/a>\n\t\t\t        \t\t\t\t\t\n\t\t\t\t\t\t\t\t    \t<br\/><a class=\"go-to-next\">next<\/a>\n\t\t\t    \t\t\t\t    <\/div>\n\t\t    <\/div>\n\t  \t<\/div>\n<\/div>\n\n<div class=\"slider__indicators\"><\/div>\n\t\t<\/div>\n\t\t\t\t<\/div>\n\t\t\t\t\t<\/div>\n\t\t<\/div>\n\t\t\t\t\t\t\t<\/div>\n\t\t<\/section>\n\t\t\t\t\t\t\t<\/div>\n\t\t","protected":false},"excerpt":{"rendered":"<p>Elegant Brick House For me, design is like choosing what I&#039;m going to wear for the day \u2013 only much more complicated and not really the same at all next Wood House Architecture never derived its force from stability of [&hellip;]<\/p>\n","protected":false},"author":1,"featured_media":0,"parent":0,"menu_order":0,"comment_status":"closed","ping_status":"closed","template":"","meta":{"footnotes":""},"class_list":["post-1685","page","type-page","status-publish","hentry"],"yoast_head":"<!-- This site is optimized with the Yoast SEO plugin v22.5 - https:\/\/yoast.com\/wordpress\/plugins\/seo\/ -->\n<title>Popout Slider - Bens Design<\/title>\n<meta name=\"robots\" content=\"index, follow, max-snippet:-1, max-image-preview:large, max-video-preview:-1\" \/>\n<link rel=\"canonical\" href=\"http:\/\/bensdesign.ma\/new2\/popout-slider\/\" \/>\n<meta property=\"og:locale\" content=\"fr_FR\" \/>\n<meta property=\"og:type\" content=\"article\" \/>\n<meta property=\"og:title\" content=\"Popout Slider - Bens Design\" \/>\n<meta property=\"og:description\" content=\"Elegant Brick House For me, design is like choosing what I&#039;m going to wear for the day \u2013 only much more complicated and not really the same at all next Wood House Architecture never derived its force from stability of [&hellip;]\" \/>\n<meta property=\"og:url\" content=\"http:\/\/bensdesign.ma\/new2\/popout-slider\/\" \/>\n<meta property=\"og:site_name\" content=\"Bens Design\" \/>\n<meta name=\"twitter:card\" content=\"summary_large_image\" \/>\n<script type=\"application\/ld+json\" class=\"yoast-schema-graph\">{\"@context\":\"https:\/\/schema.org\",\"@graph\":[{\"@type\":\"WebPage\",\"@id\":\"http:\/\/bensdesign.ma\/new2\/popout-slider\/\",\"url\":\"http:\/\/bensdesign.ma\/new2\/popout-slider\/\",\"name\":\"Popout Slider - Bens Design\",\"isPartOf\":{\"@id\":\"http:\/\/bensdesign.ma\/new2\/#website\"},\"datePublished\":\"2018-08-16T08:59:42+00:00\",\"dateModified\":\"2018-08-16T08:59:42+00:00\",\"breadcrumb\":{\"@id\":\"http:\/\/bensdesign.ma\/new2\/popout-slider\/#breadcrumb\"},\"inLanguage\":\"fr-FR\",\"potentialAction\":[{\"@type\":\"ReadAction\",\"target\":[\"http:\/\/bensdesign.ma\/new2\/popout-slider\/\"]}]},{\"@type\":\"BreadcrumbList\",\"@id\":\"http:\/\/bensdesign.ma\/new2\/popout-slider\/#breadcrumb\",\"itemListElement\":[{\"@type\":\"ListItem\",\"position\":1,\"name\":\"Accueil\",\"item\":\"http:\/\/bensdesign.ma\/new2\/\"},{\"@type\":\"ListItem\",\"position\":2,\"name\":\"Popout Slider\"}]},{\"@type\":\"WebSite\",\"@id\":\"http:\/\/bensdesign.ma\/new2\/#website\",\"url\":\"http:\/\/bensdesign.ma\/new2\/\",\"name\":\"Bens Design\",\"description\":\"Architecte d&#039;int\u00e9rieur | D\u00e9corateur d&#039;int\u00e9rieur | D\u00e9corateur\",\"publisher\":{\"@id\":\"http:\/\/bensdesign.ma\/new2\/#organization\"},\"potentialAction\":[{\"@type\":\"SearchAction\",\"target\":{\"@type\":\"EntryPoint\",\"urlTemplate\":\"http:\/\/bensdesign.ma\/new2\/?s={search_term_string}\"},\"query-input\":\"required name=search_term_string\"}],\"inLanguage\":\"fr-FR\"},{\"@type\":\"Organization\",\"@id\":\"http:\/\/bensdesign.ma\/new2\/#organization\",\"name\":\"Bens Design\",\"url\":\"http:\/\/bensdesign.ma\/new2\/\",\"logo\":{\"@type\":\"ImageObject\",\"inLanguage\":\"fr-FR\",\"@id\":\"http:\/\/bensdesign.ma\/new2\/#\/schema\/logo\/image\/\",\"url\":\"https:\/\/bensdesign.ma\/new2\/wp-content\/uploads\/2024\/01\/Sans-titre-1.png\",\"contentUrl\":\"https:\/\/bensdesign.ma\/new2\/wp-content\/uploads\/2024\/01\/Sans-titre-1.png\",\"width\":721,\"height\":155,\"caption\":\"Bens Design\"},\"image\":{\"@id\":\"http:\/\/bensdesign.ma\/new2\/#\/schema\/logo\/image\/\"}}]}<\/script>\n<!-- \/ Yoast SEO plugin. -->","yoast_head_json":{"title":"Popout Slider - Bens Design","robots":{"index":"index","follow":"follow","max-snippet":"max-snippet:-1","max-image-preview":"max-image-preview:large","max-video-preview":"max-video-preview:-1"},"canonical":"http:\/\/bensdesign.ma\/new2\/popout-slider\/","og_locale":"fr_FR","og_type":"article","og_title":"Popout Slider - Bens Design","og_description":"Elegant Brick House For me, design is like choosing what I&#039;m going to wear for the day \u2013 only much more complicated and not really the same at all next Wood House Architecture never derived its force from stability of [&hellip;]","og_url":"http:\/\/bensdesign.ma\/new2\/popout-slider\/","og_site_name":"Bens Design","twitter_card":"summary_large_image","schema":{"@context":"https:\/\/schema.org","@graph":[{"@type":"WebPage","@id":"http:\/\/bensdesign.ma\/new2\/popout-slider\/","url":"http:\/\/bensdesign.ma\/new2\/popout-slider\/","name":"Popout Slider - Bens Design","isPartOf":{"@id":"http:\/\/bensdesign.ma\/new2\/#website"},"datePublished":"2018-08-16T08:59:42+00:00","dateModified":"2018-08-16T08:59:42+00:00","breadcrumb":{"@id":"http:\/\/bensdesign.ma\/new2\/popout-slider\/#breadcrumb"},"inLanguage":"fr-FR","potentialAction":[{"@type":"ReadAction","target":["http:\/\/bensdesign.ma\/new2\/popout-slider\/"]}]},{"@type":"BreadcrumbList","@id":"http:\/\/bensdesign.ma\/new2\/popout-slider\/#breadcrumb","itemListElement":[{"@type":"ListItem","position":1,"name":"Accueil","item":"http:\/\/bensdesign.ma\/new2\/"},{"@type":"ListItem","position":2,"name":"Popout Slider"}]},{"@type":"WebSite","@id":"http:\/\/bensdesign.ma\/new2\/#website","url":"http:\/\/bensdesign.ma\/new2\/","name":"Bens Design","description":"Architecte d&#039;int\u00e9rieur | D\u00e9corateur d&#039;int\u00e9rieur | D\u00e9corateur","publisher":{"@id":"http:\/\/bensdesign.ma\/new2\/#organization"},"potentialAction":[{"@type":"SearchAction","target":{"@type":"EntryPoint","urlTemplate":"http:\/\/bensdesign.ma\/new2\/?s={search_term_string}"},"query-input":"required name=search_term_string"}],"inLanguage":"fr-FR"},{"@type":"Organization","@id":"http:\/\/bensdesign.ma\/new2\/#organization","name":"Bens Design","url":"http:\/\/bensdesign.ma\/new2\/","logo":{"@type":"ImageObject","inLanguage":"fr-FR","@id":"http:\/\/bensdesign.ma\/new2\/#\/schema\/logo\/image\/","url":"https:\/\/bensdesign.ma\/new2\/wp-content\/uploads\/2024\/01\/Sans-titre-1.png","contentUrl":"https:\/\/bensdesign.ma\/new2\/wp-content\/uploads\/2024\/01\/Sans-titre-1.png","width":721,"height":155,"caption":"Bens Design"},"image":{"@id":"http:\/\/bensdesign.ma\/new2\/#\/schema\/logo\/image\/"}}]}},"_links":{"self":[{"href":"https:\/\/bensdesign.ma\/new2\/wp-json\/wp\/v2\/pages\/1685","targetHints":{"allow":["GET"]}}],"collection":[{"href":"https:\/\/bensdesign.ma\/new2\/wp-json\/wp\/v2\/pages"}],"about":[{"href":"https:\/\/bensdesign.ma\/new2\/wp-json\/wp\/v2\/types\/page"}],"author":[{"embeddable":true,"href":"https:\/\/bensdesign.ma\/new2\/wp-json\/wp\/v2\/users\/1"}],"replies":[{"embeddable":true,"href":"https:\/\/bensdesign.ma\/new2\/wp-json\/wp\/v2\/comments?post=1685"}],"version-history":[{"count":0,"href":"https:\/\/bensdesign.ma\/new2\/wp-json\/wp\/v2\/pages\/1685\/revisions"}],"wp:attachment":[{"href":"https:\/\/bensdesign.ma\/new2\/wp-json\/wp\/v2\/media?parent=1685"}],"curies":[{"name":"wp","href":"https:\/\/api.w.org\/{rel}","templated":true}]}}