{"id":1701,"date":"2018-08-16T09:11:48","date_gmt":"2018-08-16T09:11:48","guid":{"rendered":"http:\/\/themes.themegoods.com\/architecturer\/demo\/?page_id=1701"},"modified":"2018-08-16T09:11:48","modified_gmt":"2018-08-16T09:11:48","slug":"clip-path-slider","status":"publish","type":"page","link":"https:\/\/bensdesign.ma\/new2\/clip-path-slider\/","title":{"rendered":"Clip Path Slider"},"content":{"rendered":"\t\t<div data-elementor-type=\"wp-post\" data-elementor-id=\"1701\" class=\"elementor elementor-1701 elementor-bc-flex-widget\">\n\t\t\t\t\t\t\t\t\t<section class=\"elementor-section elementor-top-section elementor-element elementor-element-e8c354b elementor-section-stretched elementor-section-height-full elementor-section-boxed elementor-section-height-default elementor-section-items-middle\" data-id=\"e8c354b\" data-element_type=\"section\" data-settings=\"{&quot;stretch_section&quot;:&quot;section-stretched&quot;,&quot;architecturer_ext_is_background_parallax&quot;:&quot;false&quot;,&quot;architecturer_ext_is_background_on_scroll&quot;:&quot;false&quot;}\">\n\t\t\t\t\t\t<div class=\"elementor-container elementor-column-gap-default\">\n\t\t\t\t\t<div class=\"elementor-column elementor-col-100 elementor-top-column elementor-element elementor-element-b76e9b9\" data-id=\"b76e9b9\" data-element_type=\"column\" data-settings=\"{&quot;architecturer_ext_is_mobile_menu&quot;:&quot;false&quot;,&quot;architecturer_ext_is_scrollme&quot;:&quot;false&quot;,&quot;architecturer_ext_is_smoove&quot;:&quot;false&quot;,&quot;architecturer_ext_is_parallax_mouse&quot;:&quot;false&quot;,&quot;architecturer_ext_is_infinite&quot;:&quot;false&quot;,&quot;architecturer_ext_is_fadeout_animation&quot;:&quot;false&quot;}\">\n\t\t\t<div class=\"elementor-widget-wrap elementor-element-populated\">\n\t\t\t\t\t\t\t\t<div class=\"elementor-element elementor-element-b065ecb elementor-widget elementor-widget-photographer-slider-clip-path\" data-id=\"b065ecb\" data-element_type=\"widget\" data-settings=\"{&quot;architecturer_ext_is_mobile_menu&quot;:&quot;false&quot;,&quot;architecturer_ext_is_scrollme&quot;:&quot;false&quot;,&quot;architecturer_ext_is_smoove&quot;:&quot;false&quot;,&quot;architecturer_ext_is_parallax_mouse&quot;:&quot;false&quot;,&quot;architecturer_ext_is_infinite&quot;:&quot;false&quot;,&quot;architecturer_ext_is_fadeout_animation&quot;:&quot;false&quot;}\" data-widget_type=\"photographer-slider-clip-path.default\">\n\t\t\t\t<div class=\"elementor-widget-container\">\n\t\t\t<div class=\"tg_clip_path_slide_container slider\">\n\t<div class=\"slider__slides\">\n\t\t<div class=\"slide s--active\">\n\t      <div class=\"slide__inner\" style=\"background-image:url(http:\/\/themes.themegoods.com\/architecturer\/demo\/wp-content\/uploads\/2018\/08\/A1KvjZmiERL.jpg);\">\n\t        <div class=\"slide__content\">\n\t\t        \t\t\t\t\t<h2 class=\"slide__heading\">Contemporary Modern House<\/h2>\n\t\t\t\t\t\t\t\t\t<div class=\"slide__text\"><p>Architecture arouses sentiments in man. The architect's task, therefore, is to make those sentiments more precise.<\/p><p><a href=\"http:\/\/themes.themegoods.com\/architecturer\/demo\/single-portfolio-2\/\" data-wplink-url-error=\"true\">View Project<\/a><\/p><\/div>\n\t\t\t\t\t        <\/div>\n\t      <\/div>\n\t    <\/div>\n\t\t<div class=\"slide \">\n\t      <div class=\"slide__inner\" style=\"background-image:url(http:\/\/themes.themegoods.com\/architecturer\/demo\/wp-content\/uploads\/2018\/08\/pixasquare-622732-unsplash.jpg);\">\n\t        <div class=\"slide__content\">\n\t\t        \t\t\t\t\t<h2 class=\"slide__heading\">Modern Minimalist House<\/h2>\n\t\t\t\t\t\t\t\t\t<div class=\"slide__text\"><p>A profound design process eventually makes the patron, the architect, and every occasional visitor in the building a slightly better human being.<\/p><p><a href=\"http:\/\/themes.themegoods.com\/architecturer\/demo\/single-portfolio-5\/\" data-wplink-url-error=\"true\">View Project<\/a><\/p><\/div>\n\t\t\t\t\t        <\/div>\n\t      <\/div>\n\t    <\/div>\n\t\t<div class=\"slide s--prev\">\n\t      <div class=\"slide__inner\" style=\"background-image:url(http:\/\/themes.themegoods.com\/architecturer\/demo\/wp-content\/uploads\/2018\/08\/walled-tsingpu-yangzhou-retreat-neri-hu-hotel-china-architecture_dezeen_sq1-2.jpg);\">\n\t        <div class=\"slide__content\">\n\t\t        \t\t\t\t\t<h2 class=\"slide__heading\">Rustic Steel House<\/h2>\n\t\t\t\t\t\t\t\t\t<div class=\"slide__text\"><p>When I'm working on a problem, I never think about beauty. But when I'm finished, if the solution is not beautiful I know it's wrong.<\/p><p><a href=\"http:\/\/themes.themegoods.com\/architecturer\/demo\/single-portfolio-5\/\" data-wplink-url-error=\"true\">View Project<\/a><\/p><\/div>\n\t\t\t\t\t        <\/div>\n\t      <\/div>\n\t    <\/div>\n\t<\/div>\n\t\n\t\t<div class=\"slider__control\">\n\t    <div class=\"slider__control-line\"><\/div>\n\t    <div class=\"slider__control-line\"><\/div>\n\t<\/div>\n\t<div class=\"slider__control slider__control--right m--right\">\n\t    <div class=\"slider__control-line\"><\/div>\n\t    <div class=\"slider__control-line\"><\/div>\n\t<\/div>\n\t<\/div>\n\t\t<\/div>\n\t\t\t\t<\/div>\n\t\t\t\t\t<\/div>\n\t\t<\/div>\n\t\t\t\t\t\t\t<\/div>\n\t\t<\/section>\n\t\t\t\t\t\t\t<\/div>\n\t\t","protected":false},"excerpt":{"rendered":"<p>Contemporary Modern House Architecture arouses sentiments in man. The architect&rsquo;s task, therefore, is to make those sentiments more precise. Modern Minimalist House A profound design process eventually makes the patron, the architect, and every occasional visitor in the building a [&hellip;]<\/p>\n","protected":false},"author":1,"featured_media":0,"parent":0,"menu_order":0,"comment_status":"closed","ping_status":"closed","template":"","meta":{"footnotes":""},"class_list":["post-1701","page","type-page","status-publish","hentry"],"yoast_head":"<!-- This site is optimized with the Yoast SEO plugin v22.5 - https:\/\/yoast.com\/wordpress\/plugins\/seo\/ -->\n<title>Clip Path Slider - Bens Design<\/title>\n<meta name=\"robots\" content=\"index, follow, max-snippet:-1, max-image-preview:large, max-video-preview:-1\" \/>\n<link rel=\"canonical\" href=\"https:\/\/bensdesign.ma\/new2\/clip-path-slider\/\" \/>\n<meta property=\"og:locale\" content=\"fr_FR\" \/>\n<meta property=\"og:type\" content=\"article\" \/>\n<meta property=\"og:title\" content=\"Clip Path Slider - Bens Design\" \/>\n<meta property=\"og:description\" content=\"Contemporary Modern House Architecture arouses sentiments in man. The architect&rsquo;s task, therefore, is to make those sentiments more precise. Modern Minimalist House A profound design process eventually makes the patron, the architect, and every occasional visitor in the building a [&hellip;]\" \/>\n<meta property=\"og:url\" content=\"https:\/\/bensdesign.ma\/new2\/clip-path-slider\/\" \/>\n<meta property=\"og:site_name\" content=\"Bens Design\" \/>\n<meta name=\"twitter:card\" content=\"summary_large_image\" \/>\n<script type=\"application\/ld+json\" class=\"yoast-schema-graph\">{\"@context\":\"https:\/\/schema.org\",\"@graph\":[{\"@type\":\"WebPage\",\"@id\":\"https:\/\/bensdesign.ma\/new2\/clip-path-slider\/\",\"url\":\"https:\/\/bensdesign.ma\/new2\/clip-path-slider\/\",\"name\":\"Clip Path Slider - Bens Design\",\"isPartOf\":{\"@id\":\"http:\/\/bensdesign.ma\/new2\/#website\"},\"datePublished\":\"2018-08-16T09:11:48+00:00\",\"dateModified\":\"2018-08-16T09:11:48+00:00\",\"breadcrumb\":{\"@id\":\"https:\/\/bensdesign.ma\/new2\/clip-path-slider\/#breadcrumb\"},\"inLanguage\":\"fr-FR\",\"potentialAction\":[{\"@type\":\"ReadAction\",\"target\":[\"https:\/\/bensdesign.ma\/new2\/clip-path-slider\/\"]}]},{\"@type\":\"BreadcrumbList\",\"@id\":\"https:\/\/bensdesign.ma\/new2\/clip-path-slider\/#breadcrumb\",\"itemListElement\":[{\"@type\":\"ListItem\",\"position\":1,\"name\":\"Accueil\",\"item\":\"http:\/\/bensdesign.ma\/new2\/\"},{\"@type\":\"ListItem\",\"position\":2,\"name\":\"Clip Path Slider\"}]},{\"@type\":\"WebSite\",\"@id\":\"http:\/\/bensdesign.ma\/new2\/#website\",\"url\":\"http:\/\/bensdesign.ma\/new2\/\",\"name\":\"Bens Design\",\"description\":\"Architecte d&#039;int\u00e9rieur | D\u00e9corateur d&#039;int\u00e9rieur | D\u00e9corateur\",\"publisher\":{\"@id\":\"http:\/\/bensdesign.ma\/new2\/#organization\"},\"potentialAction\":[{\"@type\":\"SearchAction\",\"target\":{\"@type\":\"EntryPoint\",\"urlTemplate\":\"http:\/\/bensdesign.ma\/new2\/?s={search_term_string}\"},\"query-input\":\"required name=search_term_string\"}],\"inLanguage\":\"fr-FR\"},{\"@type\":\"Organization\",\"@id\":\"http:\/\/bensdesign.ma\/new2\/#organization\",\"name\":\"Bens Design\",\"url\":\"http:\/\/bensdesign.ma\/new2\/\",\"logo\":{\"@type\":\"ImageObject\",\"inLanguage\":\"fr-FR\",\"@id\":\"http:\/\/bensdesign.ma\/new2\/#\/schema\/logo\/image\/\",\"url\":\"https:\/\/bensdesign.ma\/new2\/wp-content\/uploads\/2024\/01\/Sans-titre-1.png\",\"contentUrl\":\"https:\/\/bensdesign.ma\/new2\/wp-content\/uploads\/2024\/01\/Sans-titre-1.png\",\"width\":721,\"height\":155,\"caption\":\"Bens Design\"},\"image\":{\"@id\":\"http:\/\/bensdesign.ma\/new2\/#\/schema\/logo\/image\/\"}}]}<\/script>\n<!-- \/ Yoast SEO plugin. -->","yoast_head_json":{"title":"Clip Path Slider - Bens Design","robots":{"index":"index","follow":"follow","max-snippet":"max-snippet:-1","max-image-preview":"max-image-preview:large","max-video-preview":"max-video-preview:-1"},"canonical":"https:\/\/bensdesign.ma\/new2\/clip-path-slider\/","og_locale":"fr_FR","og_type":"article","og_title":"Clip Path Slider - Bens Design","og_description":"Contemporary Modern House Architecture arouses sentiments in man. The architect&rsquo;s task, therefore, is to make those sentiments more precise. Modern Minimalist House A profound design process eventually makes the patron, the architect, and every occasional visitor in the building a [&hellip;]","og_url":"https:\/\/bensdesign.ma\/new2\/clip-path-slider\/","og_site_name":"Bens Design","twitter_card":"summary_large_image","schema":{"@context":"https:\/\/schema.org","@graph":[{"@type":"WebPage","@id":"https:\/\/bensdesign.ma\/new2\/clip-path-slider\/","url":"https:\/\/bensdesign.ma\/new2\/clip-path-slider\/","name":"Clip Path Slider - Bens Design","isPartOf":{"@id":"http:\/\/bensdesign.ma\/new2\/#website"},"datePublished":"2018-08-16T09:11:48+00:00","dateModified":"2018-08-16T09:11:48+00:00","breadcrumb":{"@id":"https:\/\/bensdesign.ma\/new2\/clip-path-slider\/#breadcrumb"},"inLanguage":"fr-FR","potentialAction":[{"@type":"ReadAction","target":["https:\/\/bensdesign.ma\/new2\/clip-path-slider\/"]}]},{"@type":"BreadcrumbList","@id":"https:\/\/bensdesign.ma\/new2\/clip-path-slider\/#breadcrumb","itemListElement":[{"@type":"ListItem","position":1,"name":"Accueil","item":"http:\/\/bensdesign.ma\/new2\/"},{"@type":"ListItem","position":2,"name":"Clip Path Slider"}]},{"@type":"WebSite","@id":"http:\/\/bensdesign.ma\/new2\/#website","url":"http:\/\/bensdesign.ma\/new2\/","name":"Bens Design","description":"Architecte d&#039;int\u00e9rieur | D\u00e9corateur d&#039;int\u00e9rieur | D\u00e9corateur","publisher":{"@id":"http:\/\/bensdesign.ma\/new2\/#organization"},"potentialAction":[{"@type":"SearchAction","target":{"@type":"EntryPoint","urlTemplate":"http:\/\/bensdesign.ma\/new2\/?s={search_term_string}"},"query-input":"required name=search_term_string"}],"inLanguage":"fr-FR"},{"@type":"Organization","@id":"http:\/\/bensdesign.ma\/new2\/#organization","name":"Bens Design","url":"http:\/\/bensdesign.ma\/new2\/","logo":{"@type":"ImageObject","inLanguage":"fr-FR","@id":"http:\/\/bensdesign.ma\/new2\/#\/schema\/logo\/image\/","url":"https:\/\/bensdesign.ma\/new2\/wp-content\/uploads\/2024\/01\/Sans-titre-1.png","contentUrl":"https:\/\/bensdesign.ma\/new2\/wp-content\/uploads\/2024\/01\/Sans-titre-1.png","width":721,"height":155,"caption":"Bens Design"},"image":{"@id":"http:\/\/bensdesign.ma\/new2\/#\/schema\/logo\/image\/"}}]}},"_links":{"self":[{"href":"https:\/\/bensdesign.ma\/new2\/wp-json\/wp\/v2\/pages\/1701","targetHints":{"allow":["GET"]}}],"collection":[{"href":"https:\/\/bensdesign.ma\/new2\/wp-json\/wp\/v2\/pages"}],"about":[{"href":"https:\/\/bensdesign.ma\/new2\/wp-json\/wp\/v2\/types\/page"}],"author":[{"embeddable":true,"href":"https:\/\/bensdesign.ma\/new2\/wp-json\/wp\/v2\/users\/1"}],"replies":[{"embeddable":true,"href":"https:\/\/bensdesign.ma\/new2\/wp-json\/wp\/v2\/comments?post=1701"}],"version-history":[{"count":0,"href":"https:\/\/bensdesign.ma\/new2\/wp-json\/wp\/v2\/pages\/1701\/revisions"}],"wp:attachment":[{"href":"https:\/\/bensdesign.ma\/new2\/wp-json\/wp\/v2\/media?parent=1701"}],"curies":[{"name":"wp","href":"https:\/\/api.w.org\/{rel}","templated":true}]}}