{"id":1724,"date":"2018-08-16T09:39:21","date_gmt":"2018-08-16T09:39:21","guid":{"rendered":"http:\/\/themes.themegoods.com\/architecturer\/demo\/?page_id=1724"},"modified":"2018-08-16T09:39:21","modified_gmt":"2018-08-16T09:39:21","slug":"fullscreen-transitions-slider","status":"publish","type":"page","link":"https:\/\/bensdesign.ma\/new2\/fullscreen-transitions-slider\/","title":{"rendered":"Fullscreen Transitions Slider"},"content":{"rendered":"\t\t<div data-elementor-type=\"wp-post\" data-elementor-id=\"1724\" class=\"elementor elementor-1724 elementor-bc-flex-widget\">\n\t\t\t\t\t\t\t\t\t<section class=\"elementor-section elementor-top-section elementor-element elementor-element-14a2abb elementor-section-height-full elementor-section-boxed elementor-section-height-default elementor-section-items-middle\" data-id=\"14a2abb\" data-element_type=\"section\" data-settings=\"{&quot;architecturer_ext_is_background_parallax&quot;:&quot;false&quot;,&quot;architecturer_ext_is_background_on_scroll&quot;:&quot;false&quot;}\">\n\t\t\t\t\t\t<div class=\"elementor-container elementor-column-gap-default\">\n\t\t\t\t\t<div class=\"elementor-column elementor-col-100 elementor-top-column elementor-element elementor-element-63a62cb\" data-id=\"63a62cb\" data-element_type=\"column\" data-settings=\"{&quot;architecturer_ext_is_mobile_menu&quot;:&quot;false&quot;,&quot;architecturer_ext_is_scrollme&quot;:&quot;false&quot;,&quot;architecturer_ext_is_smoove&quot;:&quot;false&quot;,&quot;architecturer_ext_is_parallax_mouse&quot;:&quot;false&quot;,&quot;architecturer_ext_is_infinite&quot;:&quot;false&quot;,&quot;architecturer_ext_is_fadeout_animation&quot;:&quot;false&quot;}\">\n\t\t\t<div class=\"elementor-widget-wrap elementor-element-populated\">\n\t\t\t\t\t\t\t\t<div class=\"elementor-element elementor-element-92e4037 elementor-widget elementor-widget-photographer-slider-transitions\" data-id=\"92e4037\" data-element_type=\"widget\" data-settings=\"{&quot;architecturer_ext_is_mobile_menu&quot;:&quot;false&quot;,&quot;architecturer_ext_is_scrollme&quot;:&quot;false&quot;,&quot;architecturer_ext_is_smoove&quot;:&quot;false&quot;,&quot;architecturer_ext_is_parallax_mouse&quot;:&quot;false&quot;,&quot;architecturer_ext_is_infinite&quot;:&quot;false&quot;,&quot;architecturer_ext_is_fadeout_animation&quot;:&quot;false&quot;}\" data-widget_type=\"photographer-slider-transitions.default\">\n\t\t\t\t<div class=\"elementor-widget-container\">\n\t\t\t<div class=\"tg_transitions_slide_container\">\n\t<div class=\"swiper-container\">\n\t\t<div class=\"swiper-wrapper\">\n\t\t<div class=\"swiper-slide\">\n\t\t\t<div class=\"swiper-image\" data-swiper-parallax-y=\"-20%\">\n\t           \t<div class=\"swiper-image-inner swiper-image-left\" style=\"background-image:url(http:\/\/themes.themegoods.com\/architecturer\/demo\/wp-content\/uploads\/2018\/08\/stil-326695-unsplash-1.jpg);\">\n\t\t           \t<div class=\"bg_overlay\"><\/div>\n\t\t           \t\t\t\t          <h1>Modern House<\/h1>\n\t\t\t\t\t\t            <\/div>\n\t        <\/div>\n\n\t\t    <div class=\"swiper-image\" data-swiper-parallax-y=\"35%\">\n\t            <div class=\"swiper-image-inner swiper-image-right\" style=\"background-image:url(http:\/\/themes.themegoods.com\/architecturer\/demo\/wp-content\/uploads\/2018\/08\/modern-minimalist-materials.jpg);\">\n\t\t            <div class=\"bg_overlay\"><\/div>\n\t\t            \t\t\t\t\t<p class=\"paragraph\">\n\t\t\t\t\t\tPeople think that design is styling. Design is not style. It&#039;s not about giving shape to the shell and not giving a damn about the guts. Good design is a renaissance attitude that combines technology, cognitive science, human need and beauty to produce something that the world didn&#039;t know it was missing.\t\t\t\t\t\n\t\t\t\t\t\t\t\t\t\t\t\t<br class=\"clear\"\/><a class=\"tg_transitions_slide_content_link\" href=\"http:\/\/themes.themegoods.com\/architecturer\/demo\/single-portfolio-4\/\" >View Project<\/a>\n\t\t\t\t\t\t\t\n\t\t\t\t\t<\/p>\n\t\t\t\t\t\t            <\/div>\n\t        <\/div>\n\t  \t<\/div>\n\t\t<div class=\"swiper-slide\">\n\t\t\t<div class=\"swiper-image\" data-swiper-parallax-y=\"-20%\">\n\t           \t<div class=\"swiper-image-inner swiper-image-left\" style=\"background-image:url(http:\/\/themes.themegoods.com\/architecturer\/demo\/wp-content\/uploads\/2018\/08\/kari-shea-580156-unsplash.jpg);\">\n\t\t           \t<div class=\"bg_overlay\"><\/div>\n\t\t           \t\t\t\t          <h1>Elegant Interior<\/h1>\n\t\t\t\t\t\t            <\/div>\n\t        <\/div>\n\n\t\t    <div class=\"swiper-image\" data-swiper-parallax-y=\"35%\">\n\t            <div class=\"swiper-image-inner swiper-image-right\" style=\"background-image:url(http:\/\/themes.themegoods.com\/architecturer\/demo\/wp-content\/uploads\/2018\/08\/jason-briscoe-332508-unsplash.jpg);\">\n\t\t            <div class=\"bg_overlay\"><\/div>\n\t\t            \t\t\t\t\t<p class=\"paragraph\">\n\t\t\t\t\t\tPeople think that design is styling. Design is not style. It&#039;s not about giving shape to the shell and not giving a damn about the guts. Good design is a renaissance attitude that combines technology, cognitive science, human need and beauty to produce something that the world didn&#039;t know it was missing.\t\t\t\t\t\n\t\t\t\t\t\t\t\t\t\t\t\t<br class=\"clear\"\/><a class=\"tg_transitions_slide_content_link\" href=\"http:\/\/themes.themegoods.com\/architecturer\/demo\/single-portfolio-6\/\" >View Project<\/a>\n\t\t\t\t\t\t\t\n\t\t\t\t\t<\/p>\n\t\t\t\t\t\t            <\/div>\n\t        <\/div>\n\t  \t<\/div>\n\t\t<div class=\"swiper-slide\">\n\t\t\t<div class=\"swiper-image\" data-swiper-parallax-y=\"-20%\">\n\t           \t<div class=\"swiper-image-inner swiper-image-left\" style=\"background-image:url(http:\/\/themes.themegoods.com\/architecturer\/demo\/wp-content\/uploads\/2018\/08\/christopher-burns-437751-unsplash.jpg);\">\n\t\t           \t<div class=\"bg_overlay\"><\/div>\n\t\t           \t\t\t\t          <h1>Design Elegantly<\/h1>\n\t\t\t\t\t\t            <\/div>\n\t        <\/div>\n\n\t\t    <div class=\"swiper-image\" data-swiper-parallax-y=\"35%\">\n\t            <div class=\"swiper-image-inner swiper-image-right\" style=\"background-image:url(http:\/\/themes.themegoods.com\/architecturer\/demo\/wp-content\/uploads\/2018\/08\/d79a08f0c0f0e26dc960695470824495.jpg);\">\n\t\t            <div class=\"bg_overlay\"><\/div>\n\t\t            \t\t\t\t\t<p class=\"paragraph\">\n\t\t\t\t\t\tPeople think that design is styling. Design is not style. It&#039;s not about giving shape to the shell and not giving a damn about the guts. Good design is a renaissance attitude that combines technology, cognitive science, human need and beauty to produce something that the world didn&#039;t know it was missing.\t\t\t\t\t\n\t\t\t\t\t\t\t\t\t\t\t\t<br class=\"clear\"\/><a class=\"tg_transitions_slide_content_link\" href=\"http:\/\/themes.themegoods.com\/architecturer\/demo\/single-portfolio-3\/\" >View Project<\/a>\n\t\t\t\t\t\t\t\n\t\t\t\t\t<\/p>\n\t\t\t\t\t\t            <\/div>\n\t        <\/div>\n\t  \t<\/div>\n\t\t<\/div>\n\t\t<div class=\"swiper-pagination\"><\/div>\n\t<\/div>\n<\/div>\n\t\t<\/div>\n\t\t\t\t<\/div>\n\t\t\t\t\t<\/div>\n\t\t<\/div>\n\t\t\t\t\t\t\t<\/div>\n\t\t<\/section>\n\t\t\t\t\t\t\t<\/div>\n\t\t","protected":false},"excerpt":{"rendered":"<p>Modern House People think that design is styling. Design is not style. It&#039;s not about giving shape to the shell and not giving a damn about the guts. Good design is a renaissance attitude that combines technology, cognitive science, human [&hellip;]<\/p>\n","protected":false},"author":1,"featured_media":0,"parent":0,"menu_order":0,"comment_status":"closed","ping_status":"closed","template":"","meta":{"footnotes":""},"class_list":["post-1724","page","type-page","status-publish","hentry"],"yoast_head":"<!-- This site is optimized with the Yoast SEO plugin v22.5 - https:\/\/yoast.com\/wordpress\/plugins\/seo\/ -->\n<title>Fullscreen Transitions Slider - Bens Design<\/title>\n<meta name=\"robots\" content=\"index, follow, max-snippet:-1, max-image-preview:large, max-video-preview:-1\" \/>\n<link rel=\"canonical\" href=\"https:\/\/bensdesign.ma\/new2\/fullscreen-transitions-slider\/\" \/>\n<meta property=\"og:locale\" content=\"fr_FR\" \/>\n<meta property=\"og:type\" content=\"article\" \/>\n<meta property=\"og:title\" content=\"Fullscreen Transitions Slider - Bens Design\" \/>\n<meta property=\"og:description\" content=\"Modern House People think that design is styling. Design is not style. It&#039;s not about giving shape to the shell and not giving a damn about the guts. Good design is a renaissance attitude that combines technology, cognitive science, human [&hellip;]\" \/>\n<meta property=\"og:url\" content=\"https:\/\/bensdesign.ma\/new2\/fullscreen-transitions-slider\/\" \/>\n<meta property=\"og:site_name\" content=\"Bens Design\" \/>\n<meta name=\"twitter:card\" content=\"summary_large_image\" \/>\n<meta name=\"twitter:label1\" content=\"Dur\u00e9e de lecture estim\u00e9e\" \/>\n\t<meta name=\"twitter:data1\" content=\"1 minute\" \/>\n<script type=\"application\/ld+json\" class=\"yoast-schema-graph\">{\"@context\":\"https:\/\/schema.org\",\"@graph\":[{\"@type\":\"WebPage\",\"@id\":\"https:\/\/bensdesign.ma\/new2\/fullscreen-transitions-slider\/\",\"url\":\"https:\/\/bensdesign.ma\/new2\/fullscreen-transitions-slider\/\",\"name\":\"Fullscreen Transitions Slider - Bens Design\",\"isPartOf\":{\"@id\":\"http:\/\/bensdesign.ma\/new2\/#website\"},\"datePublished\":\"2018-08-16T09:39:21+00:00\",\"dateModified\":\"2018-08-16T09:39:21+00:00\",\"breadcrumb\":{\"@id\":\"https:\/\/bensdesign.ma\/new2\/fullscreen-transitions-slider\/#breadcrumb\"},\"inLanguage\":\"fr-FR\",\"potentialAction\":[{\"@type\":\"ReadAction\",\"target\":[\"https:\/\/bensdesign.ma\/new2\/fullscreen-transitions-slider\/\"]}]},{\"@type\":\"BreadcrumbList\",\"@id\":\"https:\/\/bensdesign.ma\/new2\/fullscreen-transitions-slider\/#breadcrumb\",\"itemListElement\":[{\"@type\":\"ListItem\",\"position\":1,\"name\":\"Accueil\",\"item\":\"http:\/\/bensdesign.ma\/new2\/\"},{\"@type\":\"ListItem\",\"position\":2,\"name\":\"Fullscreen Transitions Slider\"}]},{\"@type\":\"WebSite\",\"@id\":\"http:\/\/bensdesign.ma\/new2\/#website\",\"url\":\"http:\/\/bensdesign.ma\/new2\/\",\"name\":\"Bens Design\",\"description\":\"Architecte d&#039;int\u00e9rieur | D\u00e9corateur d&#039;int\u00e9rieur | D\u00e9corateur\",\"publisher\":{\"@id\":\"http:\/\/bensdesign.ma\/new2\/#organization\"},\"potentialAction\":[{\"@type\":\"SearchAction\",\"target\":{\"@type\":\"EntryPoint\",\"urlTemplate\":\"http:\/\/bensdesign.ma\/new2\/?s={search_term_string}\"},\"query-input\":\"required name=search_term_string\"}],\"inLanguage\":\"fr-FR\"},{\"@type\":\"Organization\",\"@id\":\"http:\/\/bensdesign.ma\/new2\/#organization\",\"name\":\"Bens Design\",\"url\":\"http:\/\/bensdesign.ma\/new2\/\",\"logo\":{\"@type\":\"ImageObject\",\"inLanguage\":\"fr-FR\",\"@id\":\"http:\/\/bensdesign.ma\/new2\/#\/schema\/logo\/image\/\",\"url\":\"https:\/\/bensdesign.ma\/new2\/wp-content\/uploads\/2024\/01\/Sans-titre-1.png\",\"contentUrl\":\"https:\/\/bensdesign.ma\/new2\/wp-content\/uploads\/2024\/01\/Sans-titre-1.png\",\"width\":721,\"height\":155,\"caption\":\"Bens Design\"},\"image\":{\"@id\":\"http:\/\/bensdesign.ma\/new2\/#\/schema\/logo\/image\/\"}}]}<\/script>\n<!-- \/ Yoast SEO plugin. -->","yoast_head_json":{"title":"Fullscreen Transitions Slider - Bens Design","robots":{"index":"index","follow":"follow","max-snippet":"max-snippet:-1","max-image-preview":"max-image-preview:large","max-video-preview":"max-video-preview:-1"},"canonical":"https:\/\/bensdesign.ma\/new2\/fullscreen-transitions-slider\/","og_locale":"fr_FR","og_type":"article","og_title":"Fullscreen Transitions Slider - Bens Design","og_description":"Modern House People think that design is styling. Design is not style. It&#039;s not about giving shape to the shell and not giving a damn about the guts. Good design is a renaissance attitude that combines technology, cognitive science, human [&hellip;]","og_url":"https:\/\/bensdesign.ma\/new2\/fullscreen-transitions-slider\/","og_site_name":"Bens Design","twitter_card":"summary_large_image","twitter_misc":{"Dur\u00e9e de lecture estim\u00e9e":"1 minute"},"schema":{"@context":"https:\/\/schema.org","@graph":[{"@type":"WebPage","@id":"https:\/\/bensdesign.ma\/new2\/fullscreen-transitions-slider\/","url":"https:\/\/bensdesign.ma\/new2\/fullscreen-transitions-slider\/","name":"Fullscreen Transitions Slider - Bens Design","isPartOf":{"@id":"http:\/\/bensdesign.ma\/new2\/#website"},"datePublished":"2018-08-16T09:39:21+00:00","dateModified":"2018-08-16T09:39:21+00:00","breadcrumb":{"@id":"https:\/\/bensdesign.ma\/new2\/fullscreen-transitions-slider\/#breadcrumb"},"inLanguage":"fr-FR","potentialAction":[{"@type":"ReadAction","target":["https:\/\/bensdesign.ma\/new2\/fullscreen-transitions-slider\/"]}]},{"@type":"BreadcrumbList","@id":"https:\/\/bensdesign.ma\/new2\/fullscreen-transitions-slider\/#breadcrumb","itemListElement":[{"@type":"ListItem","position":1,"name":"Accueil","item":"http:\/\/bensdesign.ma\/new2\/"},{"@type":"ListItem","position":2,"name":"Fullscreen Transitions Slider"}]},{"@type":"WebSite","@id":"http:\/\/bensdesign.ma\/new2\/#website","url":"http:\/\/bensdesign.ma\/new2\/","name":"Bens Design","description":"Architecte d&#039;int\u00e9rieur | D\u00e9corateur d&#039;int\u00e9rieur | D\u00e9corateur","publisher":{"@id":"http:\/\/bensdesign.ma\/new2\/#organization"},"potentialAction":[{"@type":"SearchAction","target":{"@type":"EntryPoint","urlTemplate":"http:\/\/bensdesign.ma\/new2\/?s={search_term_string}"},"query-input":"required name=search_term_string"}],"inLanguage":"fr-FR"},{"@type":"Organization","@id":"http:\/\/bensdesign.ma\/new2\/#organization","name":"Bens Design","url":"http:\/\/bensdesign.ma\/new2\/","logo":{"@type":"ImageObject","inLanguage":"fr-FR","@id":"http:\/\/bensdesign.ma\/new2\/#\/schema\/logo\/image\/","url":"https:\/\/bensdesign.ma\/new2\/wp-content\/uploads\/2024\/01\/Sans-titre-1.png","contentUrl":"https:\/\/bensdesign.ma\/new2\/wp-content\/uploads\/2024\/01\/Sans-titre-1.png","width":721,"height":155,"caption":"Bens Design"},"image":{"@id":"http:\/\/bensdesign.ma\/new2\/#\/schema\/logo\/image\/"}}]}},"_links":{"self":[{"href":"https:\/\/bensdesign.ma\/new2\/wp-json\/wp\/v2\/pages\/1724","targetHints":{"allow":["GET"]}}],"collection":[{"href":"https:\/\/bensdesign.ma\/new2\/wp-json\/wp\/v2\/pages"}],"about":[{"href":"https:\/\/bensdesign.ma\/new2\/wp-json\/wp\/v2\/types\/page"}],"author":[{"embeddable":true,"href":"https:\/\/bensdesign.ma\/new2\/wp-json\/wp\/v2\/users\/1"}],"replies":[{"embeddable":true,"href":"https:\/\/bensdesign.ma\/new2\/wp-json\/wp\/v2\/comments?post=1724"}],"version-history":[{"count":0,"href":"https:\/\/bensdesign.ma\/new2\/wp-json\/wp\/v2\/pages\/1724\/revisions"}],"wp:attachment":[{"href":"https:\/\/bensdesign.ma\/new2\/wp-json\/wp\/v2\/media?parent=1724"}],"curies":[{"name":"wp","href":"https:\/\/api.w.org\/{rel}","templated":true}]}}