{"id":1809,"date":"2018-08-17T04:31:43","date_gmt":"2018-08-17T04:31:43","guid":{"rendered":"http:\/\/themes.themegoods.com\/architecturer\/demo\/?page_id=1809"},"modified":"2018-08-17T04:31:43","modified_gmt":"2018-08-17T04:31:43","slug":"property-clip-slider","status":"publish","type":"page","link":"https:\/\/bensdesign.ma\/new2\/property-clip-slider\/","title":{"rendered":"Property Clip Slider"},"content":{"rendered":"\t\t<div data-elementor-type=\"wp-post\" data-elementor-id=\"1809\" class=\"elementor elementor-1809 elementor-bc-flex-widget\">\n\t\t\t\t\t\t\t\t\t<section class=\"elementor-section elementor-top-section elementor-element elementor-element-fffef4f elementor-section-stretched elementor-section-full_width elementor-section-height-default elementor-section-height-default\" data-id=\"fffef4f\" data-element_type=\"section\" data-settings=\"{&quot;stretch_section&quot;:&quot;section-stretched&quot;,&quot;architecturer_ext_is_background_parallax&quot;:&quot;false&quot;,&quot;architecturer_ext_is_background_on_scroll&quot;:&quot;false&quot;}\">\n\t\t\t\t\t\t<div class=\"elementor-container elementor-column-gap-default\">\n\t\t\t\t\t<div class=\"elementor-column elementor-col-100 elementor-top-column elementor-element elementor-element-514f9f5\" data-id=\"514f9f5\" data-element_type=\"column\" data-settings=\"{&quot;architecturer_ext_is_mobile_menu&quot;:&quot;false&quot;,&quot;architecturer_ext_is_scrollme&quot;:&quot;false&quot;,&quot;architecturer_ext_is_smoove&quot;:&quot;false&quot;,&quot;architecturer_ext_is_parallax_mouse&quot;:&quot;false&quot;,&quot;architecturer_ext_is_infinite&quot;:&quot;false&quot;,&quot;architecturer_ext_is_fadeout_animation&quot;:&quot;false&quot;}\">\n\t\t\t<div class=\"elementor-widget-wrap elementor-element-populated\">\n\t\t\t\t\t\t\t\t<div class=\"elementor-element elementor-element-1af1fcb elementor-widget elementor-widget-photographer-slider-property-clip\" data-id=\"1af1fcb\" data-element_type=\"widget\" data-settings=\"{&quot;architecturer_ext_is_mobile_menu&quot;:&quot;false&quot;,&quot;architecturer_ext_is_scrollme&quot;:&quot;false&quot;,&quot;architecturer_ext_is_smoove&quot;:&quot;false&quot;,&quot;architecturer_ext_is_parallax_mouse&quot;:&quot;false&quot;,&quot;architecturer_ext_is_infinite&quot;:&quot;false&quot;,&quot;architecturer_ext_is_fadeout_animation&quot;:&quot;false&quot;}\" data-widget_type=\"photographer-slider-property-clip.default\">\n\t\t\t\t<div class=\"elementor-widget-container\">\n\t\t\t<section class=\"tg_slider_property_clip_wrapper intro\" style=\"width:100%;height:680px;\">\n\t<div class=\"content right\">\n        <div>\n\t        \t    \t<span class=\"subtitle\">Residential<\/span>\n\t    \t\t\t    \t    \t<h1>Architecture<\/h1>\n\t    \t\t\t    <p>In the face of the economic plight, it is our task to become pioneers of simplicity, that is, to find a simple form for all of life\u2019s necessities, which is at the same time respectable and genuine.<\/p><p><a href=\"http:\/\/themes.themegoods.com\/architecturer\/demo\/single-portfolio-4\/\" data-wplink-url-error=\"true\">View Projec<\/a>t<\/p>\t\t<\/div>\n    <\/div>\n    <div class=\"slider left\">\n        <ul>\n\t\t\t<li class=\"tg_horizontal_gallery_cell\" style=\"background-image:url(https:\/\/bensdesign.ma\/new2\/wp-content\/uploads\/2018\/08\/pixasquare-622732-unsplash-1024x1024.jpg);\"><\/li>\n\t\t\t<li class=\"tg_horizontal_gallery_cell\" style=\"background-image:url(https:\/\/bensdesign.ma\/new2\/wp-content\/uploads\/2018\/08\/walled-tsingpu-yangzhou-retreat-neri-hu-hotel-china-architecture_dezeen_sq1-2-1024x1024.jpg);\"><\/li>\n\t        <\/ul>\n        \n        <ul>\n\t        <nav>\n\t\t\t<a href=\"javascript:;\"><\/a>\n\t\t\t<a href=\"javascript:;\"><\/a>\n\t\t        <\/nav>\n        <\/ul>\n    <\/div>\n<\/section>\n\t\t<\/div>\n\t\t\t\t<\/div>\n\t\t\t\t\t<\/div>\n\t\t<\/div>\n\t\t\t\t\t\t\t<\/div>\n\t\t<\/section>\n\t\t\t\t<section class=\"elementor-section elementor-top-section elementor-element elementor-element-e4202e8 elementor-section-stretched elementor-section-full_width elementor-section-height-default elementor-section-height-default\" data-id=\"e4202e8\" data-element_type=\"section\" data-settings=\"{&quot;stretch_section&quot;:&quot;section-stretched&quot;,&quot;architecturer_ext_is_background_parallax&quot;:&quot;false&quot;,&quot;architecturer_ext_is_background_on_scroll&quot;:&quot;false&quot;}\">\n\t\t\t\t\t\t<div class=\"elementor-container elementor-column-gap-default\">\n\t\t\t\t\t<div class=\"elementor-column elementor-col-100 elementor-top-column elementor-element elementor-element-ea9de1c\" data-id=\"ea9de1c\" data-element_type=\"column\" data-settings=\"{&quot;architecturer_ext_is_mobile_menu&quot;:&quot;false&quot;,&quot;architecturer_ext_is_scrollme&quot;:&quot;false&quot;,&quot;architecturer_ext_is_smoove&quot;:&quot;false&quot;,&quot;architecturer_ext_is_parallax_mouse&quot;:&quot;false&quot;,&quot;architecturer_ext_is_infinite&quot;:&quot;false&quot;,&quot;architecturer_ext_is_fadeout_animation&quot;:&quot;false&quot;}\">\n\t\t\t<div class=\"elementor-widget-wrap elementor-element-populated\">\n\t\t\t\t\t\t\t\t<div class=\"elementor-element elementor-element-1195ee1 elementor-widget elementor-widget-photographer-slider-property-clip\" data-id=\"1195ee1\" data-element_type=\"widget\" data-settings=\"{&quot;architecturer_ext_is_mobile_menu&quot;:&quot;false&quot;,&quot;architecturer_ext_is_scrollme&quot;:&quot;false&quot;,&quot;architecturer_ext_is_smoove&quot;:&quot;false&quot;,&quot;architecturer_ext_is_parallax_mouse&quot;:&quot;false&quot;,&quot;architecturer_ext_is_infinite&quot;:&quot;false&quot;,&quot;architecturer_ext_is_fadeout_animation&quot;:&quot;false&quot;}\" data-widget_type=\"photographer-slider-property-clip.default\">\n\t\t\t\t<div class=\"elementor-widget-container\">\n\t\t\t<section class=\"tg_slider_property_clip_wrapper intro\" style=\"width:100%;height:680px;\">\n\t<div class=\"content left\">\n        <div>\n\t        \t    \t<span class=\"subtitle\">Residential<\/span>\n\t    \t\t\t    \t    \t<h1>Interior<\/h1>\n\t    \t\t\t    <p>In the face of the economic plight, it is our task to become pioneers of simplicity, that is, to find a simple form for all of life\u2019s necessities, which is at the same time respectable and genuine.<\/p><p><a href=\"http:\/\/themes.themegoods.com\/architecturer\/demo\/single-portfolio-1\/\" data-wplink-url-error=\"true\">View Projec<\/a>t<\/p>\t\t<\/div>\n    <\/div>\n    <div class=\"slider right\">\n        <ul>\n\t\t\t<li class=\"tg_horizontal_gallery_cell\" style=\"background-image:url(https:\/\/bensdesign.ma\/new2\/wp-content\/uploads\/2018\/08\/suteki-home-kengo-kuma-portland_dezeen_2364_sq-1-1024x1024.jpg);\"><\/li>\n\t\t\t<li class=\"tg_horizontal_gallery_cell\" style=\"background-image:url(https:\/\/bensdesign.ma\/new2\/wp-content\/uploads\/2018\/08\/christelle-bourgeois-97314-unsplash-1024x1001.jpg);\"><\/li>\n\t        <\/ul>\n        \n        <ul>\n\t        <nav>\n\t\t\t<a href=\"javascript:;\"><\/a>\n\t\t\t<a href=\"javascript:;\"><\/a>\n\t\t        <\/nav>\n        <\/ul>\n    <\/div>\n<\/section>\n\t\t<\/div>\n\t\t\t\t<\/div>\n\t\t\t\t\t<\/div>\n\t\t<\/div>\n\t\t\t\t\t\t\t<\/div>\n\t\t<\/section>\n\t\t\t\t\t\t\t<\/div>\n\t\t","protected":false},"excerpt":{"rendered":"<p>Residential Architecture In the face of the economic plight, it is our task to become pioneers of simplicity, that is, to find a simple form for all of life\u2019s necessities, which is at the same time respectable and genuine. t [&hellip;]<\/p>\n","protected":false},"author":1,"featured_media":0,"parent":0,"menu_order":0,"comment_status":"closed","ping_status":"closed","template":"","meta":{"footnotes":""},"class_list":["post-1809","page","type-page","status-publish","hentry"],"yoast_head":"<!-- This site is optimized with the Yoast SEO plugin v22.5 - https:\/\/yoast.com\/wordpress\/plugins\/seo\/ -->\n<title>Property Clip Slider - Bens Design<\/title>\n<meta name=\"robots\" content=\"index, follow, max-snippet:-1, max-image-preview:large, max-video-preview:-1\" \/>\n<link rel=\"canonical\" href=\"https:\/\/bensdesign.ma\/new2\/property-clip-slider\/\" \/>\n<meta property=\"og:locale\" content=\"fr_FR\" \/>\n<meta property=\"og:type\" content=\"article\" \/>\n<meta property=\"og:title\" content=\"Property Clip Slider - Bens Design\" \/>\n<meta property=\"og:description\" content=\"Residential Architecture In the face of the economic plight, it is our task to become pioneers of simplicity, that is, to find a simple form for all of life\u2019s necessities, which is at the same time respectable and genuine. t [&hellip;]\" \/>\n<meta property=\"og:url\" content=\"https:\/\/bensdesign.ma\/new2\/property-clip-slider\/\" \/>\n<meta property=\"og:site_name\" content=\"Bens Design\" \/>\n<meta name=\"twitter:card\" content=\"summary_large_image\" \/>\n<script type=\"application\/ld+json\" class=\"yoast-schema-graph\">{\"@context\":\"https:\/\/schema.org\",\"@graph\":[{\"@type\":\"WebPage\",\"@id\":\"https:\/\/bensdesign.ma\/new2\/property-clip-slider\/\",\"url\":\"https:\/\/bensdesign.ma\/new2\/property-clip-slider\/\",\"name\":\"Property Clip Slider - Bens Design\",\"isPartOf\":{\"@id\":\"http:\/\/bensdesign.ma\/new2\/#website\"},\"datePublished\":\"2018-08-17T04:31:43+00:00\",\"dateModified\":\"2018-08-17T04:31:43+00:00\",\"breadcrumb\":{\"@id\":\"https:\/\/bensdesign.ma\/new2\/property-clip-slider\/#breadcrumb\"},\"inLanguage\":\"fr-FR\",\"potentialAction\":[{\"@type\":\"ReadAction\",\"target\":[\"https:\/\/bensdesign.ma\/new2\/property-clip-slider\/\"]}]},{\"@type\":\"BreadcrumbList\",\"@id\":\"https:\/\/bensdesign.ma\/new2\/property-clip-slider\/#breadcrumb\",\"itemListElement\":[{\"@type\":\"ListItem\",\"position\":1,\"name\":\"Accueil\",\"item\":\"http:\/\/bensdesign.ma\/new2\/\"},{\"@type\":\"ListItem\",\"position\":2,\"name\":\"Property Clip Slider\"}]},{\"@type\":\"WebSite\",\"@id\":\"http:\/\/bensdesign.ma\/new2\/#website\",\"url\":\"http:\/\/bensdesign.ma\/new2\/\",\"name\":\"Bens Design\",\"description\":\"Architecte d&#039;int\u00e9rieur | D\u00e9corateur d&#039;int\u00e9rieur | D\u00e9corateur\",\"publisher\":{\"@id\":\"http:\/\/bensdesign.ma\/new2\/#organization\"},\"potentialAction\":[{\"@type\":\"SearchAction\",\"target\":{\"@type\":\"EntryPoint\",\"urlTemplate\":\"http:\/\/bensdesign.ma\/new2\/?s={search_term_string}\"},\"query-input\":\"required name=search_term_string\"}],\"inLanguage\":\"fr-FR\"},{\"@type\":\"Organization\",\"@id\":\"http:\/\/bensdesign.ma\/new2\/#organization\",\"name\":\"Bens Design\",\"url\":\"http:\/\/bensdesign.ma\/new2\/\",\"logo\":{\"@type\":\"ImageObject\",\"inLanguage\":\"fr-FR\",\"@id\":\"http:\/\/bensdesign.ma\/new2\/#\/schema\/logo\/image\/\",\"url\":\"https:\/\/bensdesign.ma\/new2\/wp-content\/uploads\/2024\/01\/Sans-titre-1.png\",\"contentUrl\":\"https:\/\/bensdesign.ma\/new2\/wp-content\/uploads\/2024\/01\/Sans-titre-1.png\",\"width\":721,\"height\":155,\"caption\":\"Bens Design\"},\"image\":{\"@id\":\"http:\/\/bensdesign.ma\/new2\/#\/schema\/logo\/image\/\"}}]}<\/script>\n<!-- \/ Yoast SEO plugin. -->","yoast_head_json":{"title":"Property Clip Slider - Bens Design","robots":{"index":"index","follow":"follow","max-snippet":"max-snippet:-1","max-image-preview":"max-image-preview:large","max-video-preview":"max-video-preview:-1"},"canonical":"https:\/\/bensdesign.ma\/new2\/property-clip-slider\/","og_locale":"fr_FR","og_type":"article","og_title":"Property Clip Slider - Bens Design","og_description":"Residential Architecture In the face of the economic plight, it is our task to become pioneers of simplicity, that is, to find a simple form for all of life\u2019s necessities, which is at the same time respectable and genuine. t [&hellip;]","og_url":"https:\/\/bensdesign.ma\/new2\/property-clip-slider\/","og_site_name":"Bens Design","twitter_card":"summary_large_image","schema":{"@context":"https:\/\/schema.org","@graph":[{"@type":"WebPage","@id":"https:\/\/bensdesign.ma\/new2\/property-clip-slider\/","url":"https:\/\/bensdesign.ma\/new2\/property-clip-slider\/","name":"Property Clip Slider - Bens Design","isPartOf":{"@id":"http:\/\/bensdesign.ma\/new2\/#website"},"datePublished":"2018-08-17T04:31:43+00:00","dateModified":"2018-08-17T04:31:43+00:00","breadcrumb":{"@id":"https:\/\/bensdesign.ma\/new2\/property-clip-slider\/#breadcrumb"},"inLanguage":"fr-FR","potentialAction":[{"@type":"ReadAction","target":["https:\/\/bensdesign.ma\/new2\/property-clip-slider\/"]}]},{"@type":"BreadcrumbList","@id":"https:\/\/bensdesign.ma\/new2\/property-clip-slider\/#breadcrumb","itemListElement":[{"@type":"ListItem","position":1,"name":"Accueil","item":"http:\/\/bensdesign.ma\/new2\/"},{"@type":"ListItem","position":2,"name":"Property Clip Slider"}]},{"@type":"WebSite","@id":"http:\/\/bensdesign.ma\/new2\/#website","url":"http:\/\/bensdesign.ma\/new2\/","name":"Bens Design","description":"Architecte d&#039;int\u00e9rieur | D\u00e9corateur d&#039;int\u00e9rieur | D\u00e9corateur","publisher":{"@id":"http:\/\/bensdesign.ma\/new2\/#organization"},"potentialAction":[{"@type":"SearchAction","target":{"@type":"EntryPoint","urlTemplate":"http:\/\/bensdesign.ma\/new2\/?s={search_term_string}"},"query-input":"required name=search_term_string"}],"inLanguage":"fr-FR"},{"@type":"Organization","@id":"http:\/\/bensdesign.ma\/new2\/#organization","name":"Bens Design","url":"http:\/\/bensdesign.ma\/new2\/","logo":{"@type":"ImageObject","inLanguage":"fr-FR","@id":"http:\/\/bensdesign.ma\/new2\/#\/schema\/logo\/image\/","url":"https:\/\/bensdesign.ma\/new2\/wp-content\/uploads\/2024\/01\/Sans-titre-1.png","contentUrl":"https:\/\/bensdesign.ma\/new2\/wp-content\/uploads\/2024\/01\/Sans-titre-1.png","width":721,"height":155,"caption":"Bens Design"},"image":{"@id":"http:\/\/bensdesign.ma\/new2\/#\/schema\/logo\/image\/"}}]}},"_links":{"self":[{"href":"https:\/\/bensdesign.ma\/new2\/wp-json\/wp\/v2\/pages\/1809","targetHints":{"allow":["GET"]}}],"collection":[{"href":"https:\/\/bensdesign.ma\/new2\/wp-json\/wp\/v2\/pages"}],"about":[{"href":"https:\/\/bensdesign.ma\/new2\/wp-json\/wp\/v2\/types\/page"}],"author":[{"embeddable":true,"href":"https:\/\/bensdesign.ma\/new2\/wp-json\/wp\/v2\/users\/1"}],"replies":[{"embeddable":true,"href":"https:\/\/bensdesign.ma\/new2\/wp-json\/wp\/v2\/comments?post=1809"}],"version-history":[{"count":0,"href":"https:\/\/bensdesign.ma\/new2\/wp-json\/wp\/v2\/pages\/1809\/revisions"}],"wp:attachment":[{"href":"https:\/\/bensdesign.ma\/new2\/wp-json\/wp\/v2\/media?parent=1809"}],"curies":[{"name":"wp","href":"https:\/\/api.w.org\/{rel}","templated":true}]}}