{"id":2047,"date":"2018-08-20T03:13:26","date_gmt":"2018-08-20T03:13:26","guid":{"rendered":"http:\/\/themes.themegoods.com\/architecturer\/demo\/?page_id=2047"},"modified":"2018-08-20T03:13:26","modified_gmt":"2018-08-20T03:13:26","slug":"home-6","status":"publish","type":"page","link":"https:\/\/bensdesign.ma\/new2\/home-6\/","title":{"rendered":"Home 6"},"content":{"rendered":"\t\t<div data-elementor-type=\"wp-post\" data-elementor-id=\"2047\" class=\"elementor elementor-2047 elementor-bc-flex-widget\">\n\t\t\t\t\t\t\t\t\t<section class=\"elementor-section elementor-top-section elementor-element elementor-element-64a2513 elementor-section-height-full elementor-section-boxed elementor-section-height-default elementor-section-items-middle\" data-id=\"64a2513\" data-element_type=\"section\" data-settings=\"{&quot;architecturer_ext_is_background_parallax&quot;:&quot;false&quot;,&quot;architecturer_ext_is_background_on_scroll&quot;:&quot;false&quot;}\">\n\t\t\t\t\t\t<div class=\"elementor-container elementor-column-gap-default\">\n\t\t\t\t\t<div class=\"elementor-column elementor-col-100 elementor-top-column elementor-element elementor-element-850bcdd\" data-id=\"850bcdd\" data-element_type=\"column\" data-settings=\"{&quot;architecturer_ext_is_mobile_menu&quot;:&quot;false&quot;,&quot;architecturer_ext_is_scrollme&quot;:&quot;false&quot;,&quot;architecturer_ext_is_smoove&quot;:&quot;false&quot;,&quot;architecturer_ext_is_parallax_mouse&quot;:&quot;false&quot;,&quot;architecturer_ext_is_infinite&quot;:&quot;false&quot;,&quot;architecturer_ext_is_fadeout_animation&quot;:&quot;false&quot;}\">\n\t\t\t<div class=\"elementor-widget-wrap elementor-element-populated\">\n\t\t\t\t\t\t\t\t<div class=\"elementor-element elementor-element-e2c68e8 elementor-widget elementor-widget-photographer-slider-room\" data-id=\"e2c68e8\" data-element_type=\"widget\" data-settings=\"{&quot;architecturer_ext_is_mobile_menu&quot;:&quot;false&quot;,&quot;architecturer_ext_is_scrollme&quot;:&quot;false&quot;,&quot;architecturer_ext_is_smoove&quot;:&quot;false&quot;,&quot;architecturer_ext_is_parallax_mouse&quot;:&quot;false&quot;,&quot;architecturer_ext_is_infinite&quot;:&quot;false&quot;,&quot;architecturer_ext_is_fadeout_animation&quot;:&quot;false&quot;}\" data-widget_type=\"photographer-slider-room.default\">\n\t\t\t\t<div class=\"elementor-widget-container\">\n\t\t\t<div class=\"tg_room_slider_wrapper\">\n\t<div class=\"bg_overlay\"><\/div>\n\t\n\t<div class=\"container\">\n\t\t<div class=\"scroller\">\n\t\t<div class=\"room room--current\">\n\t\t\t\t\t\t\t<div class=\"room__side room__side--back\">\n\t\t\t\t\t\t\t\t\t<img decoding=\"async\" class=\"room__img\" src=\"http:\/\/themes.themegoods.com\/architecturer\/demo\/wp-content\/uploads\/2018\/08\/PettitSevitt_MkV_Ext_Entrance.jpg\" alt=\"\"\/>\n\t\t\t\t\t\t\t\t\t\t\t\t\t<img decoding=\"async\" class=\"room__img\" src=\"http:\/\/themes.themegoods.com\/architecturer\/demo\/wp-content\/uploads\/2018\/08\/small-home-office-with-white-interior-decoration-ideas-under-wooden-staircase-with-laminate-flooring-tile-parquet-table-kitchen-wall-cabinets-with-door-and-shelving-units.jpg\" alt=\"\"\/>\n\t\t\t\t\t\t\t\t<\/div>\n\t\t\t\t<div class=\"room__side room__side--left\">\n\t\t\t\t\t\t\t\t\t\t\t<img decoding=\"async\" class=\"room__img\" src=\"http:\/\/themes.themegoods.com\/architecturer\/demo\/wp-content\/uploads\/2018\/08\/d79a08f0c0f0e26dc960695470824495.jpg\" alt=\"\"\/>\n\t\t\t\t\t\t\t\t\t\t\t\t\t\t\t\t<img decoding=\"async\" class=\"room__img\" src=\"http:\/\/themes.themegoods.com\/architecturer\/demo\/wp-content\/uploads\/2018\/08\/architecture-modern-architects-modern-tritmonk-building-photo-gallery-for-futuristic-exterior-design-idea-reading-santa-spanish-exterior-york-top-and-famous-of-modern-architect.jpg\" alt=\"\"\/>\n\t\t\t\t\t\t\t\t\t\t\t\t\t\t\t\t<img decoding=\"async\" class=\"room__img\" src=\"http:\/\/themes.themegoods.com\/architecturer\/demo\/wp-content\/uploads\/2018\/08\/xModern-Eco-friendly-House-2.jpg.pagespeed.ic_.el4ZtL7FI9.jpg\" alt=\"\"\/>\n\t\t\t\t\t\t\t\t\t<\/div>\n\t\t\t\t<div class=\"room__side room__side--right\">\n\t\t\t\t\t\t\t\t\t\t\t<img decoding=\"async\" class=\"room__img\" src=\"http:\/\/themes.themegoods.com\/architecturer\/demo\/wp-content\/uploads\/2018\/08\/Sleek-and-Modern-Interior-by-Marcelo-Mota-Arquitectura-3.jpg\" alt=\"\"\/>\n\t\t\t\t\t\t\t\t\t\t\t\t\t\t\t\t<img decoding=\"async\" class=\"room__img\" src=\"http:\/\/themes.themegoods.com\/architecturer\/demo\/wp-content\/uploads\/2018\/08\/Mid-Century-Modern-10.-Matt-Gibson.jpg\" alt=\"\"\/>\n\t\t\t\t\t\t\t\t\t\t\t\t\t\t\t\t<img decoding=\"async\" class=\"room__img\" src=\"http:\/\/themes.themegoods.com\/architecturer\/demo\/wp-content\/uploads\/2018\/08\/minecraft-wood-and-stone-house-exterior-home-design-houzz-best-architecture-house-excerpt-nice-of-minecraft-wood-and-stone-house.jpg\" alt=\"\"\/>\n\t\t\t\t\t\t\t\t\t<\/div>\n\t\t\t\t<div class=\"room__side room__side--bottom\"><\/div>\n\t\t\t\t\t<\/div>\n\t\t<div class=\"room \">\n\t\t\t\t\t\t\t<div class=\"room__side room__side--back\">\n\t\t\t\t\t\t\t\t\t<img decoding=\"async\" class=\"room__img\" src=\"http:\/\/themes.themegoods.com\/architecturer\/demo\/wp-content\/uploads\/2018\/08\/adi-constantin-85028-unsplash.jpg\" alt=\"\"\/>\n\t\t\t\t\t\t\t\t\t\t\t\t\t<img decoding=\"async\" class=\"room__img\" src=\"http:\/\/themes.themegoods.com\/architecturer\/demo\/wp-content\/uploads\/2018\/08\/apartment-architecture-bright-day-1024248.jpg\" alt=\"\"\/>\n\t\t\t\t\t\t\t\t<\/div>\n\t\t\t\t<div class=\"room__side room__side--left\">\n\t\t\t\t\t\t\t\t\t\t\t<img decoding=\"async\" class=\"room__img\" src=\"http:\/\/themes.themegoods.com\/architecturer\/demo\/wp-content\/uploads\/2018\/08\/camila-ferrari-190965-unsplash.jpg\" alt=\"\"\/>\n\t\t\t\t\t\t\t\t\t\t\t\t\t\t\t\t<img decoding=\"async\" class=\"room__img\" src=\"http:\/\/themes.themegoods.com\/architecturer\/demo\/wp-content\/uploads\/2018\/08\/michael-shannon-567440-unsplash.jpg\" alt=\"\"\/>\n\t\t\t\t\t\t\t\t\t\t\t\t\t\t\t\t<img decoding=\"async\" class=\"room__img\" src=\"http:\/\/themes.themegoods.com\/architecturer\/demo\/wp-content\/uploads\/2018\/08\/lycs-lycs-744227-unsplash.jpg\" alt=\"\"\/>\n\t\t\t\t\t\t\t\t\t<\/div>\n\t\t\t\t<div class=\"room__side room__side--right\">\n\t\t\t\t\t\t\t\t\t\t\t<img decoding=\"async\" class=\"room__img\" src=\"http:\/\/themes.themegoods.com\/architecturer\/demo\/wp-content\/uploads\/2018\/08\/julien-rocheblave-545776-unsplash.jpg\" alt=\"\"\/>\n\t\t\t\t\t\t\t\t\t\t\t\t\t\t\t\t<img decoding=\"async\" class=\"room__img\" src=\"http:\/\/themes.themegoods.com\/architecturer\/demo\/wp-content\/uploads\/2018\/08\/T17_0168.jpg\" alt=\"\"\/>\n\t\t\t\t\t\t\t\t\t\t\t\t\t\t\t\t<img decoding=\"async\" class=\"room__img\" src=\"http:\/\/themes.themegoods.com\/architecturer\/demo\/wp-content\/uploads\/2018\/08\/pixasquare-622732-unsplash.jpg\" alt=\"\"\/>\n\t\t\t\t\t\t\t\t\t<\/div>\n\t\t\t\t<div class=\"room__side room__side--bottom\"><\/div>\n\t\t\t\t\t<\/div>\n\n\t\t<\/div>\n\t<\/div>\n\t\n\t<div class=\"content\">\n\t\t<div class=\"slides\">\n\t\t<div class=\"slide\">\n\t\t\t<h2 class=\"slide__name\">Residential Projects<\/h2>\n\t\t\t<div class=\"slide__title\">\n\t\t\t\tWhen, while the lovely valley teems with vapour around me, and the meridian sun strikes the upper surface of the impenetrable foliage of my trees.\t\t\t<\/div>\n\t\t\t\t\t\t<p class=\"slide__date\"><a class=\"button\" href=\"#\" >View Portfolio<\/a><\/p>\n\t\t<\/div>\n\t\t<div class=\"slide\">\n\t\t\t<h2 class=\"slide__name\">Commercial Projects<\/h2>\n\t\t\t<div class=\"slide__title\">\n\t\t\t\tBulla fringilla purus at leo dignissim congue. Mauris elementum accumsan leo vel tempor. Aenean sagittis diam vel enim tempus sit amet cursus nisl aliquam.\t\t\t<\/div>\n\t\t\t\t\t\t<p class=\"slide__date\"><a class=\"button\" href=\"#\" >View Portfolio<\/a><\/p>\n\t\t<\/div>\n\t\t<\/div>\n\t\t\t\t\t<nav class=\"nav\">\n\t\t\t\t<button class=\"btn btn--nav btn--nav-left\">\n\t\t\t\t\t<i class=\"fas fa-long-arrow-alt-left\"><\/i>\n\t\t\t\t<\/button>\n\t\t\t\t<button class=\"btn btn--nav btn--nav-right\">\n\t\t\t\t\t<i class=\"fas fa-long-arrow-alt-right\"><\/i>\n\t\t\t\t<\/button>\n\t\t\t<\/nav>\n\t\t\t<\/div>\n\t<div class=\"overlay overlay--loader overlay--active\">\n\t\t<div class=\"loader\">\n\t\t\t<div><\/div>\n\t\t\t<div><\/div>\n\t\t\t<div><\/div>\n\t\t<\/div>\n\t<\/div>\n<\/div>\n\t\t<\/div>\n\t\t\t\t<\/div>\n\t\t\t\t\t<\/div>\n\t\t<\/div>\n\t\t\t\t\t\t\t<\/div>\n\t\t<\/section>\n\t\t\t\t\t\t\t<\/div>\n\t\t","protected":false},"excerpt":{"rendered":"<p>Residential Projects When, while the lovely valley teems with vapour around me, and the meridian sun strikes the upper surface of the impenetrable foliage of my trees. View Portfolio Commercial Projects Bulla fringilla purus at leo dignissim congue. Mauris elementum [&hellip;]<\/p>\n","protected":false},"author":1,"featured_media":0,"parent":0,"menu_order":0,"comment_status":"closed","ping_status":"closed","template":"","meta":{"footnotes":""},"class_list":["post-2047","page","type-page","status-publish","hentry"],"yoast_head":"<!-- This site is optimized with the Yoast SEO plugin v22.5 - https:\/\/yoast.com\/wordpress\/plugins\/seo\/ -->\n<title>Home 6 - Bens Design<\/title>\n<meta name=\"robots\" content=\"index, follow, max-snippet:-1, max-image-preview:large, max-video-preview:-1\" \/>\n<link rel=\"canonical\" href=\"https:\/\/bensdesign.ma\/new2\/home-6\/\" \/>\n<meta property=\"og:locale\" content=\"fr_FR\" \/>\n<meta property=\"og:type\" content=\"article\" \/>\n<meta property=\"og:title\" content=\"Home 6 - Bens Design\" \/>\n<meta property=\"og:description\" content=\"Residential Projects When, while the lovely valley teems with vapour around me, and the meridian sun strikes the upper surface of the impenetrable foliage of my trees. View Portfolio Commercial Projects Bulla fringilla purus at leo dignissim congue. Mauris elementum [&hellip;]\" \/>\n<meta property=\"og:url\" content=\"https:\/\/bensdesign.ma\/new2\/home-6\/\" \/>\n<meta property=\"og:site_name\" content=\"Bens Design\" \/>\n<meta property=\"og:image\" content=\"https:\/\/themes.themegoods.com\/architecturer\/demo\/wp-content\/uploads\/2018\/08\/PettitSevitt_MkV_Ext_Entrance-768x512.jpg\" \/>\n<meta name=\"twitter:card\" content=\"summary_large_image\" \/>\n<script type=\"application\/ld+json\" class=\"yoast-schema-graph\">{\"@context\":\"https:\/\/schema.org\",\"@graph\":[{\"@type\":\"WebPage\",\"@id\":\"https:\/\/bensdesign.ma\/new2\/home-6\/\",\"url\":\"https:\/\/bensdesign.ma\/new2\/home-6\/\",\"name\":\"Home 6 - Bens Design\",\"isPartOf\":{\"@id\":\"http:\/\/bensdesign.ma\/new2\/#website\"},\"primaryImageOfPage\":{\"@id\":\"https:\/\/bensdesign.ma\/new2\/home-6\/#primaryimage\"},\"image\":{\"@id\":\"https:\/\/bensdesign.ma\/new2\/home-6\/#primaryimage\"},\"thumbnailUrl\":\"https:\/\/themes.themegoods.com\/architecturer\/demo\/wp-content\/uploads\/2018\/08\/PettitSevitt_MkV_Ext_Entrance-768x512.jpg\",\"datePublished\":\"2018-08-20T03:13:26+00:00\",\"dateModified\":\"2018-08-20T03:13:26+00:00\",\"breadcrumb\":{\"@id\":\"https:\/\/bensdesign.ma\/new2\/home-6\/#breadcrumb\"},\"inLanguage\":\"fr-FR\",\"potentialAction\":[{\"@type\":\"ReadAction\",\"target\":[\"https:\/\/bensdesign.ma\/new2\/home-6\/\"]}]},{\"@type\":\"ImageObject\",\"inLanguage\":\"fr-FR\",\"@id\":\"https:\/\/bensdesign.ma\/new2\/home-6\/#primaryimage\",\"url\":\"https:\/\/themes.themegoods.com\/architecturer\/demo\/wp-content\/uploads\/2018\/08\/PettitSevitt_MkV_Ext_Entrance-768x512.jpg\",\"contentUrl\":\"https:\/\/themes.themegoods.com\/architecturer\/demo\/wp-content\/uploads\/2018\/08\/PettitSevitt_MkV_Ext_Entrance-768x512.jpg\"},{\"@type\":\"BreadcrumbList\",\"@id\":\"https:\/\/bensdesign.ma\/new2\/home-6\/#breadcrumb\",\"itemListElement\":[{\"@type\":\"ListItem\",\"position\":1,\"name\":\"Accueil\",\"item\":\"http:\/\/bensdesign.ma\/new2\/\"},{\"@type\":\"ListItem\",\"position\":2,\"name\":\"Home 6\"}]},{\"@type\":\"WebSite\",\"@id\":\"http:\/\/bensdesign.ma\/new2\/#website\",\"url\":\"http:\/\/bensdesign.ma\/new2\/\",\"name\":\"Bens Design\",\"description\":\"Architecte d&#039;int\u00e9rieur | D\u00e9corateur d&#039;int\u00e9rieur | D\u00e9corateur\",\"publisher\":{\"@id\":\"http:\/\/bensdesign.ma\/new2\/#organization\"},\"potentialAction\":[{\"@type\":\"SearchAction\",\"target\":{\"@type\":\"EntryPoint\",\"urlTemplate\":\"http:\/\/bensdesign.ma\/new2\/?s={search_term_string}\"},\"query-input\":\"required name=search_term_string\"}],\"inLanguage\":\"fr-FR\"},{\"@type\":\"Organization\",\"@id\":\"http:\/\/bensdesign.ma\/new2\/#organization\",\"name\":\"Bens Design\",\"url\":\"http:\/\/bensdesign.ma\/new2\/\",\"logo\":{\"@type\":\"ImageObject\",\"inLanguage\":\"fr-FR\",\"@id\":\"http:\/\/bensdesign.ma\/new2\/#\/schema\/logo\/image\/\",\"url\":\"https:\/\/bensdesign.ma\/new2\/wp-content\/uploads\/2024\/01\/Sans-titre-1.png\",\"contentUrl\":\"https:\/\/bensdesign.ma\/new2\/wp-content\/uploads\/2024\/01\/Sans-titre-1.png\",\"width\":721,\"height\":155,\"caption\":\"Bens Design\"},\"image\":{\"@id\":\"http:\/\/bensdesign.ma\/new2\/#\/schema\/logo\/image\/\"}}]}<\/script>\n<!-- \/ Yoast SEO plugin. -->","yoast_head_json":{"title":"Home 6 - Bens Design","robots":{"index":"index","follow":"follow","max-snippet":"max-snippet:-1","max-image-preview":"max-image-preview:large","max-video-preview":"max-video-preview:-1"},"canonical":"https:\/\/bensdesign.ma\/new2\/home-6\/","og_locale":"fr_FR","og_type":"article","og_title":"Home 6 - Bens Design","og_description":"Residential Projects When, while the lovely valley teems with vapour around me, and the meridian sun strikes the upper surface of the impenetrable foliage of my trees. View Portfolio Commercial Projects Bulla fringilla purus at leo dignissim congue. Mauris elementum [&hellip;]","og_url":"https:\/\/bensdesign.ma\/new2\/home-6\/","og_site_name":"Bens Design","og_image":[{"url":"https:\/\/themes.themegoods.com\/architecturer\/demo\/wp-content\/uploads\/2018\/08\/PettitSevitt_MkV_Ext_Entrance-768x512.jpg"}],"twitter_card":"summary_large_image","schema":{"@context":"https:\/\/schema.org","@graph":[{"@type":"WebPage","@id":"https:\/\/bensdesign.ma\/new2\/home-6\/","url":"https:\/\/bensdesign.ma\/new2\/home-6\/","name":"Home 6 - Bens Design","isPartOf":{"@id":"http:\/\/bensdesign.ma\/new2\/#website"},"primaryImageOfPage":{"@id":"https:\/\/bensdesign.ma\/new2\/home-6\/#primaryimage"},"image":{"@id":"https:\/\/bensdesign.ma\/new2\/home-6\/#primaryimage"},"thumbnailUrl":"https:\/\/themes.themegoods.com\/architecturer\/demo\/wp-content\/uploads\/2018\/08\/PettitSevitt_MkV_Ext_Entrance-768x512.jpg","datePublished":"2018-08-20T03:13:26+00:00","dateModified":"2018-08-20T03:13:26+00:00","breadcrumb":{"@id":"https:\/\/bensdesign.ma\/new2\/home-6\/#breadcrumb"},"inLanguage":"fr-FR","potentialAction":[{"@type":"ReadAction","target":["https:\/\/bensdesign.ma\/new2\/home-6\/"]}]},{"@type":"ImageObject","inLanguage":"fr-FR","@id":"https:\/\/bensdesign.ma\/new2\/home-6\/#primaryimage","url":"https:\/\/themes.themegoods.com\/architecturer\/demo\/wp-content\/uploads\/2018\/08\/PettitSevitt_MkV_Ext_Entrance-768x512.jpg","contentUrl":"https:\/\/themes.themegoods.com\/architecturer\/demo\/wp-content\/uploads\/2018\/08\/PettitSevitt_MkV_Ext_Entrance-768x512.jpg"},{"@type":"BreadcrumbList","@id":"https:\/\/bensdesign.ma\/new2\/home-6\/#breadcrumb","itemListElement":[{"@type":"ListItem","position":1,"name":"Accueil","item":"http:\/\/bensdesign.ma\/new2\/"},{"@type":"ListItem","position":2,"name":"Home 6"}]},{"@type":"WebSite","@id":"http:\/\/bensdesign.ma\/new2\/#website","url":"http:\/\/bensdesign.ma\/new2\/","name":"Bens Design","description":"Architecte d&#039;int\u00e9rieur | D\u00e9corateur d&#039;int\u00e9rieur | D\u00e9corateur","publisher":{"@id":"http:\/\/bensdesign.ma\/new2\/#organization"},"potentialAction":[{"@type":"SearchAction","target":{"@type":"EntryPoint","urlTemplate":"http:\/\/bensdesign.ma\/new2\/?s={search_term_string}"},"query-input":"required name=search_term_string"}],"inLanguage":"fr-FR"},{"@type":"Organization","@id":"http:\/\/bensdesign.ma\/new2\/#organization","name":"Bens Design","url":"http:\/\/bensdesign.ma\/new2\/","logo":{"@type":"ImageObject","inLanguage":"fr-FR","@id":"http:\/\/bensdesign.ma\/new2\/#\/schema\/logo\/image\/","url":"https:\/\/bensdesign.ma\/new2\/wp-content\/uploads\/2024\/01\/Sans-titre-1.png","contentUrl":"https:\/\/bensdesign.ma\/new2\/wp-content\/uploads\/2024\/01\/Sans-titre-1.png","width":721,"height":155,"caption":"Bens Design"},"image":{"@id":"http:\/\/bensdesign.ma\/new2\/#\/schema\/logo\/image\/"}}]}},"_links":{"self":[{"href":"https:\/\/bensdesign.ma\/new2\/wp-json\/wp\/v2\/pages\/2047","targetHints":{"allow":["GET"]}}],"collection":[{"href":"https:\/\/bensdesign.ma\/new2\/wp-json\/wp\/v2\/pages"}],"about":[{"href":"https:\/\/bensdesign.ma\/new2\/wp-json\/wp\/v2\/types\/page"}],"author":[{"embeddable":true,"href":"https:\/\/bensdesign.ma\/new2\/wp-json\/wp\/v2\/users\/1"}],"replies":[{"embeddable":true,"href":"https:\/\/bensdesign.ma\/new2\/wp-json\/wp\/v2\/comments?post=2047"}],"version-history":[{"count":0,"href":"https:\/\/bensdesign.ma\/new2\/wp-json\/wp\/v2\/pages\/2047\/revisions"}],"wp:attachment":[{"href":"https:\/\/bensdesign.ma\/new2\/wp-json\/wp\/v2\/media?parent=2047"}],"curies":[{"name":"wp","href":"https:\/\/api.w.org\/{rel}","templated":true}]}}