{"id":2327,"date":"2018-08-23T10:27:49","date_gmt":"2018-08-23T10:27:49","guid":{"rendered":"http:\/\/themes.themegoods.com\/architecturer\/demo\/?page_id=2327"},"modified":"2018-08-23T10:27:49","modified_gmt":"2018-08-23T10:27:49","slug":"motion-reveal-slider","status":"publish","type":"page","link":"https:\/\/bensdesign.ma\/new2\/motion-reveal-slider\/","title":{"rendered":"Motion reveal Slider"},"content":{"rendered":"\t\t<div data-elementor-type=\"wp-post\" data-elementor-id=\"2327\" class=\"elementor elementor-2327 elementor-bc-flex-widget\">\n\t\t\t\t\t\t\t\t\t<section class=\"elementor-section elementor-top-section elementor-element elementor-element-f4d6722 elementor-section-boxed elementor-section-height-default elementor-section-height-default\" data-id=\"f4d6722\" data-element_type=\"section\" data-settings=\"{&quot;background_background&quot;:&quot;classic&quot;,&quot;architecturer_ext_is_background_parallax&quot;:&quot;false&quot;,&quot;architecturer_ext_is_background_on_scroll&quot;:&quot;false&quot;}\">\n\t\t\t\t\t\t<div class=\"elementor-container elementor-column-gap-default\">\n\t\t\t\t\t<div class=\"elementor-column elementor-col-100 elementor-top-column elementor-element elementor-element-e1dd687\" data-id=\"e1dd687\" data-element_type=\"column\" data-settings=\"{&quot;architecturer_ext_is_mobile_menu&quot;:&quot;false&quot;,&quot;architecturer_ext_is_scrollme&quot;:&quot;false&quot;,&quot;architecturer_ext_is_smoove&quot;:&quot;false&quot;,&quot;architecturer_ext_is_parallax_mouse&quot;:&quot;false&quot;,&quot;architecturer_ext_is_infinite&quot;:&quot;false&quot;,&quot;architecturer_ext_is_fadeout_animation&quot;:&quot;false&quot;}\">\n\t\t\t<div class=\"elementor-widget-wrap elementor-element-populated\">\n\t\t\t\t\t\t\t\t<div class=\"elementor-element elementor-element-0001765 elementor-widget elementor-widget-architecturer-slider-motion-reveal\" data-id=\"0001765\" data-element_type=\"widget\" data-settings=\"{&quot;architecturer_ext_is_mobile_menu&quot;:&quot;false&quot;,&quot;architecturer_ext_is_scrollme&quot;:&quot;false&quot;,&quot;architecturer_ext_is_smoove&quot;:&quot;false&quot;,&quot;architecturer_ext_is_parallax_mouse&quot;:&quot;false&quot;,&quot;architecturer_ext_is_infinite&quot;:&quot;false&quot;,&quot;architecturer_ext_is_fadeout_animation&quot;:&quot;false&quot;}\" data-widget_type=\"architecturer-slider-motion-reveal.default\">\n\t\t\t\t<div class=\"elementor-widget-container\">\n\t\t\t<svg class=\"hidden\">\n\t<symbol id=\"icon-caret\" viewBox=\"0 0 24 13\">\n\t\t<title>caret<\/title>\n\t\t<path d=\"M23.646.328a.842.842 0 0 0-1.19 0l-10.459 10.48L1.517.328a.842.842 0 0 0-1.189 1.19L11.382 12.57c.164.164.369.246.595.246.205 0 .43-.082.594-.246L23.625 1.518a.824.824 0 0 0 .02-1.19z\"\/>\n\t<\/symbol>\n<\/svg>\n<div class=\"tg_motion_reveal_slider_wrapper slideshow\">\n\t\t<div class=\"slide\" style=\"height:500px;\">\n\t\t\t<div class=\"preview\">\n\t\t\t\t<div class=\"preview__img-wrap\">\n\t\t\t\t\t<div class=\"preview__img\"><\/div>\n\t\t\t\t\t<div class=\"preview__img-reveal\"><\/div>\n\t\t\t\t<\/div>\n\t\t\t    <h3 class=\"preview__title\">Bangkok Central Library<\/h3>\n\t\t\t    <div class=\"preview__content\"><p>Meh synth Schlitz, tempor duis single-origin coffee ea next level ethnic fingerstache fanny pack nostrud. Photo booth anim 8-bit hella, PBR 3 wolf moon beard Helvetica. Salvia esse nihil, flexitarian Truffaut synth art party deep v chillwave. Seitan High Life reprehenderit consectetur cupidatat kogi. Et leggings fanny pack.<\/p><p>Exercitation photo booth stumptown tote bag Banksy, elit small batch freegan sed. Craft beer elit seitan exercitation, photo booth et 8-bit kale chips proident chillwave deep v laborum.\u00a0<em><strong>Aliquip veniam delectus, Marfa eiusmod Pinterest<\/strong><\/em>\u00a0in do umami readymade swag.\u00a0Selfies iPhone Kickstarter, drinking vinegar jean vinegar stumptown\u00a0yr pop-up artisan.<\/p><\/div>\n\t\t\t<\/div>\n\t\t\t<div class=\"slide__img-wrap\">\n\t\t\t\t<div class=\"slide__img\" style=\"background-image:url(http:\/\/themes.themegoods.com\/architecturer\/demo\/wp-content\/uploads\/2018\/08\/sylvia-yang-409493-unsplash.jpg);\"><\/div>\n\t\t\t\t<div class=\"slide__img-reveal\"><\/div>\n\t\t\t<\/div>\n\t\t\t<span class=\"slide__number\"><\/span>\n\t\t\t<h3 class=\"slide__title\">Bangkok Central Library<\/h3>\n\t\t<\/div>\n\t\t<div class=\"slide\" style=\"height:500px;\">\n\t\t\t<div class=\"preview\">\n\t\t\t\t<div class=\"preview__img-wrap\">\n\t\t\t\t\t<div class=\"preview__img\"><\/div>\n\t\t\t\t\t<div class=\"preview__img-reveal\"><\/div>\n\t\t\t\t<\/div>\n\t\t\t    <h3 class=\"preview__title\">Beijing Cultural Center<\/h3>\n\t\t\t    <div class=\"preview__content\"><p>Meh synth Schlitz, tempor duis single-origin coffee ea next level ethnic fingerstache fanny pack nostrud. Photo booth anim 8-bit hella, PBR 3 wolf moon beard Helvetica. Salvia esse nihil, flexitarian Truffaut synth art party deep v chillwave. Seitan High Life reprehenderit consectetur cupidatat kogi. Et leggings fanny pack.<\/p><p>Exercitation photo booth stumptown tote bag Banksy, elit small batch freegan sed. Craft beer elit seitan exercitation, photo booth et 8-bit kale chips proident chillwave deep v laborum.\u00a0<em><strong>Aliquip veniam delectus, Marfa eiusmod Pinterest<\/strong><\/em>\u00a0in do umami readymade swag.\u00a0Selfies iPhone Kickstarter, drinking vinegar jean vinegar stumptown\u00a0yr pop-up artisan.<\/p><\/div>\n\t\t\t<\/div>\n\t\t\t<div class=\"slide__img-wrap\">\n\t\t\t\t<div class=\"slide__img\" style=\"background-image:url(http:\/\/themes.themegoods.com\/architecturer\/demo\/wp-content\/uploads\/2018\/08\/camila-ferrari-190965-unsplash.jpg);\"><\/div>\n\t\t\t\t<div class=\"slide__img-reveal\"><\/div>\n\t\t\t<\/div>\n\t\t\t<span class=\"slide__number\"><\/span>\n\t\t\t<h3 class=\"slide__title\">Beijing Cultural Center<\/h3>\n\t\t<\/div>\n\t\t<div class=\"slide\" style=\"height:500px;\">\n\t\t\t<div class=\"preview\">\n\t\t\t\t<div class=\"preview__img-wrap\">\n\t\t\t\t\t<div class=\"preview__img\"><\/div>\n\t\t\t\t\t<div class=\"preview__img-reveal\"><\/div>\n\t\t\t\t<\/div>\n\t\t\t    <h3 class=\"preview__title\">Contemporary Interior Design<\/h3>\n\t\t\t    <div class=\"preview__content\"><p>Meh synth Schlitz, tempor duis single-origin coffee ea next level ethnic fingerstache fanny pack nostrud. Photo booth anim 8-bit hella, PBR 3 wolf moon beard Helvetica. Salvia esse nihil, flexitarian Truffaut synth art party deep v chillwave. Seitan High Life reprehenderit consectetur cupidatat kogi. Et leggings fanny pack.<\/p><p>Exercitation photo booth stumptown tote bag Banksy, elit small batch freegan sed. Craft beer elit seitan exercitation, photo booth et 8-bit kale chips proident chillwave deep v laborum.\u00a0<em><strong>Aliquip veniam delectus, Marfa eiusmod Pinterest<\/strong><\/em>\u00a0in do umami readymade swag.\u00a0Selfies iPhone Kickstarter, drinking vinegar jean vinegar stumptown\u00a0yr pop-up artisan.<\/p><\/div>\n\t\t\t<\/div>\n\t\t\t<div class=\"slide__img-wrap\">\n\t\t\t\t<div class=\"slide__img\" style=\"background-image:url(http:\/\/themes.themegoods.com\/architecturer\/demo\/wp-content\/uploads\/2018\/08\/alexandra-gorn-479346-unsplash.jpg);\"><\/div>\n\t\t\t\t<div class=\"slide__img-reveal\"><\/div>\n\t\t\t<\/div>\n\t\t\t<span class=\"slide__number\"><\/span>\n\t\t\t<h3 class=\"slide__title\">Contemporary Interior Design<\/h3>\n\t\t<\/div>\n\t<nav class=\"slidenav\">\n\t\t<button class=\"slidenav__item slidenav__item--prev\">prev<\/button>\n\t\t<button class=\"slidenav__item slidenav__item--next\">next<\/button>\n\t\t<button class=\"slidenav__preview\">\n\t\t\t<svg class=\"icon icon--caret\">\n\t\t\t\t<use xlink:href=\"#icon-caret\"><\/use>\n\t\t\t<\/svg>\n\t\t<\/button>\n\t<\/nav>\n<\/div>\n\t\t<\/div>\n\t\t\t\t<\/div>\n\t\t\t\t\t<\/div>\n\t\t<\/div>\n\t\t\t\t\t\t\t<\/div>\n\t\t<\/section>\n\t\t\t\t<section class=\"elementor-section elementor-top-section elementor-element elementor-element-2f5a69b elementor-section-boxed elementor-section-height-default elementor-section-height-default\" data-id=\"2f5a69b\" data-element_type=\"section\" data-settings=\"{&quot;architecturer_ext_is_background_parallax&quot;:&quot;false&quot;,&quot;architecturer_ext_is_background_on_scroll&quot;:&quot;false&quot;}\">\n\t\t\t\t\t\t<div class=\"elementor-container elementor-column-gap-wider\">\n\t\t\t\t\t<div class=\"elementor-column elementor-col-50 elementor-top-column elementor-element elementor-element-4f7e190\" data-id=\"4f7e190\" data-element_type=\"column\" data-settings=\"{&quot;architecturer_ext_is_mobile_menu&quot;:&quot;false&quot;,&quot;architecturer_ext_is_scrollme&quot;:&quot;false&quot;,&quot;architecturer_ext_is_smoove&quot;:&quot;false&quot;,&quot;architecturer_ext_is_parallax_mouse&quot;:&quot;false&quot;,&quot;architecturer_ext_is_infinite&quot;:&quot;false&quot;,&quot;architecturer_ext_is_fadeout_animation&quot;:&quot;false&quot;}\">\n\t\t\t<div class=\"elementor-widget-wrap elementor-element-populated\">\n\t\t\t\t\t\t\t\t<div class=\"elementor-element elementor-element-1eddfdf animated-fast elementor-invisible elementor-widget elementor-widget-heading\" data-id=\"1eddfdf\" data-element_type=\"widget\" data-settings=\"{&quot;_animation&quot;:&quot;fadeInUp&quot;,&quot;architecturer_ext_is_mobile_menu&quot;:&quot;false&quot;,&quot;architecturer_ext_is_scrollme&quot;:&quot;false&quot;,&quot;architecturer_ext_is_smoove&quot;:&quot;false&quot;,&quot;architecturer_ext_is_parallax_mouse&quot;:&quot;false&quot;,&quot;architecturer_ext_is_infinite&quot;:&quot;false&quot;,&quot;architecturer_ext_is_fadeout_animation&quot;:&quot;false&quot;}\" data-widget_type=\"heading.default\">\n\t\t\t\t<div class=\"elementor-widget-container\">\n\t\t\t<style>\/*! elementor - v3.13.2 - 11-05-2023 *\/\n.elementor-heading-title{padding:0;margin:0;line-height:1}.elementor-widget-heading .elementor-heading-title[class*=elementor-size-]>a{color:inherit;font-size:inherit;line-height:inherit}.elementor-widget-heading .elementor-heading-title.elementor-size-small{font-size:15px}.elementor-widget-heading .elementor-heading-title.elementor-size-medium{font-size:19px}.elementor-widget-heading .elementor-heading-title.elementor-size-large{font-size:29px}.elementor-widget-heading .elementor-heading-title.elementor-size-xl{font-size:39px}.elementor-widget-heading .elementor-heading-title.elementor-size-xxl{font-size:59px}<\/style><h2 class=\"elementor-heading-title elementor-size-default\">The Modern Architecture<\/h2>\t\t<\/div>\n\t\t\t\t<\/div>\n\t\t\t\t<div class=\"elementor-element elementor-element-b3ac17c animated-fast elementor-invisible elementor-widget elementor-widget-text-editor\" data-id=\"b3ac17c\" data-element_type=\"widget\" data-settings=\"{&quot;_animation&quot;:&quot;fadeInUp&quot;,&quot;_animation_delay&quot;:200,&quot;architecturer_ext_is_mobile_menu&quot;:&quot;false&quot;,&quot;architecturer_ext_is_scrollme&quot;:&quot;false&quot;,&quot;architecturer_ext_is_smoove&quot;:&quot;false&quot;,&quot;architecturer_ext_is_parallax_mouse&quot;:&quot;false&quot;,&quot;architecturer_ext_is_infinite&quot;:&quot;false&quot;,&quot;architecturer_ext_is_fadeout_animation&quot;:&quot;false&quot;}\" data-widget_type=\"text-editor.default\">\n\t\t\t\t<div class=\"elementor-widget-container\">\n\t\t\t<style>\/*! elementor - v3.13.2 - 11-05-2023 *\/\n.elementor-widget-text-editor.elementor-drop-cap-view-stacked .elementor-drop-cap{background-color:#69727d;color:#fff}.elementor-widget-text-editor.elementor-drop-cap-view-framed .elementor-drop-cap{color:#69727d;border:3px solid;background-color:transparent}.elementor-widget-text-editor:not(.elementor-drop-cap-view-default) .elementor-drop-cap{margin-top:8px}.elementor-widget-text-editor:not(.elementor-drop-cap-view-default) .elementor-drop-cap-letter{width:1em;height:1em}.elementor-widget-text-editor .elementor-drop-cap{float:left;text-align:center;line-height:1;font-size:50px}.elementor-widget-text-editor .elementor-drop-cap-letter{display:inline-block}<\/style>\t\t\t\t<p>76 Long Drive Road<br \/>Suite Avenue 212, Houston<br \/>Texas, US<\/p>\t\t\t\t\t\t<\/div>\n\t\t\t\t<\/div>\n\t\t\t\t\t<\/div>\n\t\t<\/div>\n\t\t\t\t<div class=\"elementor-column elementor-col-50 elementor-top-column elementor-element elementor-element-20a69d1\" data-id=\"20a69d1\" data-element_type=\"column\" data-settings=\"{&quot;architecturer_ext_is_mobile_menu&quot;:&quot;false&quot;,&quot;architecturer_ext_is_scrollme&quot;:&quot;false&quot;,&quot;architecturer_ext_is_smoove&quot;:&quot;false&quot;,&quot;architecturer_ext_is_parallax_mouse&quot;:&quot;false&quot;,&quot;architecturer_ext_is_infinite&quot;:&quot;false&quot;,&quot;architecturer_ext_is_fadeout_animation&quot;:&quot;false&quot;}\">\n\t\t\t<div class=\"elementor-widget-wrap elementor-element-populated\">\n\t\t\t\t\t\t\t\t<div class=\"elementor-element elementor-element-2268151 animated-fast elementor-invisible elementor-widget elementor-widget-text-editor\" data-id=\"2268151\" data-element_type=\"widget\" data-settings=\"{&quot;_animation&quot;:&quot;fadeInUp&quot;,&quot;_animation_delay&quot;:400,&quot;architecturer_ext_is_mobile_menu&quot;:&quot;false&quot;,&quot;architecturer_ext_is_scrollme&quot;:&quot;false&quot;,&quot;architecturer_ext_is_smoove&quot;:&quot;false&quot;,&quot;architecturer_ext_is_parallax_mouse&quot;:&quot;false&quot;,&quot;architecturer_ext_is_infinite&quot;:&quot;false&quot;,&quot;architecturer_ext_is_fadeout_animation&quot;:&quot;false&quot;}\" data-widget_type=\"text-editor.default\">\n\t\t\t\t<div class=\"elementor-widget-container\">\n\t\t\t\t\t\t\t<p>You have to give this much to the Luftwaffe: when it knocked down our buildings it did not replace them with anything more offensive than rubble. We did that.<\/p>\t\t\t\t\t\t<\/div>\n\t\t\t\t<\/div>\n\t\t\t\t\t<\/div>\n\t\t<\/div>\n\t\t\t\t\t\t\t<\/div>\n\t\t<\/section>\n\t\t\t\t\t\t\t<\/div>\n\t\t","protected":false},"excerpt":{"rendered":"<p>caret Bangkok Central Library Meh synth Schlitz, tempor duis single-origin coffee ea next level ethnic fingerstache fanny pack nostrud. Photo booth anim 8-bit hella, PBR 3 wolf moon beard Helvetica. Salvia esse nihil, flexitarian Truffaut synth art party deep v [&hellip;]<\/p>\n","protected":false},"author":1,"featured_media":0,"parent":0,"menu_order":0,"comment_status":"closed","ping_status":"closed","template":"","meta":{"footnotes":""},"class_list":["post-2327","page","type-page","status-publish","hentry"],"yoast_head":"<!-- This site is optimized with the Yoast SEO plugin v22.5 - https:\/\/yoast.com\/wordpress\/plugins\/seo\/ -->\n<title>Motion reveal Slider - Bens Design<\/title>\n<meta name=\"robots\" content=\"index, follow, max-snippet:-1, max-image-preview:large, max-video-preview:-1\" \/>\n<link rel=\"canonical\" href=\"https:\/\/bensdesign.ma\/new2\/motion-reveal-slider\/\" \/>\n<meta property=\"og:locale\" content=\"fr_FR\" \/>\n<meta property=\"og:type\" content=\"article\" \/>\n<meta property=\"og:title\" content=\"Motion reveal Slider - Bens Design\" \/>\n<meta property=\"og:description\" content=\"caret Bangkok Central Library Meh synth Schlitz, tempor duis single-origin coffee ea next level ethnic fingerstache fanny pack nostrud. Photo booth anim 8-bit hella, PBR 3 wolf moon beard Helvetica. Salvia esse nihil, flexitarian Truffaut synth art party deep v [&hellip;]\" \/>\n<meta property=\"og:url\" content=\"https:\/\/bensdesign.ma\/new2\/motion-reveal-slider\/\" \/>\n<meta property=\"og:site_name\" content=\"Bens Design\" \/>\n<meta name=\"twitter:card\" content=\"summary_large_image\" \/>\n<meta name=\"twitter:label1\" content=\"Dur\u00e9e de lecture estim\u00e9e\" \/>\n\t<meta name=\"twitter:data1\" content=\"2 minutes\" \/>\n<script type=\"application\/ld+json\" class=\"yoast-schema-graph\">{\"@context\":\"https:\/\/schema.org\",\"@graph\":[{\"@type\":\"WebPage\",\"@id\":\"https:\/\/bensdesign.ma\/new2\/motion-reveal-slider\/\",\"url\":\"https:\/\/bensdesign.ma\/new2\/motion-reveal-slider\/\",\"name\":\"Motion reveal Slider - Bens Design\",\"isPartOf\":{\"@id\":\"http:\/\/bensdesign.ma\/new2\/#website\"},\"datePublished\":\"2018-08-23T10:27:49+00:00\",\"dateModified\":\"2018-08-23T10:27:49+00:00\",\"breadcrumb\":{\"@id\":\"https:\/\/bensdesign.ma\/new2\/motion-reveal-slider\/#breadcrumb\"},\"inLanguage\":\"fr-FR\",\"potentialAction\":[{\"@type\":\"ReadAction\",\"target\":[\"https:\/\/bensdesign.ma\/new2\/motion-reveal-slider\/\"]}]},{\"@type\":\"BreadcrumbList\",\"@id\":\"https:\/\/bensdesign.ma\/new2\/motion-reveal-slider\/#breadcrumb\",\"itemListElement\":[{\"@type\":\"ListItem\",\"position\":1,\"name\":\"Accueil\",\"item\":\"http:\/\/bensdesign.ma\/new2\/\"},{\"@type\":\"ListItem\",\"position\":2,\"name\":\"Motion reveal Slider\"}]},{\"@type\":\"WebSite\",\"@id\":\"http:\/\/bensdesign.ma\/new2\/#website\",\"url\":\"http:\/\/bensdesign.ma\/new2\/\",\"name\":\"Bens Design\",\"description\":\"Architecte d&#039;int\u00e9rieur | D\u00e9corateur d&#039;int\u00e9rieur | D\u00e9corateur\",\"publisher\":{\"@id\":\"http:\/\/bensdesign.ma\/new2\/#organization\"},\"potentialAction\":[{\"@type\":\"SearchAction\",\"target\":{\"@type\":\"EntryPoint\",\"urlTemplate\":\"http:\/\/bensdesign.ma\/new2\/?s={search_term_string}\"},\"query-input\":\"required name=search_term_string\"}],\"inLanguage\":\"fr-FR\"},{\"@type\":\"Organization\",\"@id\":\"http:\/\/bensdesign.ma\/new2\/#organization\",\"name\":\"Bens Design\",\"url\":\"http:\/\/bensdesign.ma\/new2\/\",\"logo\":{\"@type\":\"ImageObject\",\"inLanguage\":\"fr-FR\",\"@id\":\"http:\/\/bensdesign.ma\/new2\/#\/schema\/logo\/image\/\",\"url\":\"https:\/\/bensdesign.ma\/new2\/wp-content\/uploads\/2024\/01\/Sans-titre-1.png\",\"contentUrl\":\"https:\/\/bensdesign.ma\/new2\/wp-content\/uploads\/2024\/01\/Sans-titre-1.png\",\"width\":721,\"height\":155,\"caption\":\"Bens Design\"},\"image\":{\"@id\":\"http:\/\/bensdesign.ma\/new2\/#\/schema\/logo\/image\/\"}}]}<\/script>\n<!-- \/ Yoast SEO plugin. -->","yoast_head_json":{"title":"Motion reveal Slider - Bens Design","robots":{"index":"index","follow":"follow","max-snippet":"max-snippet:-1","max-image-preview":"max-image-preview:large","max-video-preview":"max-video-preview:-1"},"canonical":"https:\/\/bensdesign.ma\/new2\/motion-reveal-slider\/","og_locale":"fr_FR","og_type":"article","og_title":"Motion reveal Slider - Bens Design","og_description":"caret Bangkok Central Library Meh synth Schlitz, tempor duis single-origin coffee ea next level ethnic fingerstache fanny pack nostrud. Photo booth anim 8-bit hella, PBR 3 wolf moon beard Helvetica. Salvia esse nihil, flexitarian Truffaut synth art party deep v [&hellip;]","og_url":"https:\/\/bensdesign.ma\/new2\/motion-reveal-slider\/","og_site_name":"Bens Design","twitter_card":"summary_large_image","twitter_misc":{"Dur\u00e9e de lecture estim\u00e9e":"2 minutes"},"schema":{"@context":"https:\/\/schema.org","@graph":[{"@type":"WebPage","@id":"https:\/\/bensdesign.ma\/new2\/motion-reveal-slider\/","url":"https:\/\/bensdesign.ma\/new2\/motion-reveal-slider\/","name":"Motion reveal Slider - Bens Design","isPartOf":{"@id":"http:\/\/bensdesign.ma\/new2\/#website"},"datePublished":"2018-08-23T10:27:49+00:00","dateModified":"2018-08-23T10:27:49+00:00","breadcrumb":{"@id":"https:\/\/bensdesign.ma\/new2\/motion-reveal-slider\/#breadcrumb"},"inLanguage":"fr-FR","potentialAction":[{"@type":"ReadAction","target":["https:\/\/bensdesign.ma\/new2\/motion-reveal-slider\/"]}]},{"@type":"BreadcrumbList","@id":"https:\/\/bensdesign.ma\/new2\/motion-reveal-slider\/#breadcrumb","itemListElement":[{"@type":"ListItem","position":1,"name":"Accueil","item":"http:\/\/bensdesign.ma\/new2\/"},{"@type":"ListItem","position":2,"name":"Motion reveal Slider"}]},{"@type":"WebSite","@id":"http:\/\/bensdesign.ma\/new2\/#website","url":"http:\/\/bensdesign.ma\/new2\/","name":"Bens Design","description":"Architecte d&#039;int\u00e9rieur | D\u00e9corateur d&#039;int\u00e9rieur | D\u00e9corateur","publisher":{"@id":"http:\/\/bensdesign.ma\/new2\/#organization"},"potentialAction":[{"@type":"SearchAction","target":{"@type":"EntryPoint","urlTemplate":"http:\/\/bensdesign.ma\/new2\/?s={search_term_string}"},"query-input":"required name=search_term_string"}],"inLanguage":"fr-FR"},{"@type":"Organization","@id":"http:\/\/bensdesign.ma\/new2\/#organization","name":"Bens Design","url":"http:\/\/bensdesign.ma\/new2\/","logo":{"@type":"ImageObject","inLanguage":"fr-FR","@id":"http:\/\/bensdesign.ma\/new2\/#\/schema\/logo\/image\/","url":"https:\/\/bensdesign.ma\/new2\/wp-content\/uploads\/2024\/01\/Sans-titre-1.png","contentUrl":"https:\/\/bensdesign.ma\/new2\/wp-content\/uploads\/2024\/01\/Sans-titre-1.png","width":721,"height":155,"caption":"Bens Design"},"image":{"@id":"http:\/\/bensdesign.ma\/new2\/#\/schema\/logo\/image\/"}}]}},"_links":{"self":[{"href":"https:\/\/bensdesign.ma\/new2\/wp-json\/wp\/v2\/pages\/2327","targetHints":{"allow":["GET"]}}],"collection":[{"href":"https:\/\/bensdesign.ma\/new2\/wp-json\/wp\/v2\/pages"}],"about":[{"href":"https:\/\/bensdesign.ma\/new2\/wp-json\/wp\/v2\/types\/page"}],"author":[{"embeddable":true,"href":"https:\/\/bensdesign.ma\/new2\/wp-json\/wp\/v2\/users\/1"}],"replies":[{"embeddable":true,"href":"https:\/\/bensdesign.ma\/new2\/wp-json\/wp\/v2\/comments?post=2327"}],"version-history":[{"count":0,"href":"https:\/\/bensdesign.ma\/new2\/wp-json\/wp\/v2\/pages\/2327\/revisions"}],"wp:attachment":[{"href":"https:\/\/bensdesign.ma\/new2\/wp-json\/wp\/v2\/media?parent=2327"}],"curies":[{"name":"wp","href":"https:\/\/api.w.org\/{rel}","templated":true}]}}