{"id":2339,"date":"2018-08-23T10:34:04","date_gmt":"2018-08-23T10:34:04","guid":{"rendered":"http:\/\/themes.themegoods.com\/architecturer\/demo\/?page_id=2339"},"modified":"2023-05-13T11:15:25","modified_gmt":"2023-05-13T11:15:25","slug":"image-carousel-slider","status":"publish","type":"page","link":"https:\/\/bensdesign.ma\/new2\/image-carousel-slider\/","title":{"rendered":"Image Carousel Slider"},"content":{"rendered":"\t\t<div data-elementor-type=\"wp-post\" data-elementor-id=\"2339\" class=\"elementor elementor-2339 elementor-bc-flex-widget\">\n\t\t\t\t\t\t\t\t\t<section class=\"elementor-section elementor-top-section elementor-element elementor-element-e03fdcf elementor-section-stretched elementor-section-full_width elementor-section-height-default elementor-section-height-default\" data-id=\"e03fdcf\" data-element_type=\"section\" data-settings=\"{&quot;stretch_section&quot;:&quot;section-stretched&quot;,&quot;architecturer_ext_is_background_parallax&quot;:&quot;false&quot;,&quot;architecturer_ext_is_background_on_scroll&quot;:&quot;false&quot;}\">\n\t\t\t\t\t\t<div class=\"elementor-container elementor-column-gap-default\">\n\t\t\t\t\t<div class=\"elementor-column elementor-col-100 elementor-top-column elementor-element elementor-element-4421b76\" data-id=\"4421b76\" data-element_type=\"column\" data-settings=\"{&quot;architecturer_ext_is_mobile_menu&quot;:&quot;false&quot;,&quot;architecturer_ext_is_scrollme&quot;:&quot;false&quot;,&quot;architecturer_ext_is_smoove&quot;:&quot;false&quot;,&quot;architecturer_ext_is_parallax_mouse&quot;:&quot;false&quot;,&quot;architecturer_ext_is_infinite&quot;:&quot;false&quot;,&quot;architecturer_ext_is_fadeout_animation&quot;:&quot;false&quot;}\">\n\t\t\t<div class=\"elementor-widget-wrap elementor-element-populated\">\n\t\t\t\t\t\t\t\t<div class=\"elementor-element elementor-element-30bb2e5 elementor-widget elementor-widget-architecturer-slider-image-carousel\" data-id=\"30bb2e5\" data-element_type=\"widget\" data-settings=\"{&quot;architecturer_ext_is_mobile_menu&quot;:&quot;false&quot;,&quot;architecturer_ext_is_scrollme&quot;:&quot;false&quot;,&quot;architecturer_ext_is_smoove&quot;:&quot;false&quot;,&quot;architecturer_ext_is_parallax_mouse&quot;:&quot;false&quot;,&quot;architecturer_ext_is_infinite&quot;:&quot;false&quot;,&quot;architecturer_ext_is_fadeout_animation&quot;:&quot;false&quot;}\" data-widget_type=\"architecturer-slider-image-carousel.default\">\n\t\t\t\t<div class=\"elementor-widget-container\">\n\t\t\t<div class=\"tg_image_carousel_slider_wrapper carousel\" style=\"height:620px;\">\n\t<div class=\"carousel__nav\">\n\t   \t<span id=\"moveLeft\" class=\"carousel__arrow\">\n\t    \t<svg class=\"carousel__icon\" width=\"24\" height=\"24\" viewBox=\"0 0 24 24\">\n\t\t\t\t<path d=\"M20,11V13H8L13.5,18.5L12.08,19.92L4.16,12L12.08,4.08L13.5,5.5L8,11H20Z\"><\/path>\n\t\t\t<\/svg>\n\t\t\t<\/span>\n\t    <span id=\"moveRight\" class=\"carousel__arrow\" >\n\t      \t<svg class=\"carousel__icon\"  width=\"24\" height=\"24\" viewBox=\"0 0 24 24\">\n\t\t  \t\t<path d=\"M4,11V13H16L10.5,18.5L11.92,19.92L19.84,12L11.92,4.08L10.5,5.5L16,11H4Z\"><\/path>\n\t\t\t<\/svg>    \n\t    <\/span>\n\t<\/div>\n\t\t<div class=\"carousel-item carousel-item--1\">\n\t\t\t<div class=\"carousel-item__image\" style=\"background-image:url(http:\/\/themes.themegoods.com\/architecturer\/demo\/wp-content\/uploads\/2018\/08\/Mid-Century-Modern-10.-Matt-Gibson.jpg);\"><\/div>\n\t\t\t<div class=\"carousel-item__info\">\n\t\t      \t<div class=\"carousel-item__container\">\n\t\t\t      \t\t\t\t  \t\t\t<h2 class=\"carousel-item__subtitle\">Residential<\/h2>\n\t\t\t  \t\t\t\t\t  \t\t<h1 class=\"carousel-item__title\">Modern Minimalist House<\/h1>\n\t\t\t  \t\t\t\t\t  \t\t<div class=\"carousel-item__description\">Lorem ipsum dolor sit amet, consectetur adipiscing elit. In faucibus odio sed leo fermentum, sed faucibus massa eleifend. Pellentesque ut auctor tellus. Vivamus eget vestibulum urna, sit amet aliquet augue.<\/div>\n\t\t\t  \t\t\t\t\t  \t\t<a href=\"http:\/\/themes.themegoods.com\/architecturer\/demo\/single-portfolio-6\/\" class=\"carousel-item__btn\" >View Project<\/a>\n\t\t\t  \t\t\t\t        <\/div>\n\t\t    <\/div>\n\t\t<\/div>\n\t\t<div class=\"carousel-item carousel-item--2\">\n\t\t\t<div class=\"carousel-item__image\" style=\"background-image:url(http:\/\/themes.themegoods.com\/architecturer\/demo\/wp-content\/uploads\/2018\/08\/A1KvjZmiERL.jpg);\"><\/div>\n\t\t\t<div class=\"carousel-item__info\">\n\t\t      \t<div class=\"carousel-item__container\">\n\t\t\t      \t\t\t\t  \t\t\t<h2 class=\"carousel-item__subtitle\">Residential<\/h2>\n\t\t\t  \t\t\t\t\t  \t\t<h1 class=\"carousel-item__title\">Rustic Steel House<\/h1>\n\t\t\t  \t\t\t\t\t  \t\t<div class=\"carousel-item__description\">Lorem ipsum dolor sit amet, consectetur adipiscing elit. In faucibus odio sed leo fermentum, sed faucibus massa eleifend. Pellentesque ut auctor tellus. Vivamus eget vestibulum urna, sit amet aliquet augue.<\/div>\n\t\t\t  \t\t\t\t\t  \t\t<a href=\"http:\/\/themes.themegoods.com\/architecturer\/demo\/single-portfolio-7\/\" class=\"carousel-item__btn\" >View Project<\/a>\n\t\t\t  \t\t\t\t        <\/div>\n\t\t    <\/div>\n\t\t<\/div>\n\t\t<div class=\"carousel-item carousel-item--3\">\n\t\t\t<div class=\"carousel-item__image\" style=\"background-image:url(http:\/\/themes.themegoods.com\/architecturer\/demo\/wp-content\/uploads\/2018\/08\/lycs-lycs-744227-unsplash.jpg);\"><\/div>\n\t\t\t<div class=\"carousel-item__info\">\n\t\t      \t<div class=\"carousel-item__container\">\n\t\t\t      \t\t\t\t  \t\t\t<h2 class=\"carousel-item__subtitle\">Office Building<\/h2>\n\t\t\t  \t\t\t\t\t  \t\t<h1 class=\"carousel-item__title\">Xiami Office Building<\/h1>\n\t\t\t  \t\t\t\t\t  \t\t<div class=\"carousel-item__description\">Lorem ipsum dolor sit amet, consectetur adipiscing elit. In faucibus odio sed leo fermentum, sed faucibus massa eleifend. Pellentesque ut auctor tellus. Vivamus eget vestibulum urna, sit amet aliquet augue.<\/div>\n\t\t\t  \t\t\t\t\t  \t\t<a href=\"http:\/\/themes.themegoods.com\/architecturer\/demo\/single-portfolio-2\/\" class=\"carousel-item__btn\" >View Project<\/a>\n\t\t\t  \t\t\t\t        <\/div>\n\t\t    <\/div>\n\t\t<\/div>\n\t\t<div class=\"carousel-item carousel-item--4\">\n\t\t\t<div class=\"carousel-item__image\" style=\"background-image:url(http:\/\/themes.themegoods.com\/architecturer\/demo\/wp-content\/uploads\/2018\/08\/marginal-street-lofts-merge-architects-hero.jpg);\"><\/div>\n\t\t\t<div class=\"carousel-item__info\">\n\t\t      \t<div class=\"carousel-item__container\">\n\t\t\t      \t\t\t\t  \t\t\t<h2 class=\"carousel-item__subtitle\">Residential<\/h2>\n\t\t\t  \t\t\t\t\t  \t\t<h1 class=\"carousel-item__title\">Elegant Brick House<\/h1>\n\t\t\t  \t\t\t\t\t  \t\t<div class=\"carousel-item__description\">Lorem ipsum dolor sit amet, consectetur adipiscing elit. In faucibus odio sed leo fermentum, sed faucibus massa eleifend. Pellentesque ut auctor tellus. Vivamus eget vestibulum urna, sit amet aliquet augue.<\/div>\n\t\t\t  \t\t\t\t\t  \t\t<a href=\"http:\/\/themes.themegoods.com\/architecturer\/demo\/single-portfolio-3\/\" class=\"carousel-item__btn\" >View Project<\/a>\n\t\t\t  \t\t\t\t        <\/div>\n\t\t    <\/div>\n\t\t<\/div>\n<\/div>\n\t\t<\/div>\n\t\t\t\t<\/div>\n\t\t\t\t\t<\/div>\n\t\t<\/div>\n\t\t\t\t\t\t\t<\/div>\n\t\t<\/section>\n\t\t\t\t<section class=\"elementor-section elementor-top-section elementor-element elementor-element-ffc0d38 elementor-section-boxed elementor-section-height-default elementor-section-height-default\" data-id=\"ffc0d38\" data-element_type=\"section\" data-settings=\"{&quot;architecturer_ext_is_background_parallax&quot;:&quot;false&quot;,&quot;architecturer_ext_is_background_on_scroll&quot;:&quot;false&quot;}\">\n\t\t\t\t\t\t<div class=\"elementor-container elementor-column-gap-default\">\n\t\t\t\t\t<div class=\"elementor-column elementor-col-100 elementor-top-column elementor-element elementor-element-ccb2d47\" data-id=\"ccb2d47\" data-element_type=\"column\" data-settings=\"{&quot;architecturer_ext_is_mobile_menu&quot;:&quot;false&quot;,&quot;architecturer_ext_is_scrollme&quot;:&quot;false&quot;,&quot;architecturer_ext_is_smoove&quot;:&quot;false&quot;,&quot;architecturer_ext_is_parallax_mouse&quot;:&quot;false&quot;,&quot;architecturer_ext_is_infinite&quot;:&quot;false&quot;,&quot;architecturer_ext_is_fadeout_animation&quot;:&quot;false&quot;}\">\n\t\t\t<div class=\"elementor-widget-wrap elementor-element-populated\">\n\t\t\t\t\t\t\t\t<div class=\"elementor-element elementor-element-abb90b3 animated-fast elementor-invisible elementor-widget elementor-widget-image\" data-id=\"abb90b3\" data-element_type=\"widget\" data-settings=\"{&quot;_animation&quot;:&quot;fadeInUp&quot;,&quot;architecturer_image_is_animation&quot;:&quot;false&quot;,&quot;architecturer_ext_is_mobile_menu&quot;:&quot;false&quot;,&quot;architecturer_ext_is_scrollme&quot;:&quot;false&quot;,&quot;architecturer_ext_is_smoove&quot;:&quot;false&quot;,&quot;architecturer_ext_is_parallax_mouse&quot;:&quot;false&quot;,&quot;architecturer_ext_is_infinite&quot;:&quot;false&quot;,&quot;architecturer_ext_is_fadeout_animation&quot;:&quot;false&quot;}\" data-widget_type=\"image.default\">\n\t\t\t\t<div class=\"elementor-widget-container\">\n\t\t\t<style>\/*! elementor - v3.13.2 - 11-05-2023 *\/\n.elementor-widget-image{text-align:center}.elementor-widget-image a{display:inline-block}.elementor-widget-image a img[src$=\".svg\"]{width:48px}.elementor-widget-image img{vertical-align:middle;display:inline-block}<\/style>\t\t\t\t\t\t\t\t\t\t\t\t<img loading=\"lazy\" decoding=\"async\" width=\"264\" height=\"200\" src=\"https:\/\/bensdesign.ma\/new2\/wp-content\/uploads\/2018\/08\/house_plan_icon.png\" class=\"attachment-full size-full wp-image-2000\" alt=\"\" \/>\t\t\t\t\t\t\t\t\t\t\t\t\t\t\t<\/div>\n\t\t\t\t<\/div>\n\t\t\t\t<div class=\"elementor-element elementor-element-98a9688 animated-fast elementor-invisible elementor-widget elementor-widget-text-editor\" data-id=\"98a9688\" data-element_type=\"widget\" data-settings=\"{&quot;_animation&quot;:&quot;fadeInUp&quot;,&quot;_animation_delay&quot;:200,&quot;architecturer_ext_is_mobile_menu&quot;:&quot;false&quot;,&quot;architecturer_ext_is_scrollme&quot;:&quot;false&quot;,&quot;architecturer_ext_is_smoove&quot;:&quot;false&quot;,&quot;architecturer_ext_is_parallax_mouse&quot;:&quot;false&quot;,&quot;architecturer_ext_is_infinite&quot;:&quot;false&quot;,&quot;architecturer_ext_is_fadeout_animation&quot;:&quot;false&quot;}\" data-widget_type=\"text-editor.default\">\n\t\t\t\t<div class=\"elementor-widget-container\">\n\t\t\t<style>\/*! elementor - v3.13.2 - 11-05-2023 *\/\n.elementor-widget-text-editor.elementor-drop-cap-view-stacked .elementor-drop-cap{background-color:#69727d;color:#fff}.elementor-widget-text-editor.elementor-drop-cap-view-framed .elementor-drop-cap{color:#69727d;border:3px solid;background-color:transparent}.elementor-widget-text-editor:not(.elementor-drop-cap-view-default) .elementor-drop-cap{margin-top:8px}.elementor-widget-text-editor:not(.elementor-drop-cap-view-default) .elementor-drop-cap-letter{width:1em;height:1em}.elementor-widget-text-editor .elementor-drop-cap{float:left;text-align:center;line-height:1;font-size:50px}.elementor-widget-text-editor .elementor-drop-cap-letter{display:inline-block}<\/style>\t\t\t\t<p>\u201cBuilding your own home is about<br \/>desire, fantasy. But it\u2019s achievable<br \/>anyone can do it.\u201d<\/p>\t\t\t\t\t\t<\/div>\n\t\t\t\t<\/div>\n\t\t\t\t<div class=\"elementor-element elementor-element-accd947 animated-fast elementor-invisible elementor-widget elementor-widget-text-editor\" data-id=\"accd947\" data-element_type=\"widget\" data-settings=\"{&quot;_animation&quot;:&quot;fadeInUp&quot;,&quot;_animation_delay&quot;:400,&quot;architecturer_ext_is_mobile_menu&quot;:&quot;false&quot;,&quot;architecturer_ext_is_scrollme&quot;:&quot;false&quot;,&quot;architecturer_ext_is_smoove&quot;:&quot;false&quot;,&quot;architecturer_ext_is_parallax_mouse&quot;:&quot;false&quot;,&quot;architecturer_ext_is_infinite&quot;:&quot;false&quot;,&quot;architecturer_ext_is_fadeout_animation&quot;:&quot;false&quot;}\" data-widget_type=\"text-editor.default\">\n\t\t\t\t<div class=\"elementor-widget-container\">\n\t\t\t\t\t\t\t<p class=\"p1\"><span class=\"s1\">KEVIN MCCLOUD, DESIGNE<\/span><span class=\"s2\">R<\/span><\/p>\t\t\t\t\t\t<\/div>\n\t\t\t\t<\/div>\n\t\t\t\t\t<\/div>\n\t\t<\/div>\n\t\t\t\t\t\t\t<\/div>\n\t\t<\/section>\n\t\t\t\t\t\t\t<\/div>\n\t\t","protected":false},"excerpt":{"rendered":"<p>Residential Modern Minimalist House Lorem ipsum dolor sit amet, consectetur adipiscing elit. In faucibus odio sed leo fermentum, sed faucibus massa eleifend. Pellentesque ut auctor tellus. Vivamus eget vestibulum urna, sit amet aliquet augue. Residential Rustic Steel House Lorem ipsum [&hellip;]<\/p>\n","protected":false},"author":1,"featured_media":0,"parent":0,"menu_order":0,"comment_status":"closed","ping_status":"closed","template":"","meta":{"footnotes":""},"class_list":["post-2339","page","type-page","status-publish","hentry"],"yoast_head":"<!-- This site is optimized with the Yoast SEO plugin v22.5 - https:\/\/yoast.com\/wordpress\/plugins\/seo\/ -->\n<title>Image Carousel Slider - Bens Design<\/title>\n<meta name=\"robots\" content=\"index, follow, max-snippet:-1, max-image-preview:large, max-video-preview:-1\" \/>\n<link rel=\"canonical\" href=\"https:\/\/bensdesign.ma\/new2\/image-carousel-slider\/\" \/>\n<meta property=\"og:locale\" content=\"fr_FR\" \/>\n<meta property=\"og:type\" content=\"article\" \/>\n<meta property=\"og:title\" content=\"Image Carousel Slider - Bens Design\" \/>\n<meta property=\"og:description\" content=\"Residential Modern Minimalist House Lorem ipsum dolor sit amet, consectetur adipiscing elit. In faucibus odio sed leo fermentum, sed faucibus massa eleifend. Pellentesque ut auctor tellus. Vivamus eget vestibulum urna, sit amet aliquet augue. Residential Rustic Steel House Lorem ipsum [&hellip;]\" \/>\n<meta property=\"og:url\" content=\"https:\/\/bensdesign.ma\/new2\/image-carousel-slider\/\" \/>\n<meta property=\"og:site_name\" content=\"Bens Design\" \/>\n<meta property=\"article:modified_time\" content=\"2023-05-13T11:15:25+00:00\" \/>\n<meta property=\"og:image\" content=\"http:\/\/bensdesign.ma\/new2\/wp-content\/uploads\/2018\/08\/house_plan_icon.png\" \/>\n<meta name=\"twitter:card\" content=\"summary_large_image\" \/>\n<meta name=\"twitter:label1\" content=\"Dur\u00e9e de lecture estim\u00e9e\" \/>\n\t<meta name=\"twitter:data1\" content=\"1 minute\" \/>\n<script type=\"application\/ld+json\" class=\"yoast-schema-graph\">{\"@context\":\"https:\/\/schema.org\",\"@graph\":[{\"@type\":\"WebPage\",\"@id\":\"https:\/\/bensdesign.ma\/new2\/image-carousel-slider\/\",\"url\":\"https:\/\/bensdesign.ma\/new2\/image-carousel-slider\/\",\"name\":\"Image Carousel Slider - Bens Design\",\"isPartOf\":{\"@id\":\"http:\/\/bensdesign.ma\/new2\/#website\"},\"primaryImageOfPage\":{\"@id\":\"https:\/\/bensdesign.ma\/new2\/image-carousel-slider\/#primaryimage\"},\"image\":{\"@id\":\"https:\/\/bensdesign.ma\/new2\/image-carousel-slider\/#primaryimage\"},\"thumbnailUrl\":\"http:\/\/bensdesign.ma\/new2\/wp-content\/uploads\/2018\/08\/house_plan_icon.png\",\"datePublished\":\"2018-08-23T10:34:04+00:00\",\"dateModified\":\"2023-05-13T11:15:25+00:00\",\"breadcrumb\":{\"@id\":\"https:\/\/bensdesign.ma\/new2\/image-carousel-slider\/#breadcrumb\"},\"inLanguage\":\"fr-FR\",\"potentialAction\":[{\"@type\":\"ReadAction\",\"target\":[\"https:\/\/bensdesign.ma\/new2\/image-carousel-slider\/\"]}]},{\"@type\":\"ImageObject\",\"inLanguage\":\"fr-FR\",\"@id\":\"https:\/\/bensdesign.ma\/new2\/image-carousel-slider\/#primaryimage\",\"url\":\"https:\/\/bensdesign.ma\/new2\/wp-content\/uploads\/2018\/08\/house_plan_icon.png\",\"contentUrl\":\"https:\/\/bensdesign.ma\/new2\/wp-content\/uploads\/2018\/08\/house_plan_icon.png\",\"width\":264,\"height\":200},{\"@type\":\"BreadcrumbList\",\"@id\":\"https:\/\/bensdesign.ma\/new2\/image-carousel-slider\/#breadcrumb\",\"itemListElement\":[{\"@type\":\"ListItem\",\"position\":1,\"name\":\"Accueil\",\"item\":\"http:\/\/bensdesign.ma\/new2\/\"},{\"@type\":\"ListItem\",\"position\":2,\"name\":\"Image Carousel Slider\"}]},{\"@type\":\"WebSite\",\"@id\":\"http:\/\/bensdesign.ma\/new2\/#website\",\"url\":\"http:\/\/bensdesign.ma\/new2\/\",\"name\":\"Bens Design\",\"description\":\"Architecte d&#039;int\u00e9rieur | D\u00e9corateur d&#039;int\u00e9rieur | D\u00e9corateur\",\"publisher\":{\"@id\":\"http:\/\/bensdesign.ma\/new2\/#organization\"},\"potentialAction\":[{\"@type\":\"SearchAction\",\"target\":{\"@type\":\"EntryPoint\",\"urlTemplate\":\"http:\/\/bensdesign.ma\/new2\/?s={search_term_string}\"},\"query-input\":\"required name=search_term_string\"}],\"inLanguage\":\"fr-FR\"},{\"@type\":\"Organization\",\"@id\":\"http:\/\/bensdesign.ma\/new2\/#organization\",\"name\":\"Bens Design\",\"url\":\"http:\/\/bensdesign.ma\/new2\/\",\"logo\":{\"@type\":\"ImageObject\",\"inLanguage\":\"fr-FR\",\"@id\":\"http:\/\/bensdesign.ma\/new2\/#\/schema\/logo\/image\/\",\"url\":\"https:\/\/bensdesign.ma\/new2\/wp-content\/uploads\/2024\/01\/Sans-titre-1.png\",\"contentUrl\":\"https:\/\/bensdesign.ma\/new2\/wp-content\/uploads\/2024\/01\/Sans-titre-1.png\",\"width\":721,\"height\":155,\"caption\":\"Bens Design\"},\"image\":{\"@id\":\"http:\/\/bensdesign.ma\/new2\/#\/schema\/logo\/image\/\"}}]}<\/script>\n<!-- \/ Yoast SEO plugin. -->","yoast_head_json":{"title":"Image Carousel Slider - Bens Design","robots":{"index":"index","follow":"follow","max-snippet":"max-snippet:-1","max-image-preview":"max-image-preview:large","max-video-preview":"max-video-preview:-1"},"canonical":"https:\/\/bensdesign.ma\/new2\/image-carousel-slider\/","og_locale":"fr_FR","og_type":"article","og_title":"Image Carousel Slider - Bens Design","og_description":"Residential Modern Minimalist House Lorem ipsum dolor sit amet, consectetur adipiscing elit. In faucibus odio sed leo fermentum, sed faucibus massa eleifend. Pellentesque ut auctor tellus. Vivamus eget vestibulum urna, sit amet aliquet augue. Residential Rustic Steel House Lorem ipsum [&hellip;]","og_url":"https:\/\/bensdesign.ma\/new2\/image-carousel-slider\/","og_site_name":"Bens Design","article_modified_time":"2023-05-13T11:15:25+00:00","og_image":[{"url":"http:\/\/bensdesign.ma\/new2\/wp-content\/uploads\/2018\/08\/house_plan_icon.png"}],"twitter_card":"summary_large_image","twitter_misc":{"Dur\u00e9e de lecture estim\u00e9e":"1 minute"},"schema":{"@context":"https:\/\/schema.org","@graph":[{"@type":"WebPage","@id":"https:\/\/bensdesign.ma\/new2\/image-carousel-slider\/","url":"https:\/\/bensdesign.ma\/new2\/image-carousel-slider\/","name":"Image Carousel Slider - Bens Design","isPartOf":{"@id":"http:\/\/bensdesign.ma\/new2\/#website"},"primaryImageOfPage":{"@id":"https:\/\/bensdesign.ma\/new2\/image-carousel-slider\/#primaryimage"},"image":{"@id":"https:\/\/bensdesign.ma\/new2\/image-carousel-slider\/#primaryimage"},"thumbnailUrl":"http:\/\/bensdesign.ma\/new2\/wp-content\/uploads\/2018\/08\/house_plan_icon.png","datePublished":"2018-08-23T10:34:04+00:00","dateModified":"2023-05-13T11:15:25+00:00","breadcrumb":{"@id":"https:\/\/bensdesign.ma\/new2\/image-carousel-slider\/#breadcrumb"},"inLanguage":"fr-FR","potentialAction":[{"@type":"ReadAction","target":["https:\/\/bensdesign.ma\/new2\/image-carousel-slider\/"]}]},{"@type":"ImageObject","inLanguage":"fr-FR","@id":"https:\/\/bensdesign.ma\/new2\/image-carousel-slider\/#primaryimage","url":"https:\/\/bensdesign.ma\/new2\/wp-content\/uploads\/2018\/08\/house_plan_icon.png","contentUrl":"https:\/\/bensdesign.ma\/new2\/wp-content\/uploads\/2018\/08\/house_plan_icon.png","width":264,"height":200},{"@type":"BreadcrumbList","@id":"https:\/\/bensdesign.ma\/new2\/image-carousel-slider\/#breadcrumb","itemListElement":[{"@type":"ListItem","position":1,"name":"Accueil","item":"http:\/\/bensdesign.ma\/new2\/"},{"@type":"ListItem","position":2,"name":"Image Carousel Slider"}]},{"@type":"WebSite","@id":"http:\/\/bensdesign.ma\/new2\/#website","url":"http:\/\/bensdesign.ma\/new2\/","name":"Bens Design","description":"Architecte d&#039;int\u00e9rieur | D\u00e9corateur d&#039;int\u00e9rieur | D\u00e9corateur","publisher":{"@id":"http:\/\/bensdesign.ma\/new2\/#organization"},"potentialAction":[{"@type":"SearchAction","target":{"@type":"EntryPoint","urlTemplate":"http:\/\/bensdesign.ma\/new2\/?s={search_term_string}"},"query-input":"required name=search_term_string"}],"inLanguage":"fr-FR"},{"@type":"Organization","@id":"http:\/\/bensdesign.ma\/new2\/#organization","name":"Bens Design","url":"http:\/\/bensdesign.ma\/new2\/","logo":{"@type":"ImageObject","inLanguage":"fr-FR","@id":"http:\/\/bensdesign.ma\/new2\/#\/schema\/logo\/image\/","url":"https:\/\/bensdesign.ma\/new2\/wp-content\/uploads\/2024\/01\/Sans-titre-1.png","contentUrl":"https:\/\/bensdesign.ma\/new2\/wp-content\/uploads\/2024\/01\/Sans-titre-1.png","width":721,"height":155,"caption":"Bens Design"},"image":{"@id":"http:\/\/bensdesign.ma\/new2\/#\/schema\/logo\/image\/"}}]}},"_links":{"self":[{"href":"https:\/\/bensdesign.ma\/new2\/wp-json\/wp\/v2\/pages\/2339","targetHints":{"allow":["GET"]}}],"collection":[{"href":"https:\/\/bensdesign.ma\/new2\/wp-json\/wp\/v2\/pages"}],"about":[{"href":"https:\/\/bensdesign.ma\/new2\/wp-json\/wp\/v2\/types\/page"}],"author":[{"embeddable":true,"href":"https:\/\/bensdesign.ma\/new2\/wp-json\/wp\/v2\/users\/1"}],"replies":[{"embeddable":true,"href":"https:\/\/bensdesign.ma\/new2\/wp-json\/wp\/v2\/comments?post=2339"}],"version-history":[{"count":1,"href":"https:\/\/bensdesign.ma\/new2\/wp-json\/wp\/v2\/pages\/2339\/revisions"}],"predecessor-version":[{"id":3492,"href":"https:\/\/bensdesign.ma\/new2\/wp-json\/wp\/v2\/pages\/2339\/revisions\/3492"}],"wp:attachment":[{"href":"https:\/\/bensdesign.ma\/new2\/wp-json\/wp\/v2\/media?parent=2339"}],"curies":[{"name":"wp","href":"https:\/\/api.w.org\/{rel}","templated":true}]}}