{"id":3723,"date":"2023-08-29T15:43:33","date_gmt":"2023-08-29T15:43:33","guid":{"rendered":"http:\/\/bensdesign.ma\/new2\/?page_id=3723"},"modified":"2024-01-18T13:23:48","modified_gmt":"2024-01-18T13:23:48","slug":"restaurant-jnane-emeraude-2","status":"publish","type":"page","link":"https:\/\/bensdesign.ma\/new2\/restaurant-jnane-emeraude-2\/","title":{"rendered":"restaurant jnane emeraude"},"content":{"rendered":"\t\t<div data-elementor-type=\"wp-post\" data-elementor-id=\"3723\" class=\"elementor elementor-3723\">\n\t\t\t\t\t\t\t\t\t<section class=\"elementor-section elementor-top-section elementor-element elementor-element-3fdd998 elementor-section-stretched elementor-section-height-min-height elementor-section-boxed elementor-section-height-default elementor-section-items-middle\" data-id=\"3fdd998\" data-element_type=\"section\" data-settings=\"{&quot;stretch_section&quot;:&quot;section-stretched&quot;,&quot;background_background&quot;:&quot;classic&quot;,&quot;architecturer_ext_is_background_parallax&quot;:&quot;false&quot;,&quot;architecturer_ext_is_background_on_scroll&quot;:&quot;false&quot;}\">\n\t\t\t\t\t\t\t<div class=\"elementor-background-overlay\"><\/div>\n\t\t\t\t\t\t\t<div class=\"elementor-container elementor-column-gap-default\">\n\t\t\t\t\t<div class=\"elementor-column elementor-col-100 elementor-top-column elementor-element elementor-element-a9db27b\" data-id=\"a9db27b\" data-element_type=\"column\" data-settings=\"{&quot;architecturer_ext_is_mobile_menu&quot;:&quot;false&quot;,&quot;architecturer_ext_is_scrollme&quot;:&quot;false&quot;,&quot;architecturer_ext_is_smoove&quot;:&quot;false&quot;,&quot;architecturer_ext_is_parallax_mouse&quot;:&quot;false&quot;,&quot;architecturer_ext_is_infinite&quot;:&quot;false&quot;,&quot;architecturer_ext_is_fadeout_animation&quot;:&quot;false&quot;}\">\n\t\t\t<div class=\"elementor-widget-wrap\">\n\t\t\t\t\t\t\t\t\t<\/div>\n\t\t<\/div>\n\t\t\t\t\t\t\t<\/div>\n\t\t<\/section>\n\t\t\t\t<section class=\"elementor-section elementor-top-section elementor-element elementor-element-5b3811a elementor-section-boxed elementor-section-height-default elementor-section-height-default\" data-id=\"5b3811a\" data-element_type=\"section\" data-settings=\"{&quot;architecturer_ext_is_background_parallax&quot;:&quot;false&quot;,&quot;architecturer_ext_is_background_on_scroll&quot;:&quot;false&quot;}\">\n\t\t\t\t\t\t<div class=\"elementor-container elementor-column-gap-no\">\n\t\t\t\t\t<div class=\"elementor-column elementor-col-100 elementor-top-column elementor-element elementor-element-9cec874\" data-id=\"9cec874\" data-element_type=\"column\" data-settings=\"{&quot;architecturer_ext_is_mobile_menu&quot;:&quot;false&quot;,&quot;architecturer_ext_is_scrollme&quot;:&quot;false&quot;,&quot;architecturer_ext_is_smoove&quot;:&quot;false&quot;,&quot;architecturer_ext_is_parallax_mouse&quot;:&quot;false&quot;,&quot;architecturer_ext_is_infinite&quot;:&quot;false&quot;,&quot;architecturer_ext_is_fadeout_animation&quot;:&quot;false&quot;}\">\n\t\t\t<div class=\"elementor-widget-wrap\">\n\t\t\t\t\t\t\t\t\t<\/div>\n\t\t<\/div>\n\t\t\t\t\t\t\t<\/div>\n\t\t<\/section>\n\t\t\t\t<section class=\"elementor-section elementor-top-section elementor-element elementor-element-3f3d825 elementor-section-boxed elementor-section-height-default elementor-section-height-default\" data-id=\"3f3d825\" data-element_type=\"section\" data-settings=\"{&quot;architecturer_ext_is_background_parallax&quot;:&quot;false&quot;,&quot;architecturer_ext_is_background_on_scroll&quot;:&quot;false&quot;}\">\n\t\t\t\t\t\t<div class=\"elementor-container elementor-column-gap-no\">\n\t\t\t\t\t<div class=\"elementor-column elementor-col-50 elementor-top-column elementor-element elementor-element-21e76c9\" data-id=\"21e76c9\" data-element_type=\"column\" data-settings=\"{&quot;architecturer_ext_is_mobile_menu&quot;:&quot;false&quot;,&quot;architecturer_ext_is_scrollme&quot;:&quot;false&quot;,&quot;architecturer_ext_is_smoove&quot;:&quot;false&quot;,&quot;architecturer_ext_is_parallax_mouse&quot;:&quot;false&quot;,&quot;architecturer_ext_is_infinite&quot;:&quot;false&quot;,&quot;architecturer_ext_is_fadeout_animation&quot;:&quot;false&quot;}\">\n\t\t\t<div class=\"elementor-widget-wrap elementor-element-populated\">\n\t\t\t\t\t\t\t\t<div class=\"elementor-element elementor-element-3ea919a stellar elementor-widget elementor-widget-image\" data-id=\"3ea919a\" data-element_type=\"widget\" data-settings=\"{&quot;architecturer_image_is_animation&quot;:&quot;false&quot;,&quot;architecturer_ext_is_mobile_menu&quot;:&quot;false&quot;,&quot;architecturer_ext_is_scrollme&quot;:&quot;false&quot;,&quot;architecturer_ext_is_smoove&quot;:&quot;false&quot;,&quot;architecturer_ext_is_parallax_mouse&quot;:&quot;false&quot;,&quot;architecturer_ext_is_infinite&quot;:&quot;false&quot;,&quot;architecturer_ext_is_fadeout_animation&quot;:&quot;false&quot;}\" data-widget_type=\"image.default\">\n\t\t\t\t<div class=\"elementor-widget-container\">\n\t\t\t<style>\/*! elementor - v3.13.2 - 11-05-2023 *\/\n.elementor-widget-image{text-align:center}.elementor-widget-image a{display:inline-block}.elementor-widget-image a img[src$=\".svg\"]{width:48px}.elementor-widget-image img{vertical-align:middle;display:inline-block}<\/style>\t\t\t\t\t\t\t\t\t\t\t\t<img loading=\"lazy\" decoding=\"async\" width=\"1024\" height=\"576\" src=\"https:\/\/bensdesign.ma\/new2\/wp-content\/uploads\/2023\/08\/1-2-1024x576.jpg\" class=\"attachment-large size-large wp-image-3728\" alt=\"\" srcset=\"https:\/\/bensdesign.ma\/new2\/wp-content\/uploads\/2023\/08\/1-2-1024x576.jpg 1024w, https:\/\/bensdesign.ma\/new2\/wp-content\/uploads\/2023\/08\/1-2-300x169.jpg 300w, https:\/\/bensdesign.ma\/new2\/wp-content\/uploads\/2023\/08\/1-2-768x432.jpg 768w, https:\/\/bensdesign.ma\/new2\/wp-content\/uploads\/2023\/08\/1-2-440x248.jpg 440w, https:\/\/bensdesign.ma\/new2\/wp-content\/uploads\/2023\/08\/1-2.jpg 1200w\" sizes=\"auto, (max-width: 1024px) 100vw, 1024px\" \/>\t\t\t\t\t\t\t\t\t\t\t\t\t\t\t<\/div>\n\t\t\t\t<\/div>\n\t\t\t\t\t<\/div>\n\t\t<\/div>\n\t\t\t\t<div class=\"elementor-column elementor-col-50 elementor-top-column elementor-element elementor-element-7899b45\" data-id=\"7899b45\" data-element_type=\"column\" data-settings=\"{&quot;architecturer_ext_is_mobile_menu&quot;:&quot;false&quot;,&quot;architecturer_ext_is_scrollme&quot;:&quot;false&quot;,&quot;architecturer_ext_is_smoove&quot;:&quot;false&quot;,&quot;architecturer_ext_is_parallax_mouse&quot;:&quot;false&quot;,&quot;architecturer_ext_is_infinite&quot;:&quot;false&quot;,&quot;architecturer_ext_is_fadeout_animation&quot;:&quot;false&quot;}\">\n\t\t\t<div class=\"elementor-widget-wrap elementor-element-populated\">\n\t\t\t\t\t\t\t\t<div class=\"elementor-element elementor-element-bf2c9c1 stellar elementor-widget elementor-widget-image\" data-id=\"bf2c9c1\" data-element_type=\"widget\" data-settings=\"{&quot;architecturer_image_is_animation&quot;:&quot;false&quot;,&quot;architecturer_ext_is_mobile_menu&quot;:&quot;false&quot;,&quot;architecturer_ext_is_scrollme&quot;:&quot;false&quot;,&quot;architecturer_ext_is_smoove&quot;:&quot;false&quot;,&quot;architecturer_ext_is_parallax_mouse&quot;:&quot;false&quot;,&quot;architecturer_ext_is_infinite&quot;:&quot;false&quot;,&quot;architecturer_ext_is_fadeout_animation&quot;:&quot;false&quot;}\" data-widget_type=\"image.default\">\n\t\t\t\t<div class=\"elementor-widget-container\">\n\t\t\t\t\t\t\t\t\t\t\t\t\t\t\t<img loading=\"lazy\" decoding=\"async\" width=\"1024\" height=\"576\" src=\"https:\/\/bensdesign.ma\/new2\/wp-content\/uploads\/2023\/08\/2-1-1024x576.jpeg\" class=\"attachment-large size-large wp-image-3729\" alt=\"\" srcset=\"https:\/\/bensdesign.ma\/new2\/wp-content\/uploads\/2023\/08\/2-1-1024x576.jpeg 1024w, https:\/\/bensdesign.ma\/new2\/wp-content\/uploads\/2023\/08\/2-1-300x169.jpeg 300w, https:\/\/bensdesign.ma\/new2\/wp-content\/uploads\/2023\/08\/2-1-768x432.jpeg 768w, https:\/\/bensdesign.ma\/new2\/wp-content\/uploads\/2023\/08\/2-1-440x248.jpeg 440w, https:\/\/bensdesign.ma\/new2\/wp-content\/uploads\/2023\/08\/2-1.jpeg 1280w\" sizes=\"auto, (max-width: 1024px) 100vw, 1024px\" \/>\t\t\t\t\t\t\t\t\t\t\t\t\t\t\t<\/div>\n\t\t\t\t<\/div>\n\t\t\t\t<div class=\"elementor-element elementor-element-12e6393 stellar elementor-widget elementor-widget-image\" data-id=\"12e6393\" data-element_type=\"widget\" data-settings=\"{&quot;architecturer_image_is_animation&quot;:&quot;false&quot;,&quot;architecturer_ext_is_mobile_menu&quot;:&quot;false&quot;,&quot;architecturer_ext_is_scrollme&quot;:&quot;false&quot;,&quot;architecturer_ext_is_smoove&quot;:&quot;false&quot;,&quot;architecturer_ext_is_parallax_mouse&quot;:&quot;false&quot;,&quot;architecturer_ext_is_infinite&quot;:&quot;false&quot;,&quot;architecturer_ext_is_fadeout_animation&quot;:&quot;false&quot;}\" data-widget_type=\"image.default\">\n\t\t\t\t<div class=\"elementor-widget-container\">\n\t\t\t\t\t\t\t\t\t\t\t\t\t\t\t<img loading=\"lazy\" decoding=\"async\" width=\"768\" height=\"1024\" src=\"https:\/\/bensdesign.ma\/new2\/wp-content\/uploads\/2023\/08\/3-768x1024.jpg\" class=\"attachment-large size-large wp-image-3730\" alt=\"\" srcset=\"https:\/\/bensdesign.ma\/new2\/wp-content\/uploads\/2023\/08\/3-768x1024.jpg 768w, https:\/\/bensdesign.ma\/new2\/wp-content\/uploads\/2023\/08\/3-225x300.jpg 225w, https:\/\/bensdesign.ma\/new2\/wp-content\/uploads\/2023\/08\/3-1152x1536.jpg 1152w, https:\/\/bensdesign.ma\/new2\/wp-content\/uploads\/2023\/08\/3-440x587.jpg 440w, https:\/\/bensdesign.ma\/new2\/wp-content\/uploads\/2023\/08\/3.jpg 1200w\" sizes=\"auto, (max-width: 768px) 100vw, 768px\" \/>\t\t\t\t\t\t\t\t\t\t\t\t\t\t\t<\/div>\n\t\t\t\t<\/div>\n\t\t\t\t\t<\/div>\n\t\t<\/div>\n\t\t\t\t\t\t\t<\/div>\n\t\t<\/section>\n\t\t\t\t\t\t\t<\/div>\n\t\t","protected":false},"excerpt":{"rendered":"","protected":false},"author":1,"featured_media":0,"parent":0,"menu_order":0,"comment_status":"closed","ping_status":"closed","template":"","meta":{"footnotes":""},"class_list":["post-3723","page","type-page","status-publish","hentry"],"yoast_head":"<!-- This site is optimized with the Yoast SEO plugin v22.5 - https:\/\/yoast.com\/wordpress\/plugins\/seo\/ -->\n<title>restaurant jnane emeraude - Bens Design<\/title>\n<meta name=\"robots\" content=\"index, follow, max-snippet:-1, max-image-preview:large, max-video-preview:-1\" \/>\n<link rel=\"canonical\" href=\"https:\/\/bensdesign.ma\/new2\/restaurant-jnane-emeraude-2\/\" \/>\n<meta property=\"og:locale\" content=\"fr_FR\" \/>\n<meta property=\"og:type\" content=\"article\" \/>\n<meta property=\"og:title\" content=\"restaurant jnane emeraude - Bens Design\" \/>\n<meta property=\"og:url\" content=\"https:\/\/bensdesign.ma\/new2\/restaurant-jnane-emeraude-2\/\" \/>\n<meta property=\"og:site_name\" content=\"Bens Design\" \/>\n<meta property=\"article:modified_time\" content=\"2024-01-18T13:23:48+00:00\" \/>\n<meta property=\"og:image\" content=\"http:\/\/bensdesign.ma\/new2\/wp-content\/uploads\/2023\/08\/1-2-1024x576.jpg\" \/>\n<meta name=\"twitter:card\" content=\"summary_large_image\" \/>\n<script type=\"application\/ld+json\" class=\"yoast-schema-graph\">{\"@context\":\"https:\/\/schema.org\",\"@graph\":[{\"@type\":\"WebPage\",\"@id\":\"https:\/\/bensdesign.ma\/new2\/restaurant-jnane-emeraude-2\/\",\"url\":\"https:\/\/bensdesign.ma\/new2\/restaurant-jnane-emeraude-2\/\",\"name\":\"restaurant jnane emeraude - Bens Design\",\"isPartOf\":{\"@id\":\"https:\/\/bensdesign.ma\/new2\/#website\"},\"primaryImageOfPage\":{\"@id\":\"https:\/\/bensdesign.ma\/new2\/restaurant-jnane-emeraude-2\/#primaryimage\"},\"image\":{\"@id\":\"https:\/\/bensdesign.ma\/new2\/restaurant-jnane-emeraude-2\/#primaryimage\"},\"thumbnailUrl\":\"http:\/\/bensdesign.ma\/new2\/wp-content\/uploads\/2023\/08\/1-2-1024x576.jpg\",\"datePublished\":\"2023-08-29T15:43:33+00:00\",\"dateModified\":\"2024-01-18T13:23:48+00:00\",\"breadcrumb\":{\"@id\":\"https:\/\/bensdesign.ma\/new2\/restaurant-jnane-emeraude-2\/#breadcrumb\"},\"inLanguage\":\"fr-FR\",\"potentialAction\":[{\"@type\":\"ReadAction\",\"target\":[\"https:\/\/bensdesign.ma\/new2\/restaurant-jnane-emeraude-2\/\"]}]},{\"@type\":\"ImageObject\",\"inLanguage\":\"fr-FR\",\"@id\":\"https:\/\/bensdesign.ma\/new2\/restaurant-jnane-emeraude-2\/#primaryimage\",\"url\":\"https:\/\/bensdesign.ma\/new2\/wp-content\/uploads\/2023\/08\/1-2.jpg\",\"contentUrl\":\"https:\/\/bensdesign.ma\/new2\/wp-content\/uploads\/2023\/08\/1-2.jpg\",\"width\":1200,\"height\":675},{\"@type\":\"BreadcrumbList\",\"@id\":\"https:\/\/bensdesign.ma\/new2\/restaurant-jnane-emeraude-2\/#breadcrumb\",\"itemListElement\":[{\"@type\":\"ListItem\",\"position\":1,\"name\":\"Accueil\",\"item\":\"https:\/\/bensdesign.ma\/new2\/\"},{\"@type\":\"ListItem\",\"position\":2,\"name\":\"restaurant jnane emeraude\"}]},{\"@type\":\"WebSite\",\"@id\":\"https:\/\/bensdesign.ma\/new2\/#website\",\"url\":\"https:\/\/bensdesign.ma\/new2\/\",\"name\":\"Bens Design\",\"description\":\"Architecte d&#039;int\u00e9rieur | D\u00e9corateur d&#039;int\u00e9rieur | D\u00e9corateur\",\"publisher\":{\"@id\":\"https:\/\/bensdesign.ma\/new2\/#organization\"},\"potentialAction\":[{\"@type\":\"SearchAction\",\"target\":{\"@type\":\"EntryPoint\",\"urlTemplate\":\"https:\/\/bensdesign.ma\/new2\/?s={search_term_string}\"},\"query-input\":\"required name=search_term_string\"}],\"inLanguage\":\"fr-FR\"},{\"@type\":\"Organization\",\"@id\":\"https:\/\/bensdesign.ma\/new2\/#organization\",\"name\":\"Bens Design\",\"url\":\"https:\/\/bensdesign.ma\/new2\/\",\"logo\":{\"@type\":\"ImageObject\",\"inLanguage\":\"fr-FR\",\"@id\":\"https:\/\/bensdesign.ma\/new2\/#\/schema\/logo\/image\/\",\"url\":\"https:\/\/bensdesign.ma\/new2\/wp-content\/uploads\/2024\/01\/Sans-titre-1.png\",\"contentUrl\":\"https:\/\/bensdesign.ma\/new2\/wp-content\/uploads\/2024\/01\/Sans-titre-1.png\",\"width\":721,\"height\":155,\"caption\":\"Bens Design\"},\"image\":{\"@id\":\"https:\/\/bensdesign.ma\/new2\/#\/schema\/logo\/image\/\"}}]}<\/script>\n<!-- \/ Yoast SEO plugin. -->","yoast_head_json":{"title":"restaurant jnane emeraude - Bens Design","robots":{"index":"index","follow":"follow","max-snippet":"max-snippet:-1","max-image-preview":"max-image-preview:large","max-video-preview":"max-video-preview:-1"},"canonical":"https:\/\/bensdesign.ma\/new2\/restaurant-jnane-emeraude-2\/","og_locale":"fr_FR","og_type":"article","og_title":"restaurant jnane emeraude - Bens Design","og_url":"https:\/\/bensdesign.ma\/new2\/restaurant-jnane-emeraude-2\/","og_site_name":"Bens Design","article_modified_time":"2024-01-18T13:23:48+00:00","og_image":[{"url":"http:\/\/bensdesign.ma\/new2\/wp-content\/uploads\/2023\/08\/1-2-1024x576.jpg"}],"twitter_card":"summary_large_image","schema":{"@context":"https:\/\/schema.org","@graph":[{"@type":"WebPage","@id":"https:\/\/bensdesign.ma\/new2\/restaurant-jnane-emeraude-2\/","url":"https:\/\/bensdesign.ma\/new2\/restaurant-jnane-emeraude-2\/","name":"restaurant jnane emeraude - Bens Design","isPartOf":{"@id":"https:\/\/bensdesign.ma\/new2\/#website"},"primaryImageOfPage":{"@id":"https:\/\/bensdesign.ma\/new2\/restaurant-jnane-emeraude-2\/#primaryimage"},"image":{"@id":"https:\/\/bensdesign.ma\/new2\/restaurant-jnane-emeraude-2\/#primaryimage"},"thumbnailUrl":"http:\/\/bensdesign.ma\/new2\/wp-content\/uploads\/2023\/08\/1-2-1024x576.jpg","datePublished":"2023-08-29T15:43:33+00:00","dateModified":"2024-01-18T13:23:48+00:00","breadcrumb":{"@id":"https:\/\/bensdesign.ma\/new2\/restaurant-jnane-emeraude-2\/#breadcrumb"},"inLanguage":"fr-FR","potentialAction":[{"@type":"ReadAction","target":["https:\/\/bensdesign.ma\/new2\/restaurant-jnane-emeraude-2\/"]}]},{"@type":"ImageObject","inLanguage":"fr-FR","@id":"https:\/\/bensdesign.ma\/new2\/restaurant-jnane-emeraude-2\/#primaryimage","url":"https:\/\/bensdesign.ma\/new2\/wp-content\/uploads\/2023\/08\/1-2.jpg","contentUrl":"https:\/\/bensdesign.ma\/new2\/wp-content\/uploads\/2023\/08\/1-2.jpg","width":1200,"height":675},{"@type":"BreadcrumbList","@id":"https:\/\/bensdesign.ma\/new2\/restaurant-jnane-emeraude-2\/#breadcrumb","itemListElement":[{"@type":"ListItem","position":1,"name":"Accueil","item":"https:\/\/bensdesign.ma\/new2\/"},{"@type":"ListItem","position":2,"name":"restaurant jnane emeraude"}]},{"@type":"WebSite","@id":"https:\/\/bensdesign.ma\/new2\/#website","url":"https:\/\/bensdesign.ma\/new2\/","name":"Bens Design","description":"Architecte d&#039;int\u00e9rieur | D\u00e9corateur d&#039;int\u00e9rieur | D\u00e9corateur","publisher":{"@id":"https:\/\/bensdesign.ma\/new2\/#organization"},"potentialAction":[{"@type":"SearchAction","target":{"@type":"EntryPoint","urlTemplate":"https:\/\/bensdesign.ma\/new2\/?s={search_term_string}"},"query-input":"required name=search_term_string"}],"inLanguage":"fr-FR"},{"@type":"Organization","@id":"https:\/\/bensdesign.ma\/new2\/#organization","name":"Bens Design","url":"https:\/\/bensdesign.ma\/new2\/","logo":{"@type":"ImageObject","inLanguage":"fr-FR","@id":"https:\/\/bensdesign.ma\/new2\/#\/schema\/logo\/image\/","url":"https:\/\/bensdesign.ma\/new2\/wp-content\/uploads\/2024\/01\/Sans-titre-1.png","contentUrl":"https:\/\/bensdesign.ma\/new2\/wp-content\/uploads\/2024\/01\/Sans-titre-1.png","width":721,"height":155,"caption":"Bens Design"},"image":{"@id":"https:\/\/bensdesign.ma\/new2\/#\/schema\/logo\/image\/"}}]}},"_links":{"self":[{"href":"https:\/\/bensdesign.ma\/new2\/wp-json\/wp\/v2\/pages\/3723","targetHints":{"allow":["GET"]}}],"collection":[{"href":"https:\/\/bensdesign.ma\/new2\/wp-json\/wp\/v2\/pages"}],"about":[{"href":"https:\/\/bensdesign.ma\/new2\/wp-json\/wp\/v2\/types\/page"}],"author":[{"embeddable":true,"href":"https:\/\/bensdesign.ma\/new2\/wp-json\/wp\/v2\/users\/1"}],"replies":[{"embeddable":true,"href":"https:\/\/bensdesign.ma\/new2\/wp-json\/wp\/v2\/comments?post=3723"}],"version-history":[{"count":13,"href":"https:\/\/bensdesign.ma\/new2\/wp-json\/wp\/v2\/pages\/3723\/revisions"}],"predecessor-version":[{"id":4268,"href":"https:\/\/bensdesign.ma\/new2\/wp-json\/wp\/v2\/pages\/3723\/revisions\/4268"}],"wp:attachment":[{"href":"https:\/\/bensdesign.ma\/new2\/wp-json\/wp\/v2\/media?parent=3723"}],"curies":[{"name":"wp","href":"https:\/\/api.w.org\/{rel}","templated":true}]}}