{"id":3743,"date":"2023-08-29T15:53:44","date_gmt":"2023-08-29T15:53:44","guid":{"rendered":"http:\/\/bensdesign.ma\/new2\/?page_id=3743"},"modified":"2024-01-18T13:25:21","modified_gmt":"2024-01-18T13:25:21","slug":"restaurant-masouria-emeraude-beach","status":"publish","type":"page","link":"https:\/\/bensdesign.ma\/new2\/restaurant-masouria-emeraude-beach\/","title":{"rendered":"restaurant masouria emeraude beach"},"content":{"rendered":"\t\t<div data-elementor-type=\"wp-post\" data-elementor-id=\"3743\" class=\"elementor elementor-3743\">\n\t\t\t\t\t\t\t\t\t<section class=\"elementor-section elementor-top-section elementor-element elementor-element-3fdd998 elementor-section-stretched elementor-section-height-min-height elementor-section-boxed elementor-section-height-default elementor-section-items-middle\" data-id=\"3fdd998\" data-element_type=\"section\" data-settings=\"{&quot;stretch_section&quot;:&quot;section-stretched&quot;,&quot;background_background&quot;:&quot;classic&quot;,&quot;architecturer_ext_is_background_parallax&quot;:&quot;false&quot;,&quot;architecturer_ext_is_background_on_scroll&quot;:&quot;false&quot;}\">\n\t\t\t\t\t\t\t<div class=\"elementor-background-overlay\"><\/div>\n\t\t\t\t\t\t\t<div class=\"elementor-container elementor-column-gap-default\">\n\t\t\t\t\t<div class=\"elementor-column elementor-col-100 elementor-top-column elementor-element elementor-element-a9db27b\" data-id=\"a9db27b\" data-element_type=\"column\" data-settings=\"{&quot;architecturer_ext_is_mobile_menu&quot;:&quot;false&quot;,&quot;architecturer_ext_is_scrollme&quot;:&quot;false&quot;,&quot;architecturer_ext_is_smoove&quot;:&quot;false&quot;,&quot;architecturer_ext_is_parallax_mouse&quot;:&quot;false&quot;,&quot;architecturer_ext_is_infinite&quot;:&quot;false&quot;,&quot;architecturer_ext_is_fadeout_animation&quot;:&quot;false&quot;}\">\n\t\t\t<div class=\"elementor-widget-wrap\">\n\t\t\t\t\t\t\t\t\t<\/div>\n\t\t<\/div>\n\t\t\t\t\t\t\t<\/div>\n\t\t<\/section>\n\t\t\t\t<section class=\"elementor-section elementor-top-section elementor-element elementor-element-5b3811a elementor-section-boxed elementor-section-height-default elementor-section-height-default\" data-id=\"5b3811a\" data-element_type=\"section\" data-settings=\"{&quot;architecturer_ext_is_background_parallax&quot;:&quot;false&quot;,&quot;architecturer_ext_is_background_on_scroll&quot;:&quot;false&quot;}\">\n\t\t\t\t\t\t<div class=\"elementor-container elementor-column-gap-no\">\n\t\t\t\t\t<div class=\"elementor-column elementor-col-100 elementor-top-column elementor-element elementor-element-4c80e54\" data-id=\"4c80e54\" data-element_type=\"column\" data-settings=\"{&quot;architecturer_ext_is_mobile_menu&quot;:&quot;false&quot;,&quot;architecturer_ext_is_scrollme&quot;:&quot;false&quot;,&quot;architecturer_ext_is_smoove&quot;:&quot;false&quot;,&quot;architecturer_ext_is_parallax_mouse&quot;:&quot;false&quot;,&quot;architecturer_ext_is_infinite&quot;:&quot;false&quot;,&quot;architecturer_ext_is_fadeout_animation&quot;:&quot;false&quot;}\">\n\t\t\t<div class=\"elementor-widget-wrap\">\n\t\t\t\t\t\t\t\t\t<\/div>\n\t\t<\/div>\n\t\t\t\t\t\t\t<\/div>\n\t\t<\/section>\n\t\t\t\t<section class=\"elementor-section elementor-top-section elementor-element elementor-element-3f3d825 elementor-section-boxed elementor-section-height-default elementor-section-height-default\" data-id=\"3f3d825\" data-element_type=\"section\" data-settings=\"{&quot;architecturer_ext_is_background_parallax&quot;:&quot;false&quot;,&quot;architecturer_ext_is_background_on_scroll&quot;:&quot;false&quot;}\">\n\t\t\t\t\t\t<div class=\"elementor-container elementor-column-gap-no\">\n\t\t\t\t\t<div class=\"elementor-column elementor-col-50 elementor-top-column elementor-element elementor-element-21e76c9\" data-id=\"21e76c9\" data-element_type=\"column\" data-settings=\"{&quot;architecturer_ext_is_mobile_menu&quot;:&quot;false&quot;,&quot;architecturer_ext_is_scrollme&quot;:&quot;false&quot;,&quot;architecturer_ext_is_smoove&quot;:&quot;false&quot;,&quot;architecturer_ext_is_parallax_mouse&quot;:&quot;false&quot;,&quot;architecturer_ext_is_infinite&quot;:&quot;false&quot;,&quot;architecturer_ext_is_fadeout_animation&quot;:&quot;false&quot;}\">\n\t\t\t<div class=\"elementor-widget-wrap elementor-element-populated\">\n\t\t\t\t\t\t\t\t<div class=\"elementor-element elementor-element-3ea919a stellar elementor-widget elementor-widget-image\" data-id=\"3ea919a\" data-element_type=\"widget\" data-settings=\"{&quot;architecturer_image_is_animation&quot;:&quot;false&quot;,&quot;architecturer_ext_is_mobile_menu&quot;:&quot;false&quot;,&quot;architecturer_ext_is_scrollme&quot;:&quot;false&quot;,&quot;architecturer_ext_is_smoove&quot;:&quot;false&quot;,&quot;architecturer_ext_is_parallax_mouse&quot;:&quot;false&quot;,&quot;architecturer_ext_is_infinite&quot;:&quot;false&quot;,&quot;architecturer_ext_is_fadeout_animation&quot;:&quot;false&quot;}\" data-widget_type=\"image.default\">\n\t\t\t\t<div class=\"elementor-widget-container\">\n\t\t\t<style>\/*! elementor - v3.13.2 - 11-05-2023 *\/\n.elementor-widget-image{text-align:center}.elementor-widget-image a{display:inline-block}.elementor-widget-image a img[src$=\".svg\"]{width:48px}.elementor-widget-image img{vertical-align:middle;display:inline-block}<\/style>\t\t\t\t\t\t\t\t\t\t\t\t<img loading=\"lazy\" decoding=\"async\" width=\"1024\" height=\"576\" src=\"https:\/\/bensdesign.ma\/new2\/wp-content\/uploads\/2023\/08\/1-3-1024x576.jpg\" class=\"attachment-large size-large wp-image-3748\" alt=\"\" srcset=\"https:\/\/bensdesign.ma\/new2\/wp-content\/uploads\/2023\/08\/1-3-1024x576.jpg 1024w, https:\/\/bensdesign.ma\/new2\/wp-content\/uploads\/2023\/08\/1-3-300x169.jpg 300w, https:\/\/bensdesign.ma\/new2\/wp-content\/uploads\/2023\/08\/1-3-768x432.jpg 768w, https:\/\/bensdesign.ma\/new2\/wp-content\/uploads\/2023\/08\/1-3-1536x864.jpg 1536w, https:\/\/bensdesign.ma\/new2\/wp-content\/uploads\/2023\/08\/1-3-2048x1152.jpg 2048w, https:\/\/bensdesign.ma\/new2\/wp-content\/uploads\/2023\/08\/1-3-440x247.jpg 440w\" sizes=\"auto, (max-width: 1024px) 100vw, 1024px\" \/>\t\t\t\t\t\t\t\t\t\t\t\t\t\t\t<\/div>\n\t\t\t\t<\/div>\n\t\t\t\t<div class=\"elementor-element elementor-element-12e6393 stellar elementor-widget elementor-widget-image\" data-id=\"12e6393\" data-element_type=\"widget\" data-settings=\"{&quot;architecturer_image_is_animation&quot;:&quot;false&quot;,&quot;architecturer_ext_is_mobile_menu&quot;:&quot;false&quot;,&quot;architecturer_ext_is_scrollme&quot;:&quot;false&quot;,&quot;architecturer_ext_is_smoove&quot;:&quot;false&quot;,&quot;architecturer_ext_is_parallax_mouse&quot;:&quot;false&quot;,&quot;architecturer_ext_is_infinite&quot;:&quot;false&quot;,&quot;architecturer_ext_is_fadeout_animation&quot;:&quot;false&quot;}\" data-widget_type=\"image.default\">\n\t\t\t\t<div class=\"elementor-widget-container\">\n\t\t\t\t\t\t\t\t\t\t\t\t\t\t\t<img loading=\"lazy\" decoding=\"async\" width=\"1024\" height=\"576\" src=\"https:\/\/bensdesign.ma\/new2\/wp-content\/uploads\/2023\/08\/3-1-1024x576.jpg\" class=\"attachment-large size-large wp-image-3750\" alt=\"\" srcset=\"https:\/\/bensdesign.ma\/new2\/wp-content\/uploads\/2023\/08\/3-1-1024x576.jpg 1024w, https:\/\/bensdesign.ma\/new2\/wp-content\/uploads\/2023\/08\/3-1-300x169.jpg 300w, https:\/\/bensdesign.ma\/new2\/wp-content\/uploads\/2023\/08\/3-1-768x432.jpg 768w, https:\/\/bensdesign.ma\/new2\/wp-content\/uploads\/2023\/08\/3-1-1536x864.jpg 1536w, https:\/\/bensdesign.ma\/new2\/wp-content\/uploads\/2023\/08\/3-1-2048x1152.jpg 2048w, https:\/\/bensdesign.ma\/new2\/wp-content\/uploads\/2023\/08\/3-1-440x247.jpg 440w\" sizes=\"auto, (max-width: 1024px) 100vw, 1024px\" \/>\t\t\t\t\t\t\t\t\t\t\t\t\t\t\t<\/div>\n\t\t\t\t<\/div>\n\t\t\t\t<div class=\"elementor-element elementor-element-363bc1e stellar elementor-widget elementor-widget-image\" data-id=\"363bc1e\" data-element_type=\"widget\" data-settings=\"{&quot;architecturer_image_is_animation&quot;:&quot;false&quot;,&quot;architecturer_ext_is_mobile_menu&quot;:&quot;false&quot;,&quot;architecturer_ext_is_scrollme&quot;:&quot;false&quot;,&quot;architecturer_ext_is_smoove&quot;:&quot;false&quot;,&quot;architecturer_ext_is_parallax_mouse&quot;:&quot;false&quot;,&quot;architecturer_ext_is_infinite&quot;:&quot;false&quot;,&quot;architecturer_ext_is_fadeout_animation&quot;:&quot;false&quot;}\" data-widget_type=\"image.default\">\n\t\t\t\t<div class=\"elementor-widget-container\">\n\t\t\t\t\t\t\t\t\t\t\t\t\t\t\t<img loading=\"lazy\" decoding=\"async\" width=\"1024\" height=\"576\" src=\"https:\/\/bensdesign.ma\/new2\/wp-content\/uploads\/2023\/08\/5-1024x576.jpg\" class=\"attachment-large size-large wp-image-3752\" alt=\"\" srcset=\"https:\/\/bensdesign.ma\/new2\/wp-content\/uploads\/2023\/08\/5-1024x576.jpg 1024w, https:\/\/bensdesign.ma\/new2\/wp-content\/uploads\/2023\/08\/5-300x169.jpg 300w, https:\/\/bensdesign.ma\/new2\/wp-content\/uploads\/2023\/08\/5-768x432.jpg 768w, https:\/\/bensdesign.ma\/new2\/wp-content\/uploads\/2023\/08\/5-1536x864.jpg 1536w, https:\/\/bensdesign.ma\/new2\/wp-content\/uploads\/2023\/08\/5-2048x1152.jpg 2048w, https:\/\/bensdesign.ma\/new2\/wp-content\/uploads\/2023\/08\/5-440x247.jpg 440w\" sizes=\"auto, (max-width: 1024px) 100vw, 1024px\" \/>\t\t\t\t\t\t\t\t\t\t\t\t\t\t\t<\/div>\n\t\t\t\t<\/div>\n\t\t\t\t<div class=\"elementor-element elementor-element-9f3bcd5 stellar elementor-widget elementor-widget-image\" data-id=\"9f3bcd5\" data-element_type=\"widget\" data-settings=\"{&quot;architecturer_image_is_animation&quot;:&quot;false&quot;,&quot;architecturer_ext_is_mobile_menu&quot;:&quot;false&quot;,&quot;architecturer_ext_is_scrollme&quot;:&quot;false&quot;,&quot;architecturer_ext_is_smoove&quot;:&quot;false&quot;,&quot;architecturer_ext_is_parallax_mouse&quot;:&quot;false&quot;,&quot;architecturer_ext_is_infinite&quot;:&quot;false&quot;,&quot;architecturer_ext_is_fadeout_animation&quot;:&quot;false&quot;}\" data-widget_type=\"image.default\">\n\t\t\t\t<div class=\"elementor-widget-container\">\n\t\t\t\t\t\t\t\t\t\t\t\t\t\t\t<img loading=\"lazy\" decoding=\"async\" width=\"1024\" height=\"576\" src=\"https:\/\/bensdesign.ma\/new2\/wp-content\/uploads\/2023\/08\/8-1-1024x576.jpg\" class=\"attachment-large size-large wp-image-3754\" alt=\"\" srcset=\"https:\/\/bensdesign.ma\/new2\/wp-content\/uploads\/2023\/08\/8-1-1024x576.jpg 1024w, https:\/\/bensdesign.ma\/new2\/wp-content\/uploads\/2023\/08\/8-1-300x169.jpg 300w, https:\/\/bensdesign.ma\/new2\/wp-content\/uploads\/2023\/08\/8-1-768x432.jpg 768w, https:\/\/bensdesign.ma\/new2\/wp-content\/uploads\/2023\/08\/8-1-1536x864.jpg 1536w, https:\/\/bensdesign.ma\/new2\/wp-content\/uploads\/2023\/08\/8-1-2048x1152.jpg 2048w, https:\/\/bensdesign.ma\/new2\/wp-content\/uploads\/2023\/08\/8-1-440x247.jpg 440w\" sizes=\"auto, (max-width: 1024px) 100vw, 1024px\" \/>\t\t\t\t\t\t\t\t\t\t\t\t\t\t\t<\/div>\n\t\t\t\t<\/div>\n\t\t\t\t\t<\/div>\n\t\t<\/div>\n\t\t\t\t<div class=\"elementor-column elementor-col-50 elementor-top-column elementor-element elementor-element-7899b45\" data-id=\"7899b45\" data-element_type=\"column\" data-settings=\"{&quot;architecturer_ext_is_mobile_menu&quot;:&quot;false&quot;,&quot;architecturer_ext_is_scrollme&quot;:&quot;false&quot;,&quot;architecturer_ext_is_smoove&quot;:&quot;false&quot;,&quot;architecturer_ext_is_parallax_mouse&quot;:&quot;false&quot;,&quot;architecturer_ext_is_infinite&quot;:&quot;false&quot;,&quot;architecturer_ext_is_fadeout_animation&quot;:&quot;false&quot;}\">\n\t\t\t<div class=\"elementor-widget-wrap elementor-element-populated\">\n\t\t\t\t\t\t\t\t<div class=\"elementor-element elementor-element-bf2c9c1 stellar elementor-widget elementor-widget-image\" data-id=\"bf2c9c1\" data-element_type=\"widget\" data-settings=\"{&quot;architecturer_image_is_animation&quot;:&quot;false&quot;,&quot;architecturer_ext_is_mobile_menu&quot;:&quot;false&quot;,&quot;architecturer_ext_is_scrollme&quot;:&quot;false&quot;,&quot;architecturer_ext_is_smoove&quot;:&quot;false&quot;,&quot;architecturer_ext_is_parallax_mouse&quot;:&quot;false&quot;,&quot;architecturer_ext_is_infinite&quot;:&quot;false&quot;,&quot;architecturer_ext_is_fadeout_animation&quot;:&quot;false&quot;}\" data-widget_type=\"image.default\">\n\t\t\t\t<div class=\"elementor-widget-container\">\n\t\t\t\t\t\t\t\t\t\t\t\t\t\t\t<img loading=\"lazy\" decoding=\"async\" width=\"1024\" height=\"576\" src=\"https:\/\/bensdesign.ma\/new2\/wp-content\/uploads\/2023\/08\/2-1024x576.jpg\" class=\"attachment-large size-large wp-image-3749\" alt=\"\" srcset=\"https:\/\/bensdesign.ma\/new2\/wp-content\/uploads\/2023\/08\/2-1024x576.jpg 1024w, https:\/\/bensdesign.ma\/new2\/wp-content\/uploads\/2023\/08\/2-300x169.jpg 300w, https:\/\/bensdesign.ma\/new2\/wp-content\/uploads\/2023\/08\/2-768x432.jpg 768w, https:\/\/bensdesign.ma\/new2\/wp-content\/uploads\/2023\/08\/2-1536x864.jpg 1536w, https:\/\/bensdesign.ma\/new2\/wp-content\/uploads\/2023\/08\/2-2048x1152.jpg 2048w, https:\/\/bensdesign.ma\/new2\/wp-content\/uploads\/2023\/08\/2-440x247.jpg 440w\" sizes=\"auto, (max-width: 1024px) 100vw, 1024px\" \/>\t\t\t\t\t\t\t\t\t\t\t\t\t\t\t<\/div>\n\t\t\t\t<\/div>\n\t\t\t\t<div class=\"elementor-element elementor-element-9bee4fb stellar elementor-widget elementor-widget-image\" data-id=\"9bee4fb\" data-element_type=\"widget\" data-settings=\"{&quot;architecturer_image_is_animation&quot;:&quot;false&quot;,&quot;architecturer_ext_is_mobile_menu&quot;:&quot;false&quot;,&quot;architecturer_ext_is_scrollme&quot;:&quot;false&quot;,&quot;architecturer_ext_is_smoove&quot;:&quot;false&quot;,&quot;architecturer_ext_is_parallax_mouse&quot;:&quot;false&quot;,&quot;architecturer_ext_is_infinite&quot;:&quot;false&quot;,&quot;architecturer_ext_is_fadeout_animation&quot;:&quot;false&quot;}\" data-widget_type=\"image.default\">\n\t\t\t\t<div class=\"elementor-widget-container\">\n\t\t\t\t\t\t\t\t\t\t\t\t\t\t\t<img loading=\"lazy\" decoding=\"async\" width=\"1024\" height=\"576\" src=\"https:\/\/bensdesign.ma\/new2\/wp-content\/uploads\/2023\/08\/4-1-1024x576.jpg\" class=\"attachment-large size-large wp-image-3751\" alt=\"\" srcset=\"https:\/\/bensdesign.ma\/new2\/wp-content\/uploads\/2023\/08\/4-1-1024x576.jpg 1024w, https:\/\/bensdesign.ma\/new2\/wp-content\/uploads\/2023\/08\/4-1-300x169.jpg 300w, https:\/\/bensdesign.ma\/new2\/wp-content\/uploads\/2023\/08\/4-1-768x432.jpg 768w, https:\/\/bensdesign.ma\/new2\/wp-content\/uploads\/2023\/08\/4-1-1536x864.jpg 1536w, https:\/\/bensdesign.ma\/new2\/wp-content\/uploads\/2023\/08\/4-1-2048x1152.jpg 2048w, https:\/\/bensdesign.ma\/new2\/wp-content\/uploads\/2023\/08\/4-1-440x247.jpg 440w\" sizes=\"auto, (max-width: 1024px) 100vw, 1024px\" \/>\t\t\t\t\t\t\t\t\t\t\t\t\t\t\t<\/div>\n\t\t\t\t<\/div>\n\t\t\t\t<div class=\"elementor-element elementor-element-950f7cb elementor-widget elementor-widget-image\" data-id=\"950f7cb\" data-element_type=\"widget\" data-settings=\"{&quot;architecturer_image_is_animation&quot;:&quot;false&quot;,&quot;architecturer_ext_is_mobile_menu&quot;:&quot;false&quot;,&quot;architecturer_ext_is_scrollme&quot;:&quot;false&quot;,&quot;architecturer_ext_is_smoove&quot;:&quot;false&quot;,&quot;architecturer_ext_is_parallax_mouse&quot;:&quot;false&quot;,&quot;architecturer_ext_is_infinite&quot;:&quot;false&quot;,&quot;architecturer_ext_is_fadeout_animation&quot;:&quot;false&quot;}\" data-widget_type=\"image.default\">\n\t\t\t\t<div class=\"elementor-widget-container\">\n\t\t\t\t\t\t\t\t\t\t\t\t\t\t\t<img loading=\"lazy\" decoding=\"async\" width=\"1024\" height=\"576\" src=\"https:\/\/bensdesign.ma\/new2\/wp-content\/uploads\/2023\/08\/6-1024x576.jpg\" class=\"attachment-large size-large wp-image-3753\" alt=\"\" srcset=\"https:\/\/bensdesign.ma\/new2\/wp-content\/uploads\/2023\/08\/6-1024x576.jpg 1024w, https:\/\/bensdesign.ma\/new2\/wp-content\/uploads\/2023\/08\/6-300x169.jpg 300w, https:\/\/bensdesign.ma\/new2\/wp-content\/uploads\/2023\/08\/6-768x432.jpg 768w, https:\/\/bensdesign.ma\/new2\/wp-content\/uploads\/2023\/08\/6-1536x864.jpg 1536w, https:\/\/bensdesign.ma\/new2\/wp-content\/uploads\/2023\/08\/6-2048x1152.jpg 2048w, https:\/\/bensdesign.ma\/new2\/wp-content\/uploads\/2023\/08\/6-440x247.jpg 440w\" sizes=\"auto, (max-width: 1024px) 100vw, 1024px\" \/>\t\t\t\t\t\t\t\t\t\t\t\t\t\t\t<\/div>\n\t\t\t\t<\/div>\n\t\t\t\t<div class=\"elementor-element elementor-element-25b5744 elementor-widget elementor-widget-image\" data-id=\"25b5744\" data-element_type=\"widget\" data-settings=\"{&quot;architecturer_image_is_animation&quot;:&quot;false&quot;,&quot;architecturer_ext_is_mobile_menu&quot;:&quot;false&quot;,&quot;architecturer_ext_is_scrollme&quot;:&quot;false&quot;,&quot;architecturer_ext_is_smoove&quot;:&quot;false&quot;,&quot;architecturer_ext_is_parallax_mouse&quot;:&quot;false&quot;,&quot;architecturer_ext_is_infinite&quot;:&quot;false&quot;,&quot;architecturer_ext_is_fadeout_animation&quot;:&quot;false&quot;}\" data-widget_type=\"image.default\">\n\t\t\t\t<div class=\"elementor-widget-container\">\n\t\t\t\t\t\t\t\t\t\t\t\t\t\t\t<img loading=\"lazy\" decoding=\"async\" width=\"1024\" height=\"576\" src=\"https:\/\/bensdesign.ma\/new2\/wp-content\/uploads\/2023\/08\/9-1024x576.jpg\" class=\"attachment-large size-large wp-image-3755\" alt=\"\" srcset=\"https:\/\/bensdesign.ma\/new2\/wp-content\/uploads\/2023\/08\/9-1024x576.jpg 1024w, https:\/\/bensdesign.ma\/new2\/wp-content\/uploads\/2023\/08\/9-300x169.jpg 300w, https:\/\/bensdesign.ma\/new2\/wp-content\/uploads\/2023\/08\/9-768x432.jpg 768w, https:\/\/bensdesign.ma\/new2\/wp-content\/uploads\/2023\/08\/9-1536x864.jpg 1536w, https:\/\/bensdesign.ma\/new2\/wp-content\/uploads\/2023\/08\/9-2048x1152.jpg 2048w, https:\/\/bensdesign.ma\/new2\/wp-content\/uploads\/2023\/08\/9-440x247.jpg 440w\" sizes=\"auto, (max-width: 1024px) 100vw, 1024px\" \/>\t\t\t\t\t\t\t\t\t\t\t\t\t\t\t<\/div>\n\t\t\t\t<\/div>\n\t\t\t\t\t<\/div>\n\t\t<\/div>\n\t\t\t\t\t\t\t<\/div>\n\t\t<\/section>\n\t\t\t\t\t\t\t<\/div>\n\t\t","protected":false},"excerpt":{"rendered":"","protected":false},"author":1,"featured_media":0,"parent":0,"menu_order":0,"comment_status":"closed","ping_status":"closed","template":"","meta":{"footnotes":""},"class_list":["post-3743","page","type-page","status-publish","hentry"],"yoast_head":"<!-- This site is optimized with the Yoast SEO plugin v22.5 - https:\/\/yoast.com\/wordpress\/plugins\/seo\/ -->\n<title>restaurant masouria emeraude beach - Bens Design<\/title>\n<meta name=\"robots\" content=\"index, follow, max-snippet:-1, max-image-preview:large, max-video-preview:-1\" \/>\n<link rel=\"canonical\" href=\"http:\/\/bensdesign.ma\/new2\/restaurant-masouria-emeraude-beach\/\" \/>\n<meta property=\"og:locale\" content=\"fr_FR\" \/>\n<meta property=\"og:type\" content=\"article\" \/>\n<meta property=\"og:title\" content=\"restaurant masouria emeraude beach - Bens Design\" \/>\n<meta property=\"og:url\" content=\"http:\/\/bensdesign.ma\/new2\/restaurant-masouria-emeraude-beach\/\" \/>\n<meta property=\"og:site_name\" content=\"Bens Design\" \/>\n<meta property=\"article:modified_time\" content=\"2024-01-18T13:25:21+00:00\" \/>\n<meta property=\"og:image\" content=\"http:\/\/bensdesign.ma\/new2\/wp-content\/uploads\/2023\/08\/1-3-1024x576.jpg\" \/>\n<meta name=\"twitter:card\" content=\"summary_large_image\" \/>\n<script type=\"application\/ld+json\" class=\"yoast-schema-graph\">{\"@context\":\"https:\/\/schema.org\",\"@graph\":[{\"@type\":\"WebPage\",\"@id\":\"http:\/\/bensdesign.ma\/new2\/restaurant-masouria-emeraude-beach\/\",\"url\":\"http:\/\/bensdesign.ma\/new2\/restaurant-masouria-emeraude-beach\/\",\"name\":\"restaurant masouria emeraude beach - Bens Design\",\"isPartOf\":{\"@id\":\"https:\/\/bensdesign.ma\/new2\/#website\"},\"primaryImageOfPage\":{\"@id\":\"http:\/\/bensdesign.ma\/new2\/restaurant-masouria-emeraude-beach\/#primaryimage\"},\"image\":{\"@id\":\"http:\/\/bensdesign.ma\/new2\/restaurant-masouria-emeraude-beach\/#primaryimage\"},\"thumbnailUrl\":\"http:\/\/bensdesign.ma\/new2\/wp-content\/uploads\/2023\/08\/1-3-1024x576.jpg\",\"datePublished\":\"2023-08-29T15:53:44+00:00\",\"dateModified\":\"2024-01-18T13:25:21+00:00\",\"breadcrumb\":{\"@id\":\"http:\/\/bensdesign.ma\/new2\/restaurant-masouria-emeraude-beach\/#breadcrumb\"},\"inLanguage\":\"fr-FR\",\"potentialAction\":[{\"@type\":\"ReadAction\",\"target\":[\"http:\/\/bensdesign.ma\/new2\/restaurant-masouria-emeraude-beach\/\"]}]},{\"@type\":\"ImageObject\",\"inLanguage\":\"fr-FR\",\"@id\":\"http:\/\/bensdesign.ma\/new2\/restaurant-masouria-emeraude-beach\/#primaryimage\",\"url\":\"https:\/\/bensdesign.ma\/new2\/wp-content\/uploads\/2023\/08\/1-3.jpg\",\"contentUrl\":\"https:\/\/bensdesign.ma\/new2\/wp-content\/uploads\/2023\/08\/1-3.jpg\",\"width\":2479,\"height\":1394},{\"@type\":\"BreadcrumbList\",\"@id\":\"http:\/\/bensdesign.ma\/new2\/restaurant-masouria-emeraude-beach\/#breadcrumb\",\"itemListElement\":[{\"@type\":\"ListItem\",\"position\":1,\"name\":\"Accueil\",\"item\":\"https:\/\/bensdesign.ma\/new2\/\"},{\"@type\":\"ListItem\",\"position\":2,\"name\":\"restaurant masouria emeraude beach\"}]},{\"@type\":\"WebSite\",\"@id\":\"https:\/\/bensdesign.ma\/new2\/#website\",\"url\":\"https:\/\/bensdesign.ma\/new2\/\",\"name\":\"Bens Design\",\"description\":\"Architecte d&#039;int\u00e9rieur | D\u00e9corateur d&#039;int\u00e9rieur | D\u00e9corateur\",\"publisher\":{\"@id\":\"https:\/\/bensdesign.ma\/new2\/#organization\"},\"potentialAction\":[{\"@type\":\"SearchAction\",\"target\":{\"@type\":\"EntryPoint\",\"urlTemplate\":\"https:\/\/bensdesign.ma\/new2\/?s={search_term_string}\"},\"query-input\":\"required name=search_term_string\"}],\"inLanguage\":\"fr-FR\"},{\"@type\":\"Organization\",\"@id\":\"https:\/\/bensdesign.ma\/new2\/#organization\",\"name\":\"Bens Design\",\"url\":\"https:\/\/bensdesign.ma\/new2\/\",\"logo\":{\"@type\":\"ImageObject\",\"inLanguage\":\"fr-FR\",\"@id\":\"https:\/\/bensdesign.ma\/new2\/#\/schema\/logo\/image\/\",\"url\":\"https:\/\/bensdesign.ma\/new2\/wp-content\/uploads\/2024\/01\/Sans-titre-1.png\",\"contentUrl\":\"https:\/\/bensdesign.ma\/new2\/wp-content\/uploads\/2024\/01\/Sans-titre-1.png\",\"width\":721,\"height\":155,\"caption\":\"Bens Design\"},\"image\":{\"@id\":\"https:\/\/bensdesign.ma\/new2\/#\/schema\/logo\/image\/\"}}]}<\/script>\n<!-- \/ Yoast SEO plugin. -->","yoast_head_json":{"title":"restaurant masouria emeraude beach - Bens Design","robots":{"index":"index","follow":"follow","max-snippet":"max-snippet:-1","max-image-preview":"max-image-preview:large","max-video-preview":"max-video-preview:-1"},"canonical":"http:\/\/bensdesign.ma\/new2\/restaurant-masouria-emeraude-beach\/","og_locale":"fr_FR","og_type":"article","og_title":"restaurant masouria emeraude beach - Bens Design","og_url":"http:\/\/bensdesign.ma\/new2\/restaurant-masouria-emeraude-beach\/","og_site_name":"Bens Design","article_modified_time":"2024-01-18T13:25:21+00:00","og_image":[{"url":"http:\/\/bensdesign.ma\/new2\/wp-content\/uploads\/2023\/08\/1-3-1024x576.jpg"}],"twitter_card":"summary_large_image","schema":{"@context":"https:\/\/schema.org","@graph":[{"@type":"WebPage","@id":"http:\/\/bensdesign.ma\/new2\/restaurant-masouria-emeraude-beach\/","url":"http:\/\/bensdesign.ma\/new2\/restaurant-masouria-emeraude-beach\/","name":"restaurant masouria emeraude beach - Bens Design","isPartOf":{"@id":"https:\/\/bensdesign.ma\/new2\/#website"},"primaryImageOfPage":{"@id":"http:\/\/bensdesign.ma\/new2\/restaurant-masouria-emeraude-beach\/#primaryimage"},"image":{"@id":"http:\/\/bensdesign.ma\/new2\/restaurant-masouria-emeraude-beach\/#primaryimage"},"thumbnailUrl":"http:\/\/bensdesign.ma\/new2\/wp-content\/uploads\/2023\/08\/1-3-1024x576.jpg","datePublished":"2023-08-29T15:53:44+00:00","dateModified":"2024-01-18T13:25:21+00:00","breadcrumb":{"@id":"http:\/\/bensdesign.ma\/new2\/restaurant-masouria-emeraude-beach\/#breadcrumb"},"inLanguage":"fr-FR","potentialAction":[{"@type":"ReadAction","target":["http:\/\/bensdesign.ma\/new2\/restaurant-masouria-emeraude-beach\/"]}]},{"@type":"ImageObject","inLanguage":"fr-FR","@id":"http:\/\/bensdesign.ma\/new2\/restaurant-masouria-emeraude-beach\/#primaryimage","url":"https:\/\/bensdesign.ma\/new2\/wp-content\/uploads\/2023\/08\/1-3.jpg","contentUrl":"https:\/\/bensdesign.ma\/new2\/wp-content\/uploads\/2023\/08\/1-3.jpg","width":2479,"height":1394},{"@type":"BreadcrumbList","@id":"http:\/\/bensdesign.ma\/new2\/restaurant-masouria-emeraude-beach\/#breadcrumb","itemListElement":[{"@type":"ListItem","position":1,"name":"Accueil","item":"https:\/\/bensdesign.ma\/new2\/"},{"@type":"ListItem","position":2,"name":"restaurant masouria emeraude beach"}]},{"@type":"WebSite","@id":"https:\/\/bensdesign.ma\/new2\/#website","url":"https:\/\/bensdesign.ma\/new2\/","name":"Bens Design","description":"Architecte d&#039;int\u00e9rieur | D\u00e9corateur d&#039;int\u00e9rieur | D\u00e9corateur","publisher":{"@id":"https:\/\/bensdesign.ma\/new2\/#organization"},"potentialAction":[{"@type":"SearchAction","target":{"@type":"EntryPoint","urlTemplate":"https:\/\/bensdesign.ma\/new2\/?s={search_term_string}"},"query-input":"required name=search_term_string"}],"inLanguage":"fr-FR"},{"@type":"Organization","@id":"https:\/\/bensdesign.ma\/new2\/#organization","name":"Bens Design","url":"https:\/\/bensdesign.ma\/new2\/","logo":{"@type":"ImageObject","inLanguage":"fr-FR","@id":"https:\/\/bensdesign.ma\/new2\/#\/schema\/logo\/image\/","url":"https:\/\/bensdesign.ma\/new2\/wp-content\/uploads\/2024\/01\/Sans-titre-1.png","contentUrl":"https:\/\/bensdesign.ma\/new2\/wp-content\/uploads\/2024\/01\/Sans-titre-1.png","width":721,"height":155,"caption":"Bens Design"},"image":{"@id":"https:\/\/bensdesign.ma\/new2\/#\/schema\/logo\/image\/"}}]}},"_links":{"self":[{"href":"https:\/\/bensdesign.ma\/new2\/wp-json\/wp\/v2\/pages\/3743","targetHints":{"allow":["GET"]}}],"collection":[{"href":"https:\/\/bensdesign.ma\/new2\/wp-json\/wp\/v2\/pages"}],"about":[{"href":"https:\/\/bensdesign.ma\/new2\/wp-json\/wp\/v2\/types\/page"}],"author":[{"embeddable":true,"href":"https:\/\/bensdesign.ma\/new2\/wp-json\/wp\/v2\/users\/1"}],"replies":[{"embeddable":true,"href":"https:\/\/bensdesign.ma\/new2\/wp-json\/wp\/v2\/comments?post=3743"}],"version-history":[{"count":10,"href":"https:\/\/bensdesign.ma\/new2\/wp-json\/wp\/v2\/pages\/3743\/revisions"}],"predecessor-version":[{"id":4272,"href":"https:\/\/bensdesign.ma\/new2\/wp-json\/wp\/v2\/pages\/3743\/revisions\/4272"}],"wp:attachment":[{"href":"https:\/\/bensdesign.ma\/new2\/wp-json\/wp\/v2\/media?parent=3743"}],"curies":[{"name":"wp","href":"https:\/\/api.w.org\/{rel}","templated":true}]}}