{"id":3911,"date":"2023-10-05T15:47:31","date_gmt":"2023-10-05T15:47:31","guid":{"rendered":"http:\/\/bensdesign.ma\/new2\/?page_id=3911"},"modified":"2024-01-18T13:41:20","modified_gmt":"2024-01-18T13:41:20","slug":"villa-d","status":"publish","type":"page","link":"https:\/\/bensdesign.ma\/new2\/villa-d\/","title":{"rendered":"villa d"},"content":{"rendered":"\t\t<div data-elementor-type=\"wp-post\" data-elementor-id=\"3911\" class=\"elementor elementor-3911\">\n\t\t\t\t\t\t\t\t\t<section class=\"elementor-section elementor-top-section elementor-element elementor-element-3fdd998 elementor-section-stretched elementor-section-height-min-height elementor-section-boxed elementor-section-height-default elementor-section-items-middle\" data-id=\"3fdd998\" data-element_type=\"section\" data-settings=\"{&quot;stretch_section&quot;:&quot;section-stretched&quot;,&quot;background_background&quot;:&quot;classic&quot;,&quot;architecturer_ext_is_background_parallax&quot;:&quot;false&quot;,&quot;architecturer_ext_is_background_on_scroll&quot;:&quot;false&quot;}\">\n\t\t\t\t\t\t\t<div class=\"elementor-background-overlay\"><\/div>\n\t\t\t\t\t\t\t<div class=\"elementor-container elementor-column-gap-default\">\n\t\t\t\t\t<div class=\"elementor-column elementor-col-100 elementor-top-column elementor-element elementor-element-a9db27b\" data-id=\"a9db27b\" data-element_type=\"column\" data-settings=\"{&quot;architecturer_ext_is_mobile_menu&quot;:&quot;false&quot;,&quot;architecturer_ext_is_scrollme&quot;:&quot;false&quot;,&quot;architecturer_ext_is_smoove&quot;:&quot;false&quot;,&quot;architecturer_ext_is_parallax_mouse&quot;:&quot;false&quot;,&quot;architecturer_ext_is_infinite&quot;:&quot;false&quot;,&quot;architecturer_ext_is_fadeout_animation&quot;:&quot;false&quot;}\">\n\t\t\t<div class=\"elementor-widget-wrap\">\n\t\t\t\t\t\t\t\t\t<\/div>\n\t\t<\/div>\n\t\t\t\t\t\t\t<\/div>\n\t\t<\/section>\n\t\t\t\t<section class=\"elementor-section elementor-top-section elementor-element elementor-element-5b3811a elementor-section-boxed elementor-section-height-default elementor-section-height-default\" data-id=\"5b3811a\" data-element_type=\"section\" data-settings=\"{&quot;architecturer_ext_is_background_parallax&quot;:&quot;false&quot;,&quot;architecturer_ext_is_background_on_scroll&quot;:&quot;false&quot;}\">\n\t\t\t\t\t\t<div class=\"elementor-container elementor-column-gap-no\">\n\t\t\t\t\t<div class=\"elementor-column elementor-col-100 elementor-top-column elementor-element elementor-element-0563e8c\" data-id=\"0563e8c\" data-element_type=\"column\" data-settings=\"{&quot;architecturer_ext_is_mobile_menu&quot;:&quot;false&quot;,&quot;architecturer_ext_is_scrollme&quot;:&quot;false&quot;,&quot;architecturer_ext_is_smoove&quot;:&quot;false&quot;,&quot;architecturer_ext_is_parallax_mouse&quot;:&quot;false&quot;,&quot;architecturer_ext_is_infinite&quot;:&quot;false&quot;,&quot;architecturer_ext_is_fadeout_animation&quot;:&quot;false&quot;}\">\n\t\t\t<div class=\"elementor-widget-wrap\">\n\t\t\t\t\t\t\t\t\t<\/div>\n\t\t<\/div>\n\t\t\t\t\t\t\t<\/div>\n\t\t<\/section>\n\t\t\t\t<section class=\"elementor-section elementor-top-section elementor-element elementor-element-3f3d825 elementor-section-boxed elementor-section-height-default elementor-section-height-default\" data-id=\"3f3d825\" data-element_type=\"section\" data-settings=\"{&quot;architecturer_ext_is_background_parallax&quot;:&quot;false&quot;,&quot;architecturer_ext_is_background_on_scroll&quot;:&quot;false&quot;}\">\n\t\t\t\t\t\t<div class=\"elementor-container elementor-column-gap-no\">\n\t\t\t\t\t<div class=\"elementor-column elementor-col-50 elementor-top-column elementor-element elementor-element-21e76c9\" data-id=\"21e76c9\" data-element_type=\"column\" data-settings=\"{&quot;architecturer_ext_is_mobile_menu&quot;:&quot;false&quot;,&quot;architecturer_ext_is_scrollme&quot;:&quot;false&quot;,&quot;architecturer_ext_is_smoove&quot;:&quot;false&quot;,&quot;architecturer_ext_is_parallax_mouse&quot;:&quot;false&quot;,&quot;architecturer_ext_is_infinite&quot;:&quot;false&quot;,&quot;architecturer_ext_is_fadeout_animation&quot;:&quot;false&quot;}\">\n\t\t\t<div class=\"elementor-widget-wrap elementor-element-populated\">\n\t\t\t\t\t\t\t\t<div class=\"elementor-element elementor-element-bf2c9c1 stellar elementor-widget elementor-widget-image\" data-id=\"bf2c9c1\" data-element_type=\"widget\" data-settings=\"{&quot;architecturer_image_is_animation&quot;:&quot;false&quot;,&quot;architecturer_ext_is_mobile_menu&quot;:&quot;false&quot;,&quot;architecturer_ext_is_scrollme&quot;:&quot;false&quot;,&quot;architecturer_ext_is_smoove&quot;:&quot;false&quot;,&quot;architecturer_ext_is_parallax_mouse&quot;:&quot;false&quot;,&quot;architecturer_ext_is_infinite&quot;:&quot;false&quot;,&quot;architecturer_ext_is_fadeout_animation&quot;:&quot;false&quot;}\" data-widget_type=\"image.default\">\n\t\t\t\t<div class=\"elementor-widget-container\">\n\t\t\t<style>\/*! elementor - v3.13.2 - 11-05-2023 *\/\n.elementor-widget-image{text-align:center}.elementor-widget-image a{display:inline-block}.elementor-widget-image a img[src$=\".svg\"]{width:48px}.elementor-widget-image img{vertical-align:middle;display:inline-block}<\/style>\t\t\t\t\t\t\t\t\t\t\t\t<img loading=\"lazy\" decoding=\"async\" width=\"1024\" height=\"576\" src=\"https:\/\/bensdesign.ma\/new2\/wp-content\/uploads\/2023\/10\/39-1024x576.jpg\" class=\"attachment-large size-large wp-image-3947\" alt=\"\" srcset=\"https:\/\/bensdesign.ma\/new2\/wp-content\/uploads\/2023\/10\/39-1024x576.jpg 1024w, https:\/\/bensdesign.ma\/new2\/wp-content\/uploads\/2023\/10\/39-300x169.jpg 300w, https:\/\/bensdesign.ma\/new2\/wp-content\/uploads\/2023\/10\/39-768x432.jpg 768w, https:\/\/bensdesign.ma\/new2\/wp-content\/uploads\/2023\/10\/39-1536x864.jpg 1536w, https:\/\/bensdesign.ma\/new2\/wp-content\/uploads\/2023\/10\/39-2048x1152.jpg 2048w, https:\/\/bensdesign.ma\/new2\/wp-content\/uploads\/2023\/10\/39-440x247.jpg 440w\" sizes=\"auto, (max-width: 1024px) 100vw, 1024px\" \/>\t\t\t\t\t\t\t\t\t\t\t\t\t\t\t<\/div>\n\t\t\t\t<\/div>\n\t\t\t\t<div class=\"elementor-element elementor-element-12e6393 stellar elementor-widget elementor-widget-image\" data-id=\"12e6393\" data-element_type=\"widget\" data-settings=\"{&quot;architecturer_image_is_animation&quot;:&quot;false&quot;,&quot;architecturer_ext_is_mobile_menu&quot;:&quot;false&quot;,&quot;architecturer_ext_is_scrollme&quot;:&quot;false&quot;,&quot;architecturer_ext_is_smoove&quot;:&quot;false&quot;,&quot;architecturer_ext_is_parallax_mouse&quot;:&quot;false&quot;,&quot;architecturer_ext_is_infinite&quot;:&quot;false&quot;,&quot;architecturer_ext_is_fadeout_animation&quot;:&quot;false&quot;}\" data-widget_type=\"image.default\">\n\t\t\t\t<div class=\"elementor-widget-container\">\n\t\t\t\t\t\t\t\t\t\t\t\t\t\t\t<img loading=\"lazy\" decoding=\"async\" width=\"1024\" height=\"576\" src=\"https:\/\/bensdesign.ma\/new2\/wp-content\/uploads\/2023\/10\/31-1024x576.jpg\" class=\"attachment-large size-large wp-image-3945\" alt=\"\" srcset=\"https:\/\/bensdesign.ma\/new2\/wp-content\/uploads\/2023\/10\/31-1024x576.jpg 1024w, https:\/\/bensdesign.ma\/new2\/wp-content\/uploads\/2023\/10\/31-300x169.jpg 300w, https:\/\/bensdesign.ma\/new2\/wp-content\/uploads\/2023\/10\/31-768x432.jpg 768w, https:\/\/bensdesign.ma\/new2\/wp-content\/uploads\/2023\/10\/31-1536x864.jpg 1536w, https:\/\/bensdesign.ma\/new2\/wp-content\/uploads\/2023\/10\/31-2048x1152.jpg 2048w, https:\/\/bensdesign.ma\/new2\/wp-content\/uploads\/2023\/10\/31-440x247.jpg 440w\" sizes=\"auto, (max-width: 1024px) 100vw, 1024px\" \/>\t\t\t\t\t\t\t\t\t\t\t\t\t\t\t<\/div>\n\t\t\t\t<\/div>\n\t\t\t\t\t<\/div>\n\t\t<\/div>\n\t\t\t\t<div class=\"elementor-column elementor-col-50 elementor-top-column elementor-element elementor-element-7899b45\" data-id=\"7899b45\" data-element_type=\"column\" data-settings=\"{&quot;architecturer_ext_is_mobile_menu&quot;:&quot;false&quot;,&quot;architecturer_ext_is_scrollme&quot;:&quot;false&quot;,&quot;architecturer_ext_is_smoove&quot;:&quot;false&quot;,&quot;architecturer_ext_is_parallax_mouse&quot;:&quot;false&quot;,&quot;architecturer_ext_is_infinite&quot;:&quot;false&quot;,&quot;architecturer_ext_is_fadeout_animation&quot;:&quot;false&quot;}\">\n\t\t\t<div class=\"elementor-widget-wrap elementor-element-populated\">\n\t\t\t\t\t\t\t\t<div class=\"elementor-element elementor-element-3ea919a stellar elementor-widget elementor-widget-image\" data-id=\"3ea919a\" data-element_type=\"widget\" data-settings=\"{&quot;architecturer_image_is_animation&quot;:&quot;false&quot;,&quot;architecturer_ext_is_mobile_menu&quot;:&quot;false&quot;,&quot;architecturer_ext_is_scrollme&quot;:&quot;false&quot;,&quot;architecturer_ext_is_smoove&quot;:&quot;false&quot;,&quot;architecturer_ext_is_parallax_mouse&quot;:&quot;false&quot;,&quot;architecturer_ext_is_infinite&quot;:&quot;false&quot;,&quot;architecturer_ext_is_fadeout_animation&quot;:&quot;false&quot;}\" data-widget_type=\"image.default\">\n\t\t\t\t<div class=\"elementor-widget-container\">\n\t\t\t\t\t\t\t\t\t\t\t\t\t\t\t<img loading=\"lazy\" decoding=\"async\" width=\"1024\" height=\"576\" src=\"https:\/\/bensdesign.ma\/new2\/wp-content\/uploads\/2023\/10\/32-1024x576.jpg\" class=\"attachment-large size-large wp-image-3946\" alt=\"\" srcset=\"https:\/\/bensdesign.ma\/new2\/wp-content\/uploads\/2023\/10\/32-1024x576.jpg 1024w, https:\/\/bensdesign.ma\/new2\/wp-content\/uploads\/2023\/10\/32-300x169.jpg 300w, https:\/\/bensdesign.ma\/new2\/wp-content\/uploads\/2023\/10\/32-768x432.jpg 768w, https:\/\/bensdesign.ma\/new2\/wp-content\/uploads\/2023\/10\/32-1536x864.jpg 1536w, https:\/\/bensdesign.ma\/new2\/wp-content\/uploads\/2023\/10\/32-2048x1152.jpg 2048w, https:\/\/bensdesign.ma\/new2\/wp-content\/uploads\/2023\/10\/32-440x247.jpg 440w\" sizes=\"auto, (max-width: 1024px) 100vw, 1024px\" \/>\t\t\t\t\t\t\t\t\t\t\t\t\t\t\t<\/div>\n\t\t\t\t<\/div>\n\t\t\t\t<div class=\"elementor-element elementor-element-9bee4fb stellar elementor-widget elementor-widget-image\" data-id=\"9bee4fb\" data-element_type=\"widget\" data-settings=\"{&quot;architecturer_image_is_animation&quot;:&quot;false&quot;,&quot;architecturer_ext_is_mobile_menu&quot;:&quot;false&quot;,&quot;architecturer_ext_is_scrollme&quot;:&quot;false&quot;,&quot;architecturer_ext_is_smoove&quot;:&quot;false&quot;,&quot;architecturer_ext_is_parallax_mouse&quot;:&quot;false&quot;,&quot;architecturer_ext_is_infinite&quot;:&quot;false&quot;,&quot;architecturer_ext_is_fadeout_animation&quot;:&quot;false&quot;}\" data-widget_type=\"image.default\">\n\t\t\t\t<div class=\"elementor-widget-container\">\n\t\t\t\t\t\t\t\t\t\t\t\t\t\t\t<img loading=\"lazy\" decoding=\"async\" width=\"1024\" height=\"576\" src=\"https:\/\/bensdesign.ma\/new2\/wp-content\/uploads\/2023\/10\/30.2-1024x576.jpg\" class=\"attachment-large size-large wp-image-3944\" alt=\"\" srcset=\"https:\/\/bensdesign.ma\/new2\/wp-content\/uploads\/2023\/10\/30.2-1024x576.jpg 1024w, https:\/\/bensdesign.ma\/new2\/wp-content\/uploads\/2023\/10\/30.2-300x169.jpg 300w, https:\/\/bensdesign.ma\/new2\/wp-content\/uploads\/2023\/10\/30.2-768x432.jpg 768w, https:\/\/bensdesign.ma\/new2\/wp-content\/uploads\/2023\/10\/30.2-1536x864.jpg 1536w, https:\/\/bensdesign.ma\/new2\/wp-content\/uploads\/2023\/10\/30.2-2048x1152.jpg 2048w, https:\/\/bensdesign.ma\/new2\/wp-content\/uploads\/2023\/10\/30.2-440x247.jpg 440w\" sizes=\"auto, (max-width: 1024px) 100vw, 1024px\" \/>\t\t\t\t\t\t\t\t\t\t\t\t\t\t\t<\/div>\n\t\t\t\t<\/div>\n\t\t\t\t\t<\/div>\n\t\t<\/div>\n\t\t\t\t\t\t\t<\/div>\n\t\t<\/section>\n\t\t\t\t\t\t\t<\/div>\n\t\t","protected":false},"excerpt":{"rendered":"","protected":false},"author":1,"featured_media":0,"parent":0,"menu_order":0,"comment_status":"closed","ping_status":"closed","template":"","meta":{"footnotes":""},"class_list":["post-3911","page","type-page","status-publish","hentry"],"yoast_head":"<!-- This site is optimized with the Yoast SEO plugin v22.5 - https:\/\/yoast.com\/wordpress\/plugins\/seo\/ -->\n<title>villa d - Bens Design<\/title>\n<meta name=\"robots\" content=\"index, follow, max-snippet:-1, max-image-preview:large, max-video-preview:-1\" \/>\n<link rel=\"canonical\" href=\"http:\/\/bensdesign.ma\/new2\/villa-d\/\" \/>\n<meta property=\"og:locale\" content=\"fr_FR\" \/>\n<meta property=\"og:type\" content=\"article\" \/>\n<meta property=\"og:title\" content=\"villa d - Bens Design\" \/>\n<meta property=\"og:url\" content=\"http:\/\/bensdesign.ma\/new2\/villa-d\/\" \/>\n<meta property=\"og:site_name\" content=\"Bens Design\" \/>\n<meta property=\"article:modified_time\" content=\"2024-01-18T13:41:20+00:00\" \/>\n<meta property=\"og:image\" content=\"http:\/\/bensdesign.ma\/new2\/wp-content\/uploads\/2023\/10\/39-1024x576.jpg\" \/>\n<meta name=\"twitter:card\" content=\"summary_large_image\" \/>\n<script type=\"application\/ld+json\" class=\"yoast-schema-graph\">{\"@context\":\"https:\/\/schema.org\",\"@graph\":[{\"@type\":\"WebPage\",\"@id\":\"http:\/\/bensdesign.ma\/new2\/villa-d\/\",\"url\":\"http:\/\/bensdesign.ma\/new2\/villa-d\/\",\"name\":\"villa d - Bens Design\",\"isPartOf\":{\"@id\":\"http:\/\/bensdesign.ma\/new2\/#website\"},\"primaryImageOfPage\":{\"@id\":\"http:\/\/bensdesign.ma\/new2\/villa-d\/#primaryimage\"},\"image\":{\"@id\":\"http:\/\/bensdesign.ma\/new2\/villa-d\/#primaryimage\"},\"thumbnailUrl\":\"http:\/\/bensdesign.ma\/new2\/wp-content\/uploads\/2023\/10\/39-1024x576.jpg\",\"datePublished\":\"2023-10-05T15:47:31+00:00\",\"dateModified\":\"2024-01-18T13:41:20+00:00\",\"breadcrumb\":{\"@id\":\"http:\/\/bensdesign.ma\/new2\/villa-d\/#breadcrumb\"},\"inLanguage\":\"fr-FR\",\"potentialAction\":[{\"@type\":\"ReadAction\",\"target\":[\"http:\/\/bensdesign.ma\/new2\/villa-d\/\"]}]},{\"@type\":\"ImageObject\",\"inLanguage\":\"fr-FR\",\"@id\":\"http:\/\/bensdesign.ma\/new2\/villa-d\/#primaryimage\",\"url\":\"https:\/\/bensdesign.ma\/new2\/wp-content\/uploads\/2023\/10\/39-scaled.jpg\",\"contentUrl\":\"https:\/\/bensdesign.ma\/new2\/wp-content\/uploads\/2023\/10\/39-scaled.jpg\",\"width\":2560,\"height\":1440},{\"@type\":\"BreadcrumbList\",\"@id\":\"http:\/\/bensdesign.ma\/new2\/villa-d\/#breadcrumb\",\"itemListElement\":[{\"@type\":\"ListItem\",\"position\":1,\"name\":\"Accueil\",\"item\":\"http:\/\/bensdesign.ma\/new2\/\"},{\"@type\":\"ListItem\",\"position\":2,\"name\":\"villa d\"}]},{\"@type\":\"WebSite\",\"@id\":\"http:\/\/bensdesign.ma\/new2\/#website\",\"url\":\"http:\/\/bensdesign.ma\/new2\/\",\"name\":\"Bens Design\",\"description\":\"Architecte d&#039;int\u00e9rieur | D\u00e9corateur d&#039;int\u00e9rieur | D\u00e9corateur\",\"publisher\":{\"@id\":\"http:\/\/bensdesign.ma\/new2\/#organization\"},\"potentialAction\":[{\"@type\":\"SearchAction\",\"target\":{\"@type\":\"EntryPoint\",\"urlTemplate\":\"http:\/\/bensdesign.ma\/new2\/?s={search_term_string}\"},\"query-input\":\"required name=search_term_string\"}],\"inLanguage\":\"fr-FR\"},{\"@type\":\"Organization\",\"@id\":\"http:\/\/bensdesign.ma\/new2\/#organization\",\"name\":\"Bens Design\",\"url\":\"http:\/\/bensdesign.ma\/new2\/\",\"logo\":{\"@type\":\"ImageObject\",\"inLanguage\":\"fr-FR\",\"@id\":\"http:\/\/bensdesign.ma\/new2\/#\/schema\/logo\/image\/\",\"url\":\"https:\/\/bensdesign.ma\/new2\/wp-content\/uploads\/2024\/01\/Sans-titre-1.png\",\"contentUrl\":\"https:\/\/bensdesign.ma\/new2\/wp-content\/uploads\/2024\/01\/Sans-titre-1.png\",\"width\":721,\"height\":155,\"caption\":\"Bens Design\"},\"image\":{\"@id\":\"http:\/\/bensdesign.ma\/new2\/#\/schema\/logo\/image\/\"}}]}<\/script>\n<!-- \/ Yoast SEO plugin. -->","yoast_head_json":{"title":"villa d - Bens Design","robots":{"index":"index","follow":"follow","max-snippet":"max-snippet:-1","max-image-preview":"max-image-preview:large","max-video-preview":"max-video-preview:-1"},"canonical":"http:\/\/bensdesign.ma\/new2\/villa-d\/","og_locale":"fr_FR","og_type":"article","og_title":"villa d - Bens Design","og_url":"http:\/\/bensdesign.ma\/new2\/villa-d\/","og_site_name":"Bens Design","article_modified_time":"2024-01-18T13:41:20+00:00","og_image":[{"url":"http:\/\/bensdesign.ma\/new2\/wp-content\/uploads\/2023\/10\/39-1024x576.jpg"}],"twitter_card":"summary_large_image","schema":{"@context":"https:\/\/schema.org","@graph":[{"@type":"WebPage","@id":"http:\/\/bensdesign.ma\/new2\/villa-d\/","url":"http:\/\/bensdesign.ma\/new2\/villa-d\/","name":"villa d - Bens Design","isPartOf":{"@id":"http:\/\/bensdesign.ma\/new2\/#website"},"primaryImageOfPage":{"@id":"http:\/\/bensdesign.ma\/new2\/villa-d\/#primaryimage"},"image":{"@id":"http:\/\/bensdesign.ma\/new2\/villa-d\/#primaryimage"},"thumbnailUrl":"http:\/\/bensdesign.ma\/new2\/wp-content\/uploads\/2023\/10\/39-1024x576.jpg","datePublished":"2023-10-05T15:47:31+00:00","dateModified":"2024-01-18T13:41:20+00:00","breadcrumb":{"@id":"http:\/\/bensdesign.ma\/new2\/villa-d\/#breadcrumb"},"inLanguage":"fr-FR","potentialAction":[{"@type":"ReadAction","target":["http:\/\/bensdesign.ma\/new2\/villa-d\/"]}]},{"@type":"ImageObject","inLanguage":"fr-FR","@id":"http:\/\/bensdesign.ma\/new2\/villa-d\/#primaryimage","url":"https:\/\/bensdesign.ma\/new2\/wp-content\/uploads\/2023\/10\/39-scaled.jpg","contentUrl":"https:\/\/bensdesign.ma\/new2\/wp-content\/uploads\/2023\/10\/39-scaled.jpg","width":2560,"height":1440},{"@type":"BreadcrumbList","@id":"http:\/\/bensdesign.ma\/new2\/villa-d\/#breadcrumb","itemListElement":[{"@type":"ListItem","position":1,"name":"Accueil","item":"http:\/\/bensdesign.ma\/new2\/"},{"@type":"ListItem","position":2,"name":"villa d"}]},{"@type":"WebSite","@id":"http:\/\/bensdesign.ma\/new2\/#website","url":"http:\/\/bensdesign.ma\/new2\/","name":"Bens Design","description":"Architecte d&#039;int\u00e9rieur | D\u00e9corateur d&#039;int\u00e9rieur | D\u00e9corateur","publisher":{"@id":"http:\/\/bensdesign.ma\/new2\/#organization"},"potentialAction":[{"@type":"SearchAction","target":{"@type":"EntryPoint","urlTemplate":"http:\/\/bensdesign.ma\/new2\/?s={search_term_string}"},"query-input":"required name=search_term_string"}],"inLanguage":"fr-FR"},{"@type":"Organization","@id":"http:\/\/bensdesign.ma\/new2\/#organization","name":"Bens Design","url":"http:\/\/bensdesign.ma\/new2\/","logo":{"@type":"ImageObject","inLanguage":"fr-FR","@id":"http:\/\/bensdesign.ma\/new2\/#\/schema\/logo\/image\/","url":"https:\/\/bensdesign.ma\/new2\/wp-content\/uploads\/2024\/01\/Sans-titre-1.png","contentUrl":"https:\/\/bensdesign.ma\/new2\/wp-content\/uploads\/2024\/01\/Sans-titre-1.png","width":721,"height":155,"caption":"Bens Design"},"image":{"@id":"http:\/\/bensdesign.ma\/new2\/#\/schema\/logo\/image\/"}}]}},"_links":{"self":[{"href":"https:\/\/bensdesign.ma\/new2\/wp-json\/wp\/v2\/pages\/3911","targetHints":{"allow":["GET"]}}],"collection":[{"href":"https:\/\/bensdesign.ma\/new2\/wp-json\/wp\/v2\/pages"}],"about":[{"href":"https:\/\/bensdesign.ma\/new2\/wp-json\/wp\/v2\/types\/page"}],"author":[{"embeddable":true,"href":"https:\/\/bensdesign.ma\/new2\/wp-json\/wp\/v2\/users\/1"}],"replies":[{"embeddable":true,"href":"https:\/\/bensdesign.ma\/new2\/wp-json\/wp\/v2\/comments?post=3911"}],"version-history":[{"count":10,"href":"https:\/\/bensdesign.ma\/new2\/wp-json\/wp\/v2\/pages\/3911\/revisions"}],"predecessor-version":[{"id":4305,"href":"https:\/\/bensdesign.ma\/new2\/wp-json\/wp\/v2\/pages\/3911\/revisions\/4305"}],"wp:attachment":[{"href":"https:\/\/bensdesign.ma\/new2\/wp-json\/wp\/v2\/media?parent=3911"}],"curies":[{"name":"wp","href":"https:\/\/api.w.org\/{rel}","templated":true}]}}